{"id":717156,"date":"2025-08-27T17:52:11","date_gmt":"2025-08-27T14:52:11","guid":{"rendered":"https:\/\/roveyayinevi.com.tr\/index.php\/urun\/suzuki-keman-3-bolum\/"},"modified":"2026-04-16T02:25:10","modified_gmt":"2026-04-15T23:25:10","slug":"suzuki-keman-3-bolum","status":"publish","type":"product","link":"https:\/\/roveyayinevi.com.tr\/index.php\/urun\/suzuki-keman-3-bolum\/","title":{"rendered":"Suzuki Keman 3. B\u00f6l\u00fcm"},"content":{"rendered":"<p>Bu b\u00f6l\u00fcm d\u00fcnya \u00e7ap\u0131nda tercih edilen suzuki \u00f6\u011fretme metodunun bir par\u00e7as\u0131d\u0131r. Etkili bir suzuki \u00f6\u011fretmeni olmak i\u00e7in s\u00fcrekli \u00e7al\u0131\u015fma ve e\u011fitim gereklidir. T\u00fcm b\u00f6lgesel suzuki kurumlar\u0131 konferanslar enstit\u00fcler ,k\u0131sa ve uzun d\u00f6nemli programlar yoluyla \u00f6\u011fretmen e\u011fitimi ve geli\u015fimi konusunda \u00fcyelerine destek sa\u011flamaktad\u0131r. T\u00fcm \u00f6\u011fretmenlering\u00fcncel kalmalar\u0131 i\u00e7in kendi b\u00f6lgelerindeki Suzuki Derne\u011fine e\u011fer yoksa Uluslararas\u0131 Suzuki Derne\u011fine \u00fcye olmalar\u0131 tavsiye edilir. Tercih etti\u011finiz her Suzuki e\u011fitmeni i\u00e7in sertifika zorunludur. Suzuki Metodu nun \u00f6\u011fretimi ile ilgili olarak \u00f6\u011fretmeninize sertifikal\u0131 olup olmad\u0131\u011f\u0131n\u0131z\u0131 sorman\u0131z\u0131 tavsiye ediyoruz. Suzuki Metod deneyimi \u00e7ocuk ebeveyn ve \u00f6\u011fretmen aras\u0131nda olumlu bir ili\u015fki geli\u015ftirmelidir. Do\u011fru \u00f6\u011fretmense\u00e7imi bu y\u00fczden son derece \u00f6nemlidir.<\/p>\n","protected":false},"excerpt":{"rendered":"<p>Bu b\u00f6l\u00fcm d\u00fcnya \u00e7ap\u0131nda tercih edilen suzuki \u00f6\u011fretme metodunun bir par\u00e7as\u0131d\u0131r. Etkili bir suzuki \u00f6\u011fretmeni olmak i\u00e7in s\u00fcrekli \u00e7al\u0131\u015fma ve e\u011fitim gereklidir. T\u00fcm b\u00f6lgesel suzuki kurumlar\u0131<span class=\"excerpt-hellip\"> [\u2026]<\/span><\/p>\n","protected":false},"featured_media":0,"template":"","meta":{"_monsterinsights_skip_tracking":false,"_monsterinsights_sitenote_active":false,"_monsterinsights_sitenote_note":"","_monsterinsights_sitenote_category":0},"product_brand":[],"product_cat":[14556,14557],"product_tag":[],"class_list":{"0":"post-717156","1":"product","2":"type-product","3":"status-publish","5":"product_cat-muzik","6":"product_cat-nota-kitaplari","7":"pa_cilt-ciltsiz","8":"pa_tur-kitap","9":"pa_yayinevi-porte-muzik-egitim-merkezi","10":"pa_yazar-schichi-suzuki","12":"first","13":"instock","14":"sale","15":"shipping-taxable","16":"purchasable","17":"product-type-simple"},"_links":{"self":[{"href":"https:\/\/roveyayinevi.com.tr\/index.php\/wp-json\/wp\/v2\/product\/717156","targetHints":{"allow":["GET"]}}],"collection":[{"href":"https:\/\/roveyayinevi.com.tr\/index.php\/wp-json\/wp\/v2\/product"}],"about":[{"href":"https:\/\/roveyayinevi.com.tr\/index.php\/wp-json\/wp\/v2\/types\/product"}],"wp:attachment":[{"href":"https:\/\/roveyayinevi.com.tr\/index.php\/wp-json\/wp\/v2\/media?parent=717156"}],"wp:term":[{"taxonomy":"product_brand","embeddable":true,"href":"https:\/\/roveyayinevi.com.tr\/index.php\/wp-json\/wp\/v2\/product_brand?post=717156"},{"taxonomy":"product_cat","embeddable":true,"href":"https:\/\/roveyayinevi.com.tr\/index.php\/wp-json\/wp\/v2\/product_cat?post=717156"},{"taxonomy":"product_tag","embeddable":true,"href":"https:\/\/roveyayinevi.com.tr\/index.php\/wp-json\/wp\/v2\/product_tag?post=717156"}],"curies":[{"name":"wp","href":"https:\/\/api.w.org\/{rel}","templated":true}]}}