{"id":717154,"date":"2025-08-27T17:52:10","date_gmt":"2025-08-27T14:52:10","guid":{"rendered":"https:\/\/roveyayinevi.com.tr\/index.php\/urun\/turk-kamu-yonetiminde-stratejik-yonetim-ve-politigi-bir-kamu-kurumu-orneginde\/"},"modified":"2026-04-16T02:25:10","modified_gmt":"2026-04-15T23:25:10","slug":"turk-kamu-yonetiminde-stratejik-yonetim-ve-politigi-bir-kamu-kurumu-orneginde","status":"publish","type":"product","link":"https:\/\/roveyayinevi.com.tr\/index.php\/urun\/turk-kamu-yonetiminde-stratejik-yonetim-ve-politigi-bir-kamu-kurumu-orneginde\/","title":{"rendered":"T\u00fcrk Kamu Y\u00f6netiminde Stratejik Y\u00f6netim ve Politi\u011fi: Bir Kamu Kurumu \u00d6rne\u011finde"},"content":{"rendered":"<p>Giri\u015fKamu y\u00f6netimi etkileyen yeni yakla\u015f\u0131mlarStratejik y\u00f6netimT\u00fcrk kamu y\u00f6netiminde stratejik y\u00f6netim Bir kamu kurumu \u00f6rne\u011finde stratejik y\u00f6netim ve politi\u011fi ara\u015ft\u0131rmas\u0131Sonu\u00e7c<\/p>\n","protected":false},"excerpt":{"rendered":"<p>Giri\u015fKamu y\u00f6netimi etkileyen yeni yakla\u015f\u0131mlarStratejik y\u00f6netimT\u00fcrk kamu y\u00f6netiminde stratejik y\u00f6netim Bir kamu kurumu \u00f6rne\u011finde stratejik y\u00f6netim ve politi\u011fi ara\u015ft\u0131rmas\u0131Sonu\u00e7c<\/p>\n","protected":false},"featured_media":0,"template":"","meta":{"_monsterinsights_skip_tracking":false,"_monsterinsights_sitenote_active":false,"_monsterinsights_sitenote_note":"","_monsterinsights_sitenote_category":0},"product_brand":[],"product_cat":[13059,12337],"product_tag":[],"class_list":{"0":"post-717154","1":"product","2":"type-product","3":"status-publish","5":"product_cat-diger-politika-siyaset","6":"product_cat-politika-siyaset","7":"pa_cilt-ciltsiz","8":"pa_tur-kitap","9":"pa_yayinevi-gazi-kitabevi","10":"pa_yazar-pasa-bozkurt","12":"first","13":"instock","14":"sale","15":"shipping-taxable","16":"purchasable","17":"product-type-simple"},"_links":{"self":[{"href":"https:\/\/roveyayinevi.com.tr\/index.php\/wp-json\/wp\/v2\/product\/717154","targetHints":{"allow":["GET"]}}],"collection":[{"href":"https:\/\/roveyayinevi.com.tr\/index.php\/wp-json\/wp\/v2\/product"}],"about":[{"href":"https:\/\/roveyayinevi.com.tr\/index.php\/wp-json\/wp\/v2\/types\/product"}],"wp:attachment":[{"href":"https:\/\/roveyayinevi.com.tr\/index.php\/wp-json\/wp\/v2\/media?parent=717154"}],"wp:term":[{"taxonomy":"product_brand","embeddable":true,"href":"https:\/\/roveyayinevi.com.tr\/index.php\/wp-json\/wp\/v2\/product_brand?post=717154"},{"taxonomy":"product_cat","embeddable":true,"href":"https:\/\/roveyayinevi.com.tr\/index.php\/wp-json\/wp\/v2\/product_cat?post=717154"},{"taxonomy":"product_tag","embeddable":true,"href":"https:\/\/roveyayinevi.com.tr\/index.php\/wp-json\/wp\/v2\/product_tag?post=717154"}],"curies":[{"name":"wp","href":"https:\/\/api.w.org\/{rel}","templated":true}]}}