{"id":717152,"date":"2025-08-27T17:52:08","date_gmt":"2025-08-27T14:52:08","guid":{"rendered":"https:\/\/roveyayinevi.com.tr\/index.php\/urun\/alita-savas-melegi-demir-kent\/"},"modified":"2026-04-16T02:25:10","modified_gmt":"2026-04-15T23:25:10","slug":"alita-savas-melegi-demir-kent","status":"publish","type":"product","link":"https:\/\/roveyayinevi.com.tr\/index.php\/urun\/alita-savas-melegi-demir-kent\/","title":{"rendered":"Al\u0131ta Sava\u015f Mele\u011fi -Demir Kent"},"content":{"rendered":"<p>B\u00fcy\u00fck Sava\u015f \u00e7ok uzun zaman \u00f6nce ya\u015fand\u0131. Sava\u015f\u0131n sebepleri zamanla unutulup gitti. Harap olmu\u015f D\u00fcnya y\u00fczeyinde, u\u00e7an g\u00f6ky\u00fcz\u00fc kentinde ya\u015fayanlar\u0131n at\u0131lan \u00e7\u00f6plerinin aras\u0131nda bir metropol y\u00fckseldi. Demir Kent&#8217;e ho\u015f geldiniz. Siborglar\u0131 tamir etmekte uzman Ido ad\u0131nda yaln\u0131z bir doktor, Demir Kent sakinlerine yard\u0131m etmek i\u00e7in elinden geleni yapar. Ama Ido\u2019nun ikinci bir hayat\u0131 daha vard\u0131r, k\u0131r\u0131lan kalbinin par\u00e7alar\u0131ndan do\u011fan ba\u015fka bir ki\u015filik. Su\u00e7 dolu bir ya\u015famdan kurtulmay\u0131 ba\u015farm\u0131\u015f Hugo ad\u0131nda gen\u00e7 bir adam, g\u00f6z\u00fcn\u00fc son bir vurguna diker: Kendi ge\u00e7mi\u015finden s\u0131rlar\u0131 \u00e7\u00f6zecek bir nesneye. Ve \u015fehrin en g\u00fc\u00e7l\u00fc i\u015finsan\u0131 Vector, Demir Kent&#8217;in gelece\u011fini sonsuza dek de\u011fi\u015ftirecek yepyeni bir teknolojiye odaklan\u0131r\u2026 <\/p>\n","protected":false},"excerpt":{"rendered":"<p>B\u00fcy\u00fck Sava\u015f \u00e7ok uzun zaman \u00f6nce ya\u015fand\u0131. Sava\u015f\u0131n sebepleri zamanla unutulup gitti. Harap olmu\u015f D\u00fcnya y\u00fczeyinde, u\u00e7an g\u00f6ky\u00fcz\u00fc kentinde ya\u015fayanlar\u0131n at\u0131lan \u00e7\u00f6plerinin aras\u0131nda bir metropol y\u00fckseldi.<span class=\"excerpt-hellip\"> [\u2026]<\/span><\/p>\n","protected":false},"featured_media":0,"template":"","meta":{"_monsterinsights_skip_tracking":false,"_monsterinsights_sitenote_active":false,"_monsterinsights_sitenote_note":"","_monsterinsights_sitenote_category":0},"product_brand":[],"product_cat":[12291,14777],"product_tag":[],"class_list":{"0":"post-717152","1":"product","2":"type-product","3":"status-publish","5":"product_cat-edebiyat","6":"product_cat-fantastik","7":"pa_cilt-ciltsiz","8":"pa_tur-kitap","9":"pa_yayinevi-epsilon-yayinlari","10":"pa_yazar-pat-cadigan","12":"first","13":"instock","14":"sale","15":"shipping-taxable","16":"purchasable","17":"product-type-simple"},"_links":{"self":[{"href":"https:\/\/roveyayinevi.com.tr\/index.php\/wp-json\/wp\/v2\/product\/717152","targetHints":{"allow":["GET"]}}],"collection":[{"href":"https:\/\/roveyayinevi.com.tr\/index.php\/wp-json\/wp\/v2\/product"}],"about":[{"href":"https:\/\/roveyayinevi.com.tr\/index.php\/wp-json\/wp\/v2\/types\/product"}],"wp:attachment":[{"href":"https:\/\/roveyayinevi.com.tr\/index.php\/wp-json\/wp\/v2\/media?parent=717152"}],"wp:term":[{"taxonomy":"product_brand","embeddable":true,"href":"https:\/\/roveyayinevi.com.tr\/index.php\/wp-json\/wp\/v2\/product_brand?post=717152"},{"taxonomy":"product_cat","embeddable":true,"href":"https:\/\/roveyayinevi.com.tr\/index.php\/wp-json\/wp\/v2\/product_cat?post=717152"},{"taxonomy":"product_tag","embeddable":true,"href":"https:\/\/roveyayinevi.com.tr\/index.php\/wp-json\/wp\/v2\/product_tag?post=717152"}],"curies":[{"name":"wp","href":"https:\/\/api.w.org\/{rel}","templated":true}]}}