{"id":717148,"date":"2025-08-27T17:52:06","date_gmt":"2025-08-27T14:52:06","guid":{"rendered":"https:\/\/roveyayinevi.com.tr\/index.php\/urun\/baldan-tatli-oykuler-3\/"},"modified":"2026-04-16T02:25:10","modified_gmt":"2026-04-15T23:25:10","slug":"baldan-tatli-oykuler-3","status":"publish","type":"product","link":"https:\/\/roveyayinevi.com.tr\/index.php\/urun\/baldan-tatli-oykuler-3\/","title":{"rendered":"Baldan Tatl\u0131 \u00d6yk\u00fcler &#8211; 3"},"content":{"rendered":"<p>C\u00fcneyd Suavi, \u00e7eyrek as\u0131rdan bu yana herkes i\u00e7in yazd\u0131\u011f\u0131 s\u0131cac\u0131k \u00f6yk\u00fclerini, elinizde tuttu\u011funuz \u2018Baldan Tatl\u0131 \u00d6yk\u00fcler-3\u2019de bu sefer \u00e7ocuklar i\u00e7in yaz\u0131yor. Ve \u015fu d\u00fcnyaya k\u00fc\u00e7\u00fcklerin g\u00f6z\u00fcyle bak\u0131p; karde\u015fli\u011fi, payla\u015fmay\u0131, iyilik ve do\u011frulu\u011fu, duan\u0131n g\u00fcc\u00fcn\u00fc anlat\u0131yor onlara. Bize ait de\u011ferleri yine s\u0131cak bir \u00fcslupla pe\u015f pe\u015fe s\u0131ralay\u0131p, k\u00fc\u00e7\u00fckleri b\u00fcy\u00fcten ger\u00e7ekleri g\u00f6steriyor. B\u00f6ylelikle \u00e7ocuklar\u0131n g\u00f6n\u00fcl d\u00fcnyalar\u0131na seslenirken, \u201cger\u00e7ek insan\u201d olman\u0131n form\u00fcllerini veriyor.B\u00fcy\u00fcklere gelince\u2026Eminiz ki onlar da bu \u00f6yk\u00fcleri okuyunca \u00e7ocukluk y\u0131llar\u0131ndaki bir\u00e7ok g\u00fczelli\u011fi tekrar ya\u015fayacaklar. Bazen bir cennet deresi yan\u0131nda piknik yap\u0131p, dedeleriyle birlikte tuttuklar\u0131 bal\u0131klar\u0131 pi\u015firecekler. Bazen de \u00e7al\u0131\u015fman\u0131n, emek vermenin de\u011ferini anlayacaklar.\u2018Baldan Tatl\u0131 \u00d6yk\u00fcler-3\u2019de \u015fimdi ancak r\u00fcyalarda g\u00f6r\u00fclecek manzaralar bulacaks\u0131n\u0131z. Bu esrarengiz d\u00fcnyaya hep beraber girelim isterseniz.<\/p>\n","protected":false},"excerpt":{"rendered":"<p>C\u00fcneyd Suavi, \u00e7eyrek as\u0131rdan bu yana herkes i\u00e7in yazd\u0131\u011f\u0131 s\u0131cac\u0131k \u00f6yk\u00fclerini, elinizde tuttu\u011funuz \u2018Baldan Tatl\u0131 \u00d6yk\u00fcler-3\u2019de bu sefer \u00e7ocuklar i\u00e7in yaz\u0131yor. Ve \u015fu d\u00fcnyaya k\u00fc\u00e7\u00fcklerin g\u00f6z\u00fcyle<span class=\"excerpt-hellip\"> [\u2026]<\/span><\/p>\n","protected":false},"featured_media":0,"template":"","meta":{"_monsterinsights_skip_tracking":false,"_monsterinsights_sitenote_active":false,"_monsterinsights_sitenote_note":"","_monsterinsights_sitenote_category":0},"product_brand":[],"product_cat":[12274,12284],"product_tag":[],"class_list":{"0":"post-717148","1":"product","2":"type-product","3":"status-publish","5":"product_cat-cocuk-ve-genclik-kitaplari","6":"product_cat-hikayeler","7":"pa_cilt-ciltsiz","8":"pa_tur-kitap","9":"pa_yayinevi-timas-cocuk","10":"pa_yazar-cuneyd-suavi","12":"first","13":"instock","14":"sale","15":"shipping-taxable","16":"purchasable","17":"product-type-simple"},"_links":{"self":[{"href":"https:\/\/roveyayinevi.com.tr\/index.php\/wp-json\/wp\/v2\/product\/717148","targetHints":{"allow":["GET"]}}],"collection":[{"href":"https:\/\/roveyayinevi.com.tr\/index.php\/wp-json\/wp\/v2\/product"}],"about":[{"href":"https:\/\/roveyayinevi.com.tr\/index.php\/wp-json\/wp\/v2\/types\/product"}],"wp:attachment":[{"href":"https:\/\/roveyayinevi.com.tr\/index.php\/wp-json\/wp\/v2\/media?parent=717148"}],"wp:term":[{"taxonomy":"product_brand","embeddable":true,"href":"https:\/\/roveyayinevi.com.tr\/index.php\/wp-json\/wp\/v2\/product_brand?post=717148"},{"taxonomy":"product_cat","embeddable":true,"href":"https:\/\/roveyayinevi.com.tr\/index.php\/wp-json\/wp\/v2\/product_cat?post=717148"},{"taxonomy":"product_tag","embeddable":true,"href":"https:\/\/roveyayinevi.com.tr\/index.php\/wp-json\/wp\/v2\/product_tag?post=717148"}],"curies":[{"name":"wp","href":"https:\/\/api.w.org\/{rel}","templated":true}]}}