{"id":717144,"date":"2025-08-27T17:52:03","date_gmt":"2025-08-27T14:52:03","guid":{"rendered":"https:\/\/roveyayinevi.com.tr\/index.php\/urun\/arkadaslik-ormani-pop-up-ile-kesfet-ciltli\/"},"modified":"2026-04-16T02:25:10","modified_gmt":"2026-04-15T23:25:10","slug":"arkadaslik-ormani-pop-up-ile-kesfet-ciltli","status":"publish","type":"product","link":"https:\/\/roveyayinevi.com.tr\/index.php\/urun\/arkadaslik-ormani-pop-up-ile-kesfet-ciltli\/","title":{"rendered":"Arkada\u015fl\u0131k Orman\u0131 &#8211; Pop-Up \u0130le Ke\u015ffet (Ciltli)"},"content":{"rendered":"<p>Arkada\u015fl\u0131k Orman\u0131\u2019nda dostlar\u0131m\u0131z\u0131n heyecanl\u0131 ser\u00fcvenine kat\u0131lmaya ne dersin? Hareketli kitab\u0131m\u0131zda, s\u00fcrprizlerle dolu, a\u00e7\u0131lan pencere ve pop-up e\u011flencesiyle, merak uyand\u0131ran bir arkada\u015fl\u0131k hikayesi seni bekliyor.E\u011flenceli ser\u00fcvenler ne g\u00fczelHaydi sen de bizimle gelMerak, ke\u015fif ve hayalT\u00fcm \u00e7ocuklar\u0131 mutlu eder.<\/p>\n","protected":false},"excerpt":{"rendered":"<p>Arkada\u015fl\u0131k Orman\u0131\u2019nda dostlar\u0131m\u0131z\u0131n heyecanl\u0131 ser\u00fcvenine kat\u0131lmaya ne dersin? Hareketli kitab\u0131m\u0131zda, s\u00fcrprizlerle dolu, a\u00e7\u0131lan pencere ve pop-up e\u011flencesiyle, merak uyand\u0131ran bir arkada\u015fl\u0131k hikayesi seni bekliyor.E\u011flenceli ser\u00fcvenler ne<span class=\"excerpt-hellip\"> [\u2026]<\/span><\/p>\n","protected":false},"featured_media":0,"template":"","meta":{"_monsterinsights_skip_tracking":false,"_monsterinsights_sitenote_active":false,"_monsterinsights_sitenote_note":"","_monsterinsights_sitenote_category":0},"product_brand":[],"product_cat":[12274,12518],"product_tag":[],"class_list":{"0":"post-717144","1":"product","2":"type-product","3":"status-publish","5":"product_cat-cocuk-ve-genclik-kitaplari","6":"product_cat-okul-oncesi-kitaplar","7":"pa_cilt-ciltli","8":"pa_tur-kitap","9":"pa_yayinevi-sincap-kitap","10":"pa_yazar-sacide-kafali","12":"first","13":"instock","14":"sale","15":"shipping-taxable","16":"purchasable","17":"product-type-simple"},"_links":{"self":[{"href":"https:\/\/roveyayinevi.com.tr\/index.php\/wp-json\/wp\/v2\/product\/717144","targetHints":{"allow":["GET"]}}],"collection":[{"href":"https:\/\/roveyayinevi.com.tr\/index.php\/wp-json\/wp\/v2\/product"}],"about":[{"href":"https:\/\/roveyayinevi.com.tr\/index.php\/wp-json\/wp\/v2\/types\/product"}],"wp:attachment":[{"href":"https:\/\/roveyayinevi.com.tr\/index.php\/wp-json\/wp\/v2\/media?parent=717144"}],"wp:term":[{"taxonomy":"product_brand","embeddable":true,"href":"https:\/\/roveyayinevi.com.tr\/index.php\/wp-json\/wp\/v2\/product_brand?post=717144"},{"taxonomy":"product_cat","embeddable":true,"href":"https:\/\/roveyayinevi.com.tr\/index.php\/wp-json\/wp\/v2\/product_cat?post=717144"},{"taxonomy":"product_tag","embeddable":true,"href":"https:\/\/roveyayinevi.com.tr\/index.php\/wp-json\/wp\/v2\/product_tag?post=717144"}],"curies":[{"name":"wp","href":"https:\/\/api.w.org\/{rel}","templated":true}]}}