{"id":717139,"date":"2025-08-27T17:52:00","date_gmt":"2025-08-27T14:52:00","guid":{"rendered":"https:\/\/roveyayinevi.com.tr\/index.php\/urun\/gozlerin-hidayeti-kurtulmuslarin-resmi\/"},"modified":"2026-04-16T02:25:10","modified_gmt":"2026-04-15T23:25:10","slug":"gozlerin-hidayeti-kurtulmuslarin-resmi","status":"publish","type":"product","link":"https:\/\/roveyayinevi.com.tr\/index.php\/urun\/gozlerin-hidayeti-kurtulmuslarin-resmi\/","title":{"rendered":"G\u00f6zlerin Hidayeti &#8211; Kurtulmu\u015flar\u0131n Resmi"},"content":{"rendered":"<p>Alan\u0131nda g\u00f6z kama\u015ft\u0131r\u0131c\u0131 esaslar arzeden bu kitab\u0131n, bulu\u015ftu\u011fu okuyucusunu sarsaca\u011f\u0131na hi\u00e7 ku\u015fkumuz yoktur. \u00c7\u00fcnk\u00fc bu kitab\u0131n i\u00e7eri\u011fi hak s\u0131rlar\u0131yla bezelidir ve Tanr\u0131 biliminin \u00f6zetinden daha fazla i\u00e7erik ta\u015f\u0131maktad\u0131r. Okurun kolay anlamas\u0131 i\u00e7in yeterli miktarda l\u00fcgat ile desteklenmi\u015ftir. Bu kitap tasavvuf t\u00fcr\u00fcn\u00fcn e\u015fsiz ve benzersiz bir \u00f6rne\u011fidir. Nesilden nesile g\u00fcn\u00fcm\u00fcze kadar gelen ve bize ula\u015fan g\u00fczide mertebede bir el yazmas\u0131 eserdir. <\/p>\n","protected":false},"excerpt":{"rendered":"<p>Alan\u0131nda g\u00f6z kama\u015ft\u0131r\u0131c\u0131 esaslar arzeden bu kitab\u0131n, bulu\u015ftu\u011fu okuyucusunu sarsaca\u011f\u0131na hi\u00e7 ku\u015fkumuz yoktur. \u00c7\u00fcnk\u00fc bu kitab\u0131n i\u00e7eri\u011fi hak s\u0131rlar\u0131yla bezelidir ve Tanr\u0131 biliminin \u00f6zetinden daha fazla<span class=\"excerpt-hellip\"> [\u2026]<\/span><\/p>\n","protected":false},"featured_media":0,"template":"","meta":{"_monsterinsights_skip_tracking":false,"_monsterinsights_sitenote_active":false,"_monsterinsights_sitenote_note":"","_monsterinsights_sitenote_category":0},"product_brand":[],"product_cat":[12291,12711],"product_tag":[],"class_list":{"0":"post-717139","1":"product","2":"type-product","3":"status-publish","5":"product_cat-edebiyat","6":"product_cat-roman-oyku","7":"pa_cilt-ciltsiz","8":"pa_tur-kitap","9":"pa_yayinevi-luna-yayinlari","10":"pa_yazar-haydar-sahin-fatima-ozcan","12":"first","13":"instock","14":"sale","15":"shipping-taxable","16":"purchasable","17":"product-type-simple"},"_links":{"self":[{"href":"https:\/\/roveyayinevi.com.tr\/index.php\/wp-json\/wp\/v2\/product\/717139","targetHints":{"allow":["GET"]}}],"collection":[{"href":"https:\/\/roveyayinevi.com.tr\/index.php\/wp-json\/wp\/v2\/product"}],"about":[{"href":"https:\/\/roveyayinevi.com.tr\/index.php\/wp-json\/wp\/v2\/types\/product"}],"wp:attachment":[{"href":"https:\/\/roveyayinevi.com.tr\/index.php\/wp-json\/wp\/v2\/media?parent=717139"}],"wp:term":[{"taxonomy":"product_brand","embeddable":true,"href":"https:\/\/roveyayinevi.com.tr\/index.php\/wp-json\/wp\/v2\/product_brand?post=717139"},{"taxonomy":"product_cat","embeddable":true,"href":"https:\/\/roveyayinevi.com.tr\/index.php\/wp-json\/wp\/v2\/product_cat?post=717139"},{"taxonomy":"product_tag","embeddable":true,"href":"https:\/\/roveyayinevi.com.tr\/index.php\/wp-json\/wp\/v2\/product_tag?post=717139"}],"curies":[{"name":"wp","href":"https:\/\/api.w.org\/{rel}","templated":true}]}}