{"id":717138,"date":"2025-08-27T17:51:59","date_gmt":"2025-08-27T14:51:59","guid":{"rendered":"https:\/\/roveyayinevi.com.tr\/index.php\/urun\/karsioylarim\/"},"modified":"2026-04-16T02:25:10","modified_gmt":"2026-04-15T23:25:10","slug":"karsioylarim","status":"publish","type":"product","link":"https:\/\/roveyayinevi.com.tr\/index.php\/urun\/karsioylarim\/","title":{"rendered":"Kar\u015f\u0131oylar\u0131m"},"content":{"rendered":"<p>&#8220;Kar\u015f\u0131oylar\u0131m&#8221;; ezberlenmi\u015f kabullere, d\u00fc\u015f\u00fcnmeden, sorgulamadan teslim olmaya onurlu bir direni\u015f, \u00e7o\u011funlu\u011fa uyman\u0131n kolayc\u0131l\u0131\u011f\u0131na kar\u015f\u0131 entelekt\u00fcel bir duru\u015f, hukukun, kural ve kavramlar\u0131yla evrensel d\u00fcnyan\u0131n ortak mal\u0131 oldu\u011fu hat\u0131rlatmas\u0131yla, bunlar\u0131n geli\u015fig\u00fczel kullan\u0131lamayaca\u011f\u0131na dair uyar\u0131, hukukun, insan onurunu koruyan kurum oldu\u011fu i\u00e7in kutsal oldu\u011funu hayk\u0131ran \u00e7\u0131\u011fl\u0131k ve nihayet her ge\u00e7en g\u00fcn Bat\u0131l\u0131 \u00f6z\u00fcnden fedak\u00e2rl\u0131\u011fa zorlanarak ba\u015fkala\u015ft\u0131r\u0131lmas\u0131na, ayr\u0131 bir d\u00fcnyan\u0131n anla\u015f\u0131lmaz dili haline getirilmesine yak\u0131lan a\u011f\u0131tt\u0131r. &#8220;Kar\u015f\u0131oylar\u0131m&#8221;, Atat\u00fcrk\u00fcn hukuk devrimi ile yerle\u015ftirmek istedi\u011fi \u00e7a\u011fc\u0131l hukuk anlay\u0131\u015f\u0131n\u0131n, bir t\u00fcrl\u00fc adli sisteme egemen olamay\u0131\u015f\u0131na, hukukun yetersizlerin elinde dogmatik kal\u0131b\u0131na s\u0131k\u0131\u015f\u0131p kalmas\u0131na itirazd\u0131r.Okuyucunun ve ara\u015ft\u0131rmac\u0131lar\u0131n kar\u015f\u0131oy yaz\u0131lar\u0131na daha kolay ula\u015fmalar\u0131 i\u00e7in kar\u015f\u0131oy yaz\u0131lar\u0131, konular\u0131na g\u00f6re \u00fcst ba\u015fl\u0131klar alt\u0131nda toplanm\u0131\u015f. \u00c7al\u0131\u015fma kar\u015f\u0131oy yaz\u0131lar\u0131n\u0131n \u00fczerine kuruldu\u011fu i\u00e7in, \u015f\u00fcphesiz ki \u00f6ne \u00e7\u0131kan unsur kar\u015f\u0131oy yaz\u0131lar\u0131 olmu\u015f. Bu a\u00e7\u0131dan kar\u015f\u0131oy yaz\u0131lar\u0131 Yarg\u0131tay kararlar\u0131 ile kar\u015f\u0131oy yaz\u0131lar\u0131n\u0131n konular\u0131 \u00f6zetlenirken birbirini kar\u015f\u0131layacak \u015fekilde d\u00fczenlenmi\u015f.Baz\u0131 durumlarda kar\u015f\u0131oy yaz\u0131lar\u0131, kararlar\u0131n i\u00e7eri\u011fini a\u015fm\u0131\u015f, farkl\u0131 konulara da temas etmi\u015ftir. Bu gibi durumlarda kar\u015f\u0131oy yaz\u0131lar\u0131 temas etti\u011fi as\u0131l konu alt\u0131nda toplanm\u0131\u015f, konu ba\u015fl\u0131\u011f\u0131na yaz\u0131lamayan i\u00e7erik zenginli\u011fi ve konu ayr\u0131l\u0131\u011f\u0131, \u00e7al\u0131\u015fman\u0131n sonuna konulan kavram arama cetveli ile giderilmeye \u00e7al\u0131\u015f\u0131lm\u0131\u015f.<\/p>\n","protected":false},"excerpt":{"rendered":"<p>&#8220;Kar\u015f\u0131oylar\u0131m&#8221;; ezberlenmi\u015f kabullere, d\u00fc\u015f\u00fcnmeden, sorgulamadan teslim olmaya onurlu bir direni\u015f, \u00e7o\u011funlu\u011fa uyman\u0131n kolayc\u0131l\u0131\u011f\u0131na kar\u015f\u0131 entelekt\u00fcel bir duru\u015f, hukukun, kural ve kavramlar\u0131yla evrensel d\u00fcnyan\u0131n ortak mal\u0131 oldu\u011fu<span class=\"excerpt-hellip\"> [\u2026]<\/span><\/p>\n","protected":false},"featured_media":0,"template":"","meta":{"_monsterinsights_skip_tracking":false,"_monsterinsights_sitenote_active":false,"_monsterinsights_sitenote_note":"","_monsterinsights_sitenote_category":0},"product_brand":[],"product_cat":[15350,17602],"product_tag":[],"class_list":{"0":"post-717138","1":"product","2":"type-product","3":"status-publish","5":"product_cat-hukuk","6":"product_cat-hukuk-uzerine","7":"pa_cilt-ciltsiz","8":"pa_tur-kitap","9":"pa_yayinevi-hukuk-yayinlari","10":"pa_yazar-sami-selcuk","12":"first","13":"instock","14":"sale","15":"shipping-taxable","16":"purchasable","17":"product-type-simple"},"_links":{"self":[{"href":"https:\/\/roveyayinevi.com.tr\/index.php\/wp-json\/wp\/v2\/product\/717138","targetHints":{"allow":["GET"]}}],"collection":[{"href":"https:\/\/roveyayinevi.com.tr\/index.php\/wp-json\/wp\/v2\/product"}],"about":[{"href":"https:\/\/roveyayinevi.com.tr\/index.php\/wp-json\/wp\/v2\/types\/product"}],"wp:attachment":[{"href":"https:\/\/roveyayinevi.com.tr\/index.php\/wp-json\/wp\/v2\/media?parent=717138"}],"wp:term":[{"taxonomy":"product_brand","embeddable":true,"href":"https:\/\/roveyayinevi.com.tr\/index.php\/wp-json\/wp\/v2\/product_brand?post=717138"},{"taxonomy":"product_cat","embeddable":true,"href":"https:\/\/roveyayinevi.com.tr\/index.php\/wp-json\/wp\/v2\/product_cat?post=717138"},{"taxonomy":"product_tag","embeddable":true,"href":"https:\/\/roveyayinevi.com.tr\/index.php\/wp-json\/wp\/v2\/product_tag?post=717138"}],"curies":[{"name":"wp","href":"https:\/\/api.w.org\/{rel}","templated":true}]}}