{"id":717133,"date":"2025-08-27T17:51:56","date_gmt":"2025-08-27T14:51:56","guid":{"rendered":"https:\/\/roveyayinevi.com.tr\/index.php\/urun\/hatiralar-yuzyilimizda-yalniz-yolculugum\/"},"modified":"2026-04-16T02:25:10","modified_gmt":"2026-04-15T23:25:10","slug":"hatiralar-yuzyilimizda-yalniz-yolculugum","status":"publish","type":"product","link":"https:\/\/roveyayinevi.com.tr\/index.php\/urun\/hatiralar-yuzyilimizda-yalniz-yolculugum\/","title":{"rendered":"Hat\u0131ralar &#8211; Y\u00fczy\u0131l\u0131m\u0131zda Yaln\u0131z Yolculu\u011fum"},"content":{"rendered":"<p>\u201cBen ge\u00e7itlerden de ge\u00e7tim, \u00e7\u0131kmazlar\u0131 da ya\u015fad\u0131m. \u0130sterim ki, bunca m\u00fccadelenin, d\u00fc\u015f\u00fc\u015f\u00fcn ve yanl\u0131\u015f\u0131n, umudun ve karde\u015f\u00e7e bulu\u015fmalar\u0131n bana kazand\u0131rd\u0131klar\u0131 benimle g\u00f6m\u00fcl\u00fcp gitmesin.\u201d Fikir ve eylem adam\u0131 olarak 20. y\u00fczy\u0131la ad\u0131n\u0131 yazd\u0131ran Garaudy, elinizdeki kitab\u0131 bu c\u00fcmlelerle \u00f6zetliyor.Stalin\u2019den Nas\u0131r\u2019a, De Gaulle\u2019den Fidel Castro\u2019ya, Bachelard\u2019dan Jean-Paul Sartre\u2019a, Pablo Neruda\u2019dan Picasso\u2019ya nice \u00fcnl\u00fc devlet, d\u00fc\u015f\u00fcnce ve sanat adamlar\u0131yla g\u00f6r\u00fc\u015f\u00fcp tart\u0131\u015ft\u0131\u011f\u0131 meseleleri okuyucular\u0131yla payla\u015f\u0131yor.Yazar, ya\u015fad\u0131klar\u0131ndan hareketle kendisinin kim oldu\u011funu ve ne i\u00e7in ya\u015fad\u0131\u011f\u0131n\u0131 sorgularken; tespitleri, tahlilleri ve teklifleri ile gelece\u011fin d\u00fcnyas\u0131na da \u0131\u015f\u0131k tutuyor.G\u00fclery\u00fczl\u00fc bir gelece\u011fe \u00f6zlem duyanlar\u0131n heyecanla okuyacaklar\u0131 \u00e7ok \u00f6nemli hat\u0131ralar ve ger\u00e7ek anlamda bir temel eser\u2026 <\/p>\n","protected":false},"excerpt":{"rendered":"<p>\u201cBen ge\u00e7itlerden de ge\u00e7tim, \u00e7\u0131kmazlar\u0131 da ya\u015fad\u0131m. \u0130sterim ki, bunca m\u00fccadelenin, d\u00fc\u015f\u00fc\u015f\u00fcn ve yanl\u0131\u015f\u0131n, umudun ve karde\u015f\u00e7e bulu\u015fmalar\u0131n bana kazand\u0131rd\u0131klar\u0131 benimle g\u00f6m\u00fcl\u00fcp gitmesin.\u201d Fikir ve eylem<span class=\"excerpt-hellip\"> [\u2026]<\/span><\/p>\n","protected":false},"featured_media":0,"template":"","meta":{"_monsterinsights_skip_tracking":false,"_monsterinsights_sitenote_active":false,"_monsterinsights_sitenote_note":"","_monsterinsights_sitenote_category":0},"product_brand":[],"product_cat":[12370,12304],"product_tag":[],"class_list":{"0":"post-717133","1":"product","2":"type-product","3":"status-publish","5":"product_cat-arastirma-inceleme","6":"product_cat-tarih","7":"pa_cilt-ciltsiz","8":"pa_tur-kitap","9":"pa_yayinevi-timas-yayinlari","10":"pa_yazar-roger-garaudy","12":"first","13":"instock","14":"sale","15":"shipping-taxable","16":"purchasable","17":"product-type-simple"},"_links":{"self":[{"href":"https:\/\/roveyayinevi.com.tr\/index.php\/wp-json\/wp\/v2\/product\/717133","targetHints":{"allow":["GET"]}}],"collection":[{"href":"https:\/\/roveyayinevi.com.tr\/index.php\/wp-json\/wp\/v2\/product"}],"about":[{"href":"https:\/\/roveyayinevi.com.tr\/index.php\/wp-json\/wp\/v2\/types\/product"}],"wp:attachment":[{"href":"https:\/\/roveyayinevi.com.tr\/index.php\/wp-json\/wp\/v2\/media?parent=717133"}],"wp:term":[{"taxonomy":"product_brand","embeddable":true,"href":"https:\/\/roveyayinevi.com.tr\/index.php\/wp-json\/wp\/v2\/product_brand?post=717133"},{"taxonomy":"product_cat","embeddable":true,"href":"https:\/\/roveyayinevi.com.tr\/index.php\/wp-json\/wp\/v2\/product_cat?post=717133"},{"taxonomy":"product_tag","embeddable":true,"href":"https:\/\/roveyayinevi.com.tr\/index.php\/wp-json\/wp\/v2\/product_tag?post=717133"}],"curies":[{"name":"wp","href":"https:\/\/api.w.org\/{rel}","templated":true}]}}