{"id":717131,"date":"2025-08-27T17:51:55","date_gmt":"2025-08-27T14:51:55","guid":{"rendered":"https:\/\/roveyayinevi.com.tr\/index.php\/urun\/elektrikiz-ve-gorunmez-hirsizlar\/"},"modified":"2026-04-15T02:34:09","modified_gmt":"2026-04-14T23:34:09","slug":"elektrikiz-ve-gorunmez-hirsizlar","status":"publish","type":"product","link":"https:\/\/roveyayinevi.com.tr\/index.php\/urun\/elektrikiz-ve-gorunmez-hirsizlar\/","title":{"rendered":"Elektrik\u0131z ve G\u00f6r\u00fcnmez H\u0131rs\u0131zlar"},"content":{"rendered":"<p>Yar\u0131 Roman&#8230;Yar\u0131 \u00c7izgi Roman&#8230;Eskiden S\u0131radan Holly&#8217;dim&#8230; Ama \u015eimdi&#8230;S\u00fcper g\u00fc\u00e7lerim var!Garip \u015feyler oluyor! \u015eehirde bir su\u00e7 dalgas\u0131 yay\u0131l\u0131yor. Ayr\u0131ca en sevdi\u011fim tepedeki ye\u015fil s\u0131v\u0131 da neyin nesi?Tam da elektrik\u0131z\u2019a g\u00f6re bir i\u015f gibi duruyor!Ancak g\u00fc\u00e7lerimin kontrol\u00fcn\u00fc kaybetmeye ba\u015flad\u0131m! Off!San\u0131r\u0131m s\u00fcper kahraman tak\u0131m\u0131m\u0131 giyme zaman\u0131 geldi\u2026 Sadece bir pelerin giymeyece\u011fime s\u00f6z verin yeter!<\/p>\n","protected":false},"excerpt":{"rendered":"<p>Yar\u0131 Roman&#8230;Yar\u0131 \u00c7izgi Roman&#8230;Eskiden S\u0131radan Holly&#8217;dim&#8230; Ama \u015eimdi&#8230;S\u00fcper g\u00fc\u00e7lerim var!Garip \u015feyler oluyor! \u015eehirde bir su\u00e7 dalgas\u0131 yay\u0131l\u0131yor. Ayr\u0131ca en sevdi\u011fim tepedeki ye\u015fil s\u0131v\u0131 da neyin nesi?Tam<span class=\"excerpt-hellip\"> [\u2026]<\/span><\/p>\n","protected":false},"featured_media":0,"template":"","meta":{"_monsterinsights_skip_tracking":false,"_monsterinsights_sitenote_active":false,"_monsterinsights_sitenote_note":"","_monsterinsights_sitenote_category":0},"product_brand":[],"product_cat":[12291,12711],"product_tag":[],"class_list":{"0":"post-717131","1":"product","2":"type-product","3":"status-publish","5":"product_cat-edebiyat","6":"product_cat-roman-oyku","7":"pa_cilt-ciltsiz","8":"pa_tur-kitap","9":"pa_yayinevi-mavi-kirpi-yayinlari","10":"pa_yazar-jo-cotterill","12":"first","13":"instock","14":"sale","15":"shipping-taxable","16":"purchasable","17":"product-type-simple"},"_links":{"self":[{"href":"https:\/\/roveyayinevi.com.tr\/index.php\/wp-json\/wp\/v2\/product\/717131","targetHints":{"allow":["GET"]}}],"collection":[{"href":"https:\/\/roveyayinevi.com.tr\/index.php\/wp-json\/wp\/v2\/product"}],"about":[{"href":"https:\/\/roveyayinevi.com.tr\/index.php\/wp-json\/wp\/v2\/types\/product"}],"wp:attachment":[{"href":"https:\/\/roveyayinevi.com.tr\/index.php\/wp-json\/wp\/v2\/media?parent=717131"}],"wp:term":[{"taxonomy":"product_brand","embeddable":true,"href":"https:\/\/roveyayinevi.com.tr\/index.php\/wp-json\/wp\/v2\/product_brand?post=717131"},{"taxonomy":"product_cat","embeddable":true,"href":"https:\/\/roveyayinevi.com.tr\/index.php\/wp-json\/wp\/v2\/product_cat?post=717131"},{"taxonomy":"product_tag","embeddable":true,"href":"https:\/\/roveyayinevi.com.tr\/index.php\/wp-json\/wp\/v2\/product_tag?post=717131"}],"curies":[{"name":"wp","href":"https:\/\/api.w.org\/{rel}","templated":true}]}}