{"id":717130,"date":"2025-08-27T17:51:54","date_gmt":"2025-08-27T14:51:54","guid":{"rendered":"https:\/\/roveyayinevi.com.tr\/index.php\/urun\/ates-hatti-mechul-bir-askerin-gunlugu-agustos-eylul-1914\/"},"modified":"2026-04-16T02:25:10","modified_gmt":"2026-04-15T23:25:10","slug":"ates-hatti-mechul-bir-askerin-gunlugu-agustos-eylul-1914","status":"publish","type":"product","link":"https:\/\/roveyayinevi.com.tr\/index.php\/urun\/ates-hatti-mechul-bir-askerin-gunlugu-agustos-eylul-1914\/","title":{"rendered":"Ate\u015f Hatt\u0131 ! &#8211; Me\u00e7hul Bir Askerin G\u00fcnl\u00fc\u011f\u00fc (A\u011fustos-Eyl\u00fcl 1914)"},"content":{"rendered":"<p>irinci D\u00fcnya Sava\u015f\u0131\u2019na Me\u00e7hul Bir Askerin G\u00f6z\u00fcnden Bakmak\u2026Yazar ve ill\u00fcstrat\u00f6r Barroux\u2019nun, tesad\u00fcf eseri Paris\u2019teki bir \u00e7\u00f6p y\u0131\u011f\u0131n\u0131nda bulup kitapla\u015ft\u0131rd\u0131\u011f\u0131 Ate\u015f Hatt\u0131: Me\u00e7hul Bir Askerin G\u00fcnl\u00fc\u011f\u00fc, seferberlikle silah alt\u0131na al\u0131nm\u0131\u015f bir Frans\u0131z askerinin Birinci D\u00fcnya Sava\u015f\u0131\u2019n\u0131n ilk iki ay\u0131nda tuttu\u011fu g\u00fcnceyi g\u00fcn\u00fcm\u00fcze ula\u015ft\u0131r\u0131yor.\u0130simsiz askerin sava\u015f izlenimlerini etkileyici \u00e7izimler e\u015fli\u011finde bir grafik romana d\u00f6n\u00fc\u015ft\u00fcren Barroux, sava\u015f\u0131n beraberinde getirdi\u011fi ayr\u0131l\u0131\u011fa, \u00f6zleme, belirsizli\u011fe, ac\u0131 ve korkuya de\u011finerek, i\u00e7ten bir tan\u0131kl\u0131k \u00f6yk\u00fcs\u00fc anlat\u0131yor.S\u0131rad\u0131\u015f\u0131 ke\u015ffedili\u015f hik\u00e2yesiyle her ya\u015ftan okurun ilgisini cezbedecek Ate\u015f Hatt\u0131: Me\u00e7hul Bir Askerin G\u00fcnl\u00fc\u011f\u00fc, sava\u015f\u0131n s\u0131k\u00e7a ele al\u0131nan kanl\u0131 y\u00fcz\u00fcnden ziyade, s\u0131radan bir askerin i\u00e7 d\u00fcnyas\u0131nda olup bitenlere ve g\u00fcndelik ya\u015fant\u0131s\u0131na odaklanarak belgesel bir metin olma \u00f6zelli\u011fi ta\u015f\u0131yor.Sahi, \u201c\u015eu g\u00f6rd\u00fc\u011f\u00fcm\u00fcz askerlerden ka\u00e7\u0131 yuvas\u0131na d\u00f6nebilecek?\u201d, \u201cBuradan sa\u011f \u00e7\u0131kabilecek miyiz?\u201d, \u201cNe zaman duraca\u011f\u0131z?\u201d Herkesin Noel\u2019e kalmadan bitece\u011fini d\u00fc\u015f\u00fcnd\u00fc\u011f\u00fc Birinci D\u00fcnya Sava\u015f\u0131 d\u00f6rt y\u0131ldan uzun s\u00fcrd\u00fc. Gidenlerden \u00e7ok az\u0131 geri d\u00f6nmeyi ba\u015farabildi. Kimisi gelecek d\u00fc\u015flerini sonsuzlu\u011fa g\u00f6md\u00fc, kimisi ya\u015fad\u0131klar\u0131n\u0131 bir bir k\u00e2\u011f\u0131da d\u00f6kt\u00fc. \u00dcstelik gelece\u011fe dair umudu asla yitirmeden\u2026Yola \u00e7\u0131k\u0131\u015f g\u00fcn\u00fc geldi. Seferberlik ilan edildi; gitmeli, e\u015fini, \u00e7ocuklar\u0131n\u0131, aileni ard\u0131nda b\u0131rakmal\u0131. Cesaretim var, olmas\u0131 \u015fart. Saat 9. Bitti, herkese elveda. Hay\u0131r, sadece ho\u015f\u00e7a kal\u0131n. Ne de olsa tekrar g\u00f6r\u00fc\u015fece\u011fiz.<\/p>\n","protected":false},"excerpt":{"rendered":"<p>irinci D\u00fcnya Sava\u015f\u0131\u2019na Me\u00e7hul Bir Askerin G\u00f6z\u00fcnden Bakmak\u2026Yazar ve ill\u00fcstrat\u00f6r Barroux\u2019nun, tesad\u00fcf eseri Paris\u2019teki bir \u00e7\u00f6p y\u0131\u011f\u0131n\u0131nda bulup kitapla\u015ft\u0131rd\u0131\u011f\u0131 Ate\u015f Hatt\u0131: Me\u00e7hul Bir Askerin G\u00fcnl\u00fc\u011f\u00fc, seferberlikle<span class=\"excerpt-hellip\"> [\u2026]<\/span><\/p>\n","protected":false},"featured_media":0,"template":"","meta":{"_monsterinsights_skip_tracking":false,"_monsterinsights_sitenote_active":false,"_monsterinsights_sitenote_note":"","_monsterinsights_sitenote_category":0},"product_brand":[],"product_cat":[13701,12291],"product_tag":[],"class_list":{"0":"post-717130","1":"product","2":"type-product","3":"status-publish","5":"product_cat-ani-mektup-gunluk","6":"product_cat-edebiyat","7":"pa_cilt-ciltsiz","8":"pa_tur-kitap","9":"pa_yayinevi-desen-yayinlari","10":"pa_yazar-barroux","12":"first","13":"instock","14":"sale","15":"shipping-taxable","16":"purchasable","17":"product-type-simple"},"_links":{"self":[{"href":"https:\/\/roveyayinevi.com.tr\/index.php\/wp-json\/wp\/v2\/product\/717130","targetHints":{"allow":["GET"]}}],"collection":[{"href":"https:\/\/roveyayinevi.com.tr\/index.php\/wp-json\/wp\/v2\/product"}],"about":[{"href":"https:\/\/roveyayinevi.com.tr\/index.php\/wp-json\/wp\/v2\/types\/product"}],"wp:attachment":[{"href":"https:\/\/roveyayinevi.com.tr\/index.php\/wp-json\/wp\/v2\/media?parent=717130"}],"wp:term":[{"taxonomy":"product_brand","embeddable":true,"href":"https:\/\/roveyayinevi.com.tr\/index.php\/wp-json\/wp\/v2\/product_brand?post=717130"},{"taxonomy":"product_cat","embeddable":true,"href":"https:\/\/roveyayinevi.com.tr\/index.php\/wp-json\/wp\/v2\/product_cat?post=717130"},{"taxonomy":"product_tag","embeddable":true,"href":"https:\/\/roveyayinevi.com.tr\/index.php\/wp-json\/wp\/v2\/product_tag?post=717130"}],"curies":[{"name":"wp","href":"https:\/\/api.w.org\/{rel}","templated":true}]}}