{"id":717127,"date":"2025-08-27T17:51:52","date_gmt":"2025-08-27T14:51:52","guid":{"rendered":"https:\/\/roveyayinevi.com.tr\/index.php\/urun\/arzuyu-sezmek\/"},"modified":"2026-04-16T02:25:10","modified_gmt":"2026-04-15T23:25:10","slug":"arzuyu-sezmek","status":"publish","type":"product","link":"https:\/\/roveyayinevi.com.tr\/index.php\/urun\/arzuyu-sezmek\/","title":{"rendered":"Arzuyu Sezmek"},"content":{"rendered":"<p>Ele\u015ftirmenlerin hayranl\u0131\u011f\u0131n\u0131 kazanan bu uluslararas\u0131 \u00e7ok satan kitapta, matematik dehas\u0131 Petros Papachristos&#8217;un \u00f6mr\u00fcn\u00fcn b\u00fcy\u00fck bir k\u0131sm\u0131n\u0131 matematik alan\u0131nda kar\u015f\u0131la\u015f\u0131lm\u0131\u015f en b\u00fcy\u00fck zorluklardan birine, Goldbach San\u0131s\u0131&#8217;na adad\u0131\u011f\u0131n\u0131 g\u00f6receksiniz. Kolay g\u00f6r\u00fcnen bu aldat\u0131c\u0131 san\u0131ya g\u00f6re; 2&#8217;den b\u00fcy\u00fck her \u00e7ift say\u0131, iki asal say\u0131n\u0131n toplam\u0131na e\u015fittir. Bu san\u0131y\u0131 ispatlama amac\u0131yla yan\u0131p tutu\u015fan matematik\u00e7inin hayatta ba\u015fka bir amac\u0131 kalmam\u0131\u015ft\u0131r.Ele\u015ftirmenlerin hayranl\u0131\u011f\u0131n\u0131 kazanan bu uluslararas\u0131 \u00e7ok satan kitapta, matematik dehas\u0131 Petros Papachristos&#8217;un \u00f6mr\u00fcn\u00fcn b\u00fcy\u00fck bir k\u0131sm\u0131n\u0131 matematik alan\u0131nda kar\u015f\u0131la\u015f\u0131lm\u0131\u015f en b\u00fcy\u00fck zorluklardan birine, Goldbach San\u0131s\u0131&#8217;na adad\u0131\u011f\u0131n\u0131 g\u00f6receksiniz. Kolay g\u00f6r\u00fcnen bu aldat\u0131c\u0131 san\u0131ya g\u00f6re; 2&#8217;den b\u00fcy\u00fck her \u00e7ift say\u0131, iki asal say\u0131n\u0131n toplam\u0131na e\u015fittir. Bu san\u0131y\u0131 ispatlama amac\u0131yla yan\u0131p tutu\u015fan matematik\u00e7inin hayatta ba\u015fka bir amac\u0131 kalmam\u0131\u015ft\u0131r.\u201cMerak uyand\u0131r\u0131c\u0131 bir ilk eser&#8230; Doxiadis, iki zorlay\u0131c\u0131 karakterin geli\u015fimine odaklan\u0131rken okurun ilgisini asla kaybetmiyor. Ger\u00e7ekten s\u00fcr\u00fckleyici.\u201dPublishers Weekly \u201cB\u00fcy\u00fck a\u015fklar genellikle yaln\u0131zl\u0131ktan do\u011far.&#8217; Anlat\u0131c\u0131, amcas\u0131n\u0131n say\u0131larla olan ili\u015fkisini b\u00f6yle yorumluyor. Petros, Goldbach San\u0131s\u0131&#8217;na tam anlam\u0131yla \u00f6mr\u00fcn\u00fc vermi\u015f.\u201d Sophie Ratcliffe &#8211; The Times\u201cBir matematik\u00e7inin, \u00e7\u00f6z\u00fclmesi \u00e7ok zor bir problemi \u00e7\u00f6zmeye u\u011fra\u015f\u0131rken, kendi kendine nas\u0131l zihinsel bir tuzak haz\u0131rlad\u0131\u011f\u0131n\u0131 harikulade bir \u015fekilde sergiliyor.\u201d John Nash, 1994, Ak\u0131l Oyunlar\u0131 filminin konu edindi\u011fi Nobel \u00f6d\u00fcll\u00fc matematik\u00e7i    \u201c\u0130ki y\u00fczy\u0131l boyunca \u00e7\u00f6z\u00fclememi\u015f matematiksel bir san\u0131; bu san\u0131y\u0131 \u00e7\u00f6zmek u\u011fruna kendi kendini yiyip bitiren matematik dehas\u0131 bir amca; matemati\u011fe ilgi duyan bir ye\u011fenle kurdu\u011fu tuhaf ili\u015fki ve keskin bir sosyal g\u00f6zlemleme&#8230; B\u00fct\u00fcn bunlar, \u00e7ok e\u011flenceli, dokunakl\u0131, b\u00fcy\u00fcleyici ve kan\u0131mca kar\u015f\u0131 konulamaz olan Petros Amca&#8217;da bir araya geliyor.\u201d Oliver Sacks  <\/p>\n","protected":false},"excerpt":{"rendered":"<p>Ele\u015ftirmenlerin hayranl\u0131\u011f\u0131n\u0131 kazanan bu uluslararas\u0131 \u00e7ok satan kitapta, matematik dehas\u0131 Petros Papachristos&#8217;un \u00f6mr\u00fcn\u00fcn b\u00fcy\u00fck bir k\u0131sm\u0131n\u0131 matematik alan\u0131nda kar\u015f\u0131la\u015f\u0131lm\u0131\u015f en b\u00fcy\u00fck zorluklardan birine, Goldbach San\u0131s\u0131&#8217;na adad\u0131\u011f\u0131n\u0131<span class=\"excerpt-hellip\"> [\u2026]<\/span><\/p>\n","protected":false},"featured_media":0,"template":"","meta":{"_monsterinsights_skip_tracking":false,"_monsterinsights_sitenote_active":false,"_monsterinsights_sitenote_note":"","_monsterinsights_sitenote_category":0},"product_brand":[],"product_cat":[15983,13488],"product_tag":[],"class_list":{"0":"post-717127","1":"product","2":"type-product","3":"status-publish","5":"product_cat-iletisim-ve-medya","6":"product_cat-toplum-ve-insan","7":"pa_cilt-ciltsiz","8":"pa_tur-kitap","9":"pa_yayinevi-the-kitap","10":"pa_yazar-liza-featherstone","12":"first","13":"instock","14":"sale","15":"shipping-taxable","16":"purchasable","17":"product-type-simple"},"_links":{"self":[{"href":"https:\/\/roveyayinevi.com.tr\/index.php\/wp-json\/wp\/v2\/product\/717127","targetHints":{"allow":["GET"]}}],"collection":[{"href":"https:\/\/roveyayinevi.com.tr\/index.php\/wp-json\/wp\/v2\/product"}],"about":[{"href":"https:\/\/roveyayinevi.com.tr\/index.php\/wp-json\/wp\/v2\/types\/product"}],"wp:attachment":[{"href":"https:\/\/roveyayinevi.com.tr\/index.php\/wp-json\/wp\/v2\/media?parent=717127"}],"wp:term":[{"taxonomy":"product_brand","embeddable":true,"href":"https:\/\/roveyayinevi.com.tr\/index.php\/wp-json\/wp\/v2\/product_brand?post=717127"},{"taxonomy":"product_cat","embeddable":true,"href":"https:\/\/roveyayinevi.com.tr\/index.php\/wp-json\/wp\/v2\/product_cat?post=717127"},{"taxonomy":"product_tag","embeddable":true,"href":"https:\/\/roveyayinevi.com.tr\/index.php\/wp-json\/wp\/v2\/product_tag?post=717127"}],"curies":[{"name":"wp","href":"https:\/\/api.w.org\/{rel}","templated":true}]}}