{"id":717125,"date":"2025-08-27T17:51:51","date_gmt":"2025-08-27T14:51:51","guid":{"rendered":"https:\/\/roveyayinevi.com.tr\/index.php\/urun\/cit\/"},"modified":"2026-04-16T02:25:10","modified_gmt":"2026-04-15T23:25:10","slug":"cit","status":"publish","type":"product","link":"https:\/\/roveyayinevi.com.tr\/index.php\/urun\/cit\/","title":{"rendered":"\u00c7\u0131t!"},"content":{"rendered":"<p>Evan\u2019\u0131n yepyeni pastel boyalar\u0131 olmu\u015ftu&#8230; Ancak bir tanesi tam ortas\u0131ndan \u00e7\u0131t diye k\u0131r\u0131ld\u0131. Sonra di\u011ferleri de tek tek k\u0131r\u0131lmaya ba\u015flad\u0131; kimi ezildi, kimi r\u00fczg\u00e2rla u\u00e7up gitti, kimi de kayboldu. Peki ye\u015fil, mor ve siyah boyalar olmadan Evan nas\u0131l resim yapacakt\u0131? Evan her \u015feyi f\u0131rlat\u0131p atmak istedi ama yapmad\u0131, bir \u015feyler karalamaya ba\u015flad\u0131. O da ne? Maviyle sar\u0131n\u0131n bulu\u015ftu\u011fu yerler ye\u015fil olmu\u015ftu. Mavi ve k\u0131rm\u0131z\u0131 iyice kar\u0131\u015ft\u0131\u011f\u0131nda ortaya \u00e7\u0131kan mor renk, canavar \u00e7izmek i\u00e7in birebirdi. Sonunda elinde sadece k\u0131rm\u0131z\u0131, sar\u0131 ve mavi boya k\u0131r\u0131nt\u0131lar\u0131 kald\u0131. Ancak Evan, birka\u00e7 pastel boyayla bile bir \u015feyler yaratabilece\u011fini ke\u015ffetmi\u015fti. \u0130htiyac\u0131 olan tek \u015fey hayal g\u00fcc\u00fcyd\u00fc. <\/p>\n","protected":false},"excerpt":{"rendered":"<p>Evan\u2019\u0131n yepyeni pastel boyalar\u0131 olmu\u015ftu&#8230; Ancak bir tanesi tam ortas\u0131ndan \u00e7\u0131t diye k\u0131r\u0131ld\u0131. Sonra di\u011ferleri de tek tek k\u0131r\u0131lmaya ba\u015flad\u0131; kimi ezildi, kimi r\u00fczg\u00e2rla u\u00e7up gitti,<span class=\"excerpt-hellip\"> [\u2026]<\/span><\/p>\n","protected":false},"featured_media":0,"template":"","meta":{"_monsterinsights_skip_tracking":false,"_monsterinsights_sitenote_active":false,"_monsterinsights_sitenote_note":"","_monsterinsights_sitenote_category":0},"product_brand":[],"product_cat":[12274,12284],"product_tag":[],"class_list":{"0":"post-717125","1":"product","2":"type-product","3":"status-publish","5":"product_cat-cocuk-ve-genclik-kitaplari","6":"product_cat-hikayeler","7":"pa_cilt-ciltsiz","8":"pa_tur-kitap","9":"pa_yayinevi-kuraldisi-yayinevi","10":"pa_yazar-hazel-hutchins-dusan-petricic","12":"first","13":"instock","14":"sale","15":"shipping-taxable","16":"purchasable","17":"product-type-simple"},"_links":{"self":[{"href":"https:\/\/roveyayinevi.com.tr\/index.php\/wp-json\/wp\/v2\/product\/717125","targetHints":{"allow":["GET"]}}],"collection":[{"href":"https:\/\/roveyayinevi.com.tr\/index.php\/wp-json\/wp\/v2\/product"}],"about":[{"href":"https:\/\/roveyayinevi.com.tr\/index.php\/wp-json\/wp\/v2\/types\/product"}],"wp:attachment":[{"href":"https:\/\/roveyayinevi.com.tr\/index.php\/wp-json\/wp\/v2\/media?parent=717125"}],"wp:term":[{"taxonomy":"product_brand","embeddable":true,"href":"https:\/\/roveyayinevi.com.tr\/index.php\/wp-json\/wp\/v2\/product_brand?post=717125"},{"taxonomy":"product_cat","embeddable":true,"href":"https:\/\/roveyayinevi.com.tr\/index.php\/wp-json\/wp\/v2\/product_cat?post=717125"},{"taxonomy":"product_tag","embeddable":true,"href":"https:\/\/roveyayinevi.com.tr\/index.php\/wp-json\/wp\/v2\/product_tag?post=717125"}],"curies":[{"name":"wp","href":"https:\/\/api.w.org\/{rel}","templated":true}]}}