{"id":717124,"date":"2025-08-27T17:51:50","date_gmt":"2025-08-27T14:51:50","guid":{"rendered":"https:\/\/roveyayinevi.com.tr\/index.php\/urun\/donmeyenler-kod-adikutup-yildizi\/"},"modified":"2026-04-11T13:44:37","modified_gmt":"2026-04-11T10:44:37","slug":"donmeyenler-kod-adikutup-yildizi","status":"publish","type":"product","link":"https:\/\/roveyayinevi.com.tr\/index.php\/urun\/donmeyenler-kod-adikutup-yildizi\/","title":{"rendered":"D\u00f6nmeyenler Kod Ad\u0131:Kutup Y\u0131ld\u0131z\u0131"},"content":{"rendered":"<p>22-23 Nisan 1951 gecesi ba\u015flayan ikinci b\u00fcy\u00fck \u00c7in Taarruzlar\u0131n\u0131n \u015fiddeti artarak devam etti\u011fi s\u0131rada,Top\u00e7u \u00dcste\u011fmen Mehmet G\u00f6nen\u00e7&#8217;in telsizden duyulan iste\u011fi t\u00fcm subay ve askerleri \u015foke etmi\u015fti.&#8221;D\u00fc\u015fman bulundu\u011fumuz tepeyi i\u015fgal etti.\u00c7ok \u015fehit verdik.Koordinatlar\u0131 veriyorum&#8230;Bataryalar ate\u015f etsin&#8221;Fakat verdi\u011fi koordinatlar bulundu\u011fu yeri g\u00f6steriyordu.\u0130rtibat subay\u0131 bu cevab\u0131 verince,Mehmet G\u00f6nen\u00e7:&#8221;Evet \u00f6yle,Biz d\u00fc\u015fmana esir olmak istemiyoruz! Bizi onlara teslim etmeyin! B\u00fct\u00fcn bataryalar buraya ate\u015f etsin !&#8221; dedi ve telsizin sesi kesildi.Harp tarihinde bu olay ne g\u00f6r\u00fclm\u00fc\u015f ne de duyulmu\u015f istekti.Subaylar uzun s\u00fcre d\u00fc\u015f\u00fcnd\u00fckten sonra bu zor vasiyeti yerine getirmeye karar vererek g\u00f6zya\u015flar\u0131 i\u00e7inde bataryalar\u0131 ate\u015flediler.Bu b\u00fcy\u00fck fedakarl\u0131k sayesinde y\u00fczlerce \u00c7in askeri de yok oldu.Hen\u00fcz y\u00fcrmi yedi ya\u015f\u0131nda olan \u015eehit Mehmet G\u00f6nen\u00e7&#8217;in bedenine ise bir daha ula\u015f\u0131lamad\u0131.\u0130\u015fte bu okuyaca\u011f\u0131n\u0131z sat\u0131rlar,1950 y\u0131l\u0131n\u0131n Kas\u0131m ay\u0131nda,so\u011fuk ve karl\u0131 bir k\u0131\u015f gecesi Kunuri semalar\u0131nda parlayarak do\u011fan,t\u00fcm Kore&#8217;yi altm\u0131\u015f dokuz y\u0131ld\u0131r d\u00f6nmeyen \u0131\u015f\u0131\u011f\u0131yla ayd\u0131nlatan ve Allah&#8217;\u0131n izniyle ayd\u0131nlatmaya devam edecek olan T\u00fcrk Kutup Y\u0131ld\u0131z\u0131&#8217;n\u0131n destans\u0131 hikayesidir&#8230;<\/p>\n","protected":false},"excerpt":{"rendered":"<p>22-23 Nisan 1951 gecesi ba\u015flayan ikinci b\u00fcy\u00fck \u00c7in Taarruzlar\u0131n\u0131n \u015fiddeti artarak devam etti\u011fi s\u0131rada,Top\u00e7u \u00dcste\u011fmen Mehmet G\u00f6nen\u00e7&#8217;in telsizden duyulan iste\u011fi t\u00fcm subay ve askerleri \u015foke etmi\u015fti.&#8221;D\u00fc\u015fman<span class=\"excerpt-hellip\"> [\u2026]<\/span><\/p>\n","protected":false},"featured_media":0,"template":"","meta":{"_monsterinsights_skip_tracking":false,"_monsterinsights_sitenote_active":false,"_monsterinsights_sitenote_note":"","_monsterinsights_sitenote_category":0},"product_brand":[],"product_cat":[12291,12711],"product_tag":[],"class_list":{"0":"post-717124","1":"product","2":"type-product","3":"status-publish","5":"product_cat-edebiyat","6":"product_cat-roman-oyku","7":"pa_cilt-ciltsiz","8":"pa_tur-kitap","9":"pa_yayinevi-nar-agaci-yayinlari","10":"pa_yazar-guldane-ersoy","12":"first","13":"instock","14":"sale","15":"shipping-taxable","16":"purchasable","17":"product-type-simple"},"_links":{"self":[{"href":"https:\/\/roveyayinevi.com.tr\/index.php\/wp-json\/wp\/v2\/product\/717124","targetHints":{"allow":["GET"]}}],"collection":[{"href":"https:\/\/roveyayinevi.com.tr\/index.php\/wp-json\/wp\/v2\/product"}],"about":[{"href":"https:\/\/roveyayinevi.com.tr\/index.php\/wp-json\/wp\/v2\/types\/product"}],"wp:attachment":[{"href":"https:\/\/roveyayinevi.com.tr\/index.php\/wp-json\/wp\/v2\/media?parent=717124"}],"wp:term":[{"taxonomy":"product_brand","embeddable":true,"href":"https:\/\/roveyayinevi.com.tr\/index.php\/wp-json\/wp\/v2\/product_brand?post=717124"},{"taxonomy":"product_cat","embeddable":true,"href":"https:\/\/roveyayinevi.com.tr\/index.php\/wp-json\/wp\/v2\/product_cat?post=717124"},{"taxonomy":"product_tag","embeddable":true,"href":"https:\/\/roveyayinevi.com.tr\/index.php\/wp-json\/wp\/v2\/product_tag?post=717124"}],"curies":[{"name":"wp","href":"https:\/\/api.w.org\/{rel}","templated":true}]}}