{"id":717123,"date":"2025-08-27T17:51:49","date_gmt":"2025-08-27T14:51:49","guid":{"rendered":"https:\/\/roveyayinevi.com.tr\/index.php\/urun\/aska-giden-yolda-optugum-kurbagalar\/"},"modified":"2026-04-16T02:25:10","modified_gmt":"2026-04-15T23:25:10","slug":"aska-giden-yolda-optugum-kurbagalar","status":"publish","type":"product","link":"https:\/\/roveyayinevi.com.tr\/index.php\/urun\/aska-giden-yolda-optugum-kurbagalar\/","title":{"rendered":"A\u015fka Giden Yolda \u00d6pt\u00fc\u011f\u00fcm Kurba\u011falar"},"content":{"rendered":"<p>Yalanlar,yalanlar,yalanlar&#8230;Merak ediyorum;acaba Kurba\u011fa ve Prenses masal\u0131nda kurba\u011fa kendini \u00f6pt\u00fcrene kadar ne yalanlar s\u00f6yledi&#8230;\u015eayet prenses olsayd\u0131m \u015fahsen hi\u00e7 bir kurba\u011fay\u0131 \u00f6pmezdim.Ya da&#8230;Bir d\u00fc\u015f\u00fcnsenize;masala inan\u0131p ger\u00e7ekten de acaba prens olur mu diye d\u00fc\u015f\u00fcn\u00fcp g\u00f6rd\u00fc\u011f\u00fcn\u00fcz b\u00fct\u00fcn kurba\u011falar\u0131 \u00f6pt\u00fc\u011f\u00fcn\u00fcz\u00fc!&#8230;I\u0131\u011fk a\u011fz\u0131m\u0131z yara ve temre olurdu san\u0131yorum.Maalesef a\u015fk bizi yan\u0131lt\u0131yor ve kurba\u011falar\u0131 prens gibi g\u00f6rmemizi sa\u011fl\u0131yor&#8230;Atalar\u0131m\u0131z g\u00fczel s\u00f6ylemi\u015f:A\u015fk\u0131n g\u00f6z\u00fc k\u00f6r olsun! <\/p>\n","protected":false},"excerpt":{"rendered":"<p>Yalanlar,yalanlar,yalanlar&#8230;Merak ediyorum;acaba Kurba\u011fa ve Prenses masal\u0131nda kurba\u011fa kendini \u00f6pt\u00fcrene kadar ne yalanlar s\u00f6yledi&#8230;\u015eayet prenses olsayd\u0131m \u015fahsen hi\u00e7 bir kurba\u011fay\u0131 \u00f6pmezdim.Ya da&#8230;Bir d\u00fc\u015f\u00fcnsenize;masala inan\u0131p ger\u00e7ekten de acaba<span class=\"excerpt-hellip\"> [\u2026]<\/span><\/p>\n","protected":false},"featured_media":0,"template":"","meta":{"_monsterinsights_skip_tracking":false,"_monsterinsights_sitenote_active":false,"_monsterinsights_sitenote_note":"","_monsterinsights_sitenote_category":0},"product_brand":[],"product_cat":[13701,12291],"product_tag":[],"class_list":{"0":"post-717123","1":"product","2":"type-product","3":"status-publish","5":"product_cat-ani-mektup-gunluk","6":"product_cat-edebiyat","7":"pa_cilt-ciltsiz","8":"pa_tur-kitap","9":"pa_yayinevi-nar-agaci-yayinlari","10":"pa_yazar-yeliz-yesil","12":"first","13":"instock","14":"sale","15":"shipping-taxable","16":"purchasable","17":"product-type-simple"},"_links":{"self":[{"href":"https:\/\/roveyayinevi.com.tr\/index.php\/wp-json\/wp\/v2\/product\/717123","targetHints":{"allow":["GET"]}}],"collection":[{"href":"https:\/\/roveyayinevi.com.tr\/index.php\/wp-json\/wp\/v2\/product"}],"about":[{"href":"https:\/\/roveyayinevi.com.tr\/index.php\/wp-json\/wp\/v2\/types\/product"}],"wp:attachment":[{"href":"https:\/\/roveyayinevi.com.tr\/index.php\/wp-json\/wp\/v2\/media?parent=717123"}],"wp:term":[{"taxonomy":"product_brand","embeddable":true,"href":"https:\/\/roveyayinevi.com.tr\/index.php\/wp-json\/wp\/v2\/product_brand?post=717123"},{"taxonomy":"product_cat","embeddable":true,"href":"https:\/\/roveyayinevi.com.tr\/index.php\/wp-json\/wp\/v2\/product_cat?post=717123"},{"taxonomy":"product_tag","embeddable":true,"href":"https:\/\/roveyayinevi.com.tr\/index.php\/wp-json\/wp\/v2\/product_tag?post=717123"}],"curies":[{"name":"wp","href":"https:\/\/api.w.org\/{rel}","templated":true}]}}