{"id":717119,"date":"2025-08-27T17:51:46","date_gmt":"2025-08-27T14:51:46","guid":{"rendered":"https:\/\/roveyayinevi.com.tr\/index.php\/urun\/1919-mustafa-kemal-mucizesi\/"},"modified":"2026-04-16T02:25:09","modified_gmt":"2026-04-15T23:25:09","slug":"1919-mustafa-kemal-mucizesi","status":"publish","type":"product","link":"https:\/\/roveyayinevi.com.tr\/index.php\/urun\/1919-mustafa-kemal-mucizesi\/","title":{"rendered":"1919 Mustafa Kemal Mucizesi"},"content":{"rendered":"<p>Az bilinen olaylar\u0131n \u0131\u015f\u0131\u011f\u0131nda Kurtulu\u015f Sava\u015f\u0131\u2019n\u0131n ilk ad\u0131m\u0131n\u0131n 100. y\u0131l\u0131 an\u0131s\u0131na&#8230;\u0130stanbul\u2019u basan karanl\u0131k sisler i\u00e7inde, yenilgiyi asla kabul etmeyen gen\u00e7 ve asi bir general\u2026 Mustafa Kemal\u2026 Ve onun T\u00fcrk milletini derinden bir isyanla aya\u011fa kald\u0131ran slogan\u0131: Ya \u0130stiklal Ya \u00d6l\u00fcm!\u2026 1919, Mustafa Kemal Mucizesi, esir ya\u015famaktansa, son kur\u015fununa kadar d\u00f6v\u00fc\u015fmeye and i\u00e7mi\u015f bir ulusun ve onun liderinin \u00f6yk\u00fcs\u00fcd\u00fcr\u2026 Kerem \u00c7al\u0131\u015fkan, 1917-\u0130syan Muht\u0131ras\u0131\u2019ndan sonra bu kitab\u0131yla Mustafa Kemal mucizesinin s\u0131rlar\u0131n\u0131 g\u00f6z \u00f6n\u00fcne seriyor.<\/p>\n","protected":false},"excerpt":{"rendered":"<p>Az bilinen olaylar\u0131n \u0131\u015f\u0131\u011f\u0131nda Kurtulu\u015f Sava\u015f\u0131\u2019n\u0131n ilk ad\u0131m\u0131n\u0131n 100. y\u0131l\u0131 an\u0131s\u0131na&#8230;\u0130stanbul\u2019u basan karanl\u0131k sisler i\u00e7inde, yenilgiyi asla kabul etmeyen gen\u00e7 ve asi bir general\u2026 Mustafa Kemal\u2026<span class=\"excerpt-hellip\"> [\u2026]<\/span><\/p>\n","protected":false},"featured_media":0,"template":"","meta":{"_monsterinsights_skip_tracking":false,"_monsterinsights_sitenote_active":false,"_monsterinsights_sitenote_note":"","_monsterinsights_sitenote_category":0},"product_brand":[],"product_cat":[12370,12304],"product_tag":[],"class_list":{"0":"post-717119","1":"product","2":"type-product","3":"status-publish","5":"product_cat-arastirma-inceleme","6":"product_cat-tarih","7":"pa_cilt-ciltsiz","8":"pa_tur-kitap","9":"pa_yayinevi-remzi-kitabevi","10":"pa_yazar-kerem-caliskan","12":"first","13":"instock","14":"sale","15":"shipping-taxable","16":"purchasable","17":"product-type-simple"},"_links":{"self":[{"href":"https:\/\/roveyayinevi.com.tr\/index.php\/wp-json\/wp\/v2\/product\/717119","targetHints":{"allow":["GET"]}}],"collection":[{"href":"https:\/\/roveyayinevi.com.tr\/index.php\/wp-json\/wp\/v2\/product"}],"about":[{"href":"https:\/\/roveyayinevi.com.tr\/index.php\/wp-json\/wp\/v2\/types\/product"}],"wp:attachment":[{"href":"https:\/\/roveyayinevi.com.tr\/index.php\/wp-json\/wp\/v2\/media?parent=717119"}],"wp:term":[{"taxonomy":"product_brand","embeddable":true,"href":"https:\/\/roveyayinevi.com.tr\/index.php\/wp-json\/wp\/v2\/product_brand?post=717119"},{"taxonomy":"product_cat","embeddable":true,"href":"https:\/\/roveyayinevi.com.tr\/index.php\/wp-json\/wp\/v2\/product_cat?post=717119"},{"taxonomy":"product_tag","embeddable":true,"href":"https:\/\/roveyayinevi.com.tr\/index.php\/wp-json\/wp\/v2\/product_tag?post=717119"}],"curies":[{"name":"wp","href":"https:\/\/api.w.org\/{rel}","templated":true}]}}