{"id":717117,"date":"2025-08-27T17:51:45","date_gmt":"2025-08-27T14:51:45","guid":{"rendered":"https:\/\/roveyayinevi.com.tr\/index.php\/urun\/kralin-esir-askerleri\/"},"modified":"2026-04-16T02:25:09","modified_gmt":"2026-04-15T23:25:09","slug":"kralin-esir-askerleri","status":"publish","type":"product","link":"https:\/\/roveyayinevi.com.tr\/index.php\/urun\/kralin-esir-askerleri\/","title":{"rendered":"Kral\u0131n Esir Askerleri"},"content":{"rendered":"<p>Osmanl\u0131 Devleti ve \u0130ngiltere, 1.D\u00fcnya Sava\u015f\u0131\u2019nda iki d\u00fc\u015fman devlet olarak birbirlerine \u00fcst\u00fcnl\u00fck kurmaya \u00e7al\u0131\u015fm\u0131\u015flard\u0131. Hatta \u00fcst\u00fcnl\u00fck kurman\u0131n \u00f6tesinde tamamen ortadan kald\u0131rma fikriyle d\u00f6rt farkl\u0131 cephede yap\u0131lan m\u00fccadelelerde \u0130ngiltere\u2019nin Osmanl\u0131 Devleti\u2019ne kar\u015f\u0131 b\u00fcy\u00fck ba\u015far\u0131lar kazand\u0131\u011f\u0131n\u0131 g\u00f6r\u00fcyoruz. \u0130ngiltere\u2019nin cephelerin genel durumu itibariyle galip geldi\u011fi bir ortamda \u00c7anakkale sava\u015flar\u0131 ve Kut\u2019\u00fcl Ammare sava\u015f\u0131 ise T\u00fcrk tarihi a\u00e7\u0131s\u0131ndan parlak zaferler olmu\u015flard\u0131.Ba\u015fta Kut\u2019\u00fcl Ammare sava\u015f\u0131 olmak \u00fczere Osmanl\u0131 Devleti, \u0130ngiltere ile yap\u0131lan \u00e7at\u0131\u015fmalarda 23.500 \u0130ngiliz askerini esir alm\u0131\u015ft\u0131. Bu kitapta 1. D\u00fcnya Sava\u015f\u0131 \u00f6ncesi ve sonras\u0131nda Osmanl\u0131-\u0130ngiliz m\u00fcnasebetleri, sava\u015f esiri kavram\u0131, Anadolu\u2019da bulunan \u0130ngiliz sava\u015f esirlerinin durumlar\u0131 ve esir kamplar\u0131 ele al\u0131nm\u0131\u015ft\u0131r.Toplama kamp\u0131 olarak \u00f6n plana \u00e7\u0131kan \u015fehirler ve Anadolu s\u0131n\u0131rlar\u0131 i\u00e7erisinde ve d\u0131\u015far\u0131s\u0131nda bulunan kamplar, esirlerin kamplara nas\u0131l nakledildikleri, kalacaklar\u0131 kamplar\u0131n nas\u0131l belirlendi\u011fi, sahip olduklar\u0131 haklar, onlara sunulan imkanlar ve uymalar\u0131 gereken kurallar, Osmanl\u0131 Devleti i\u00e7in \u00e7al\u0131\u015ft\u0131r\u0131lmalar\u0131, sa\u011fl\u0131k durumlar\u0131 gibi konular ayr\u0131nt\u0131l\u0131 olarak ele al\u0131nm\u0131\u015ft\u0131r. Ayr\u0131ca \u0130ngiltere ile esirleri takas giri\u015fimleri ve bu konuda var\u0131lan antla\u015fmalar hakk\u0131nda ayr\u0131nt\u0131l\u0131 bilgiler verilmi\u015ftir.T\u00fcrk esirleri dikenli teller ard\u0131nda iken Osmanl\u0131 Devleti topraklar\u0131nda r\u00fctbelerine g\u00f6re otel, ev, resmi kurum, kullan\u0131lmayan okul ya da kilise binalar\u0131na yerle\u015ftirilen \u0130ngiliz esirlerin hayatlar\u0131na bu kitapla yak\u0131ndan tan\u0131k olacaks\u0131n\u0131z.<\/p>\n","protected":false},"excerpt":{"rendered":"<p>Osmanl\u0131 Devleti ve \u0130ngiltere, 1.D\u00fcnya Sava\u015f\u0131\u2019nda iki d\u00fc\u015fman devlet olarak birbirlerine \u00fcst\u00fcnl\u00fck kurmaya \u00e7al\u0131\u015fm\u0131\u015flard\u0131. Hatta \u00fcst\u00fcnl\u00fck kurman\u0131n \u00f6tesinde tamamen ortadan kald\u0131rma fikriyle d\u00f6rt farkl\u0131 cephede yap\u0131lan<span class=\"excerpt-hellip\"> [\u2026]<\/span><\/p>\n","protected":false},"featured_media":0,"template":"","meta":{"_monsterinsights_skip_tracking":false,"_monsterinsights_sitenote_active":false,"_monsterinsights_sitenote_note":"","_monsterinsights_sitenote_category":0},"product_brand":[],"product_cat":[12305,12304],"product_tag":[],"class_list":{"0":"post-717117","1":"product","2":"type-product","3":"status-publish","5":"product_cat-dunya-tarihi","6":"product_cat-tarih","7":"pa_cilt-ciltsiz","8":"pa_tur-kitap","9":"pa_yayinevi-yeditepe-yayinevi","10":"pa_yazar-mahmut-akkor","12":"first","13":"instock","14":"sale","15":"shipping-taxable","16":"purchasable","17":"product-type-simple"},"_links":{"self":[{"href":"https:\/\/roveyayinevi.com.tr\/index.php\/wp-json\/wp\/v2\/product\/717117","targetHints":{"allow":["GET"]}}],"collection":[{"href":"https:\/\/roveyayinevi.com.tr\/index.php\/wp-json\/wp\/v2\/product"}],"about":[{"href":"https:\/\/roveyayinevi.com.tr\/index.php\/wp-json\/wp\/v2\/types\/product"}],"wp:attachment":[{"href":"https:\/\/roveyayinevi.com.tr\/index.php\/wp-json\/wp\/v2\/media?parent=717117"}],"wp:term":[{"taxonomy":"product_brand","embeddable":true,"href":"https:\/\/roveyayinevi.com.tr\/index.php\/wp-json\/wp\/v2\/product_brand?post=717117"},{"taxonomy":"product_cat","embeddable":true,"href":"https:\/\/roveyayinevi.com.tr\/index.php\/wp-json\/wp\/v2\/product_cat?post=717117"},{"taxonomy":"product_tag","embeddable":true,"href":"https:\/\/roveyayinevi.com.tr\/index.php\/wp-json\/wp\/v2\/product_tag?post=717117"}],"curies":[{"name":"wp","href":"https:\/\/api.w.org\/{rel}","templated":true}]}}