{"id":717115,"date":"2025-08-27T17:51:44","date_gmt":"2025-08-27T14:51:44","guid":{"rendered":"https:\/\/roveyayinevi.com.tr\/index.php\/urun\/bir-garip-cindi-zumruduanka\/"},"modified":"2026-04-16T02:25:09","modified_gmt":"2026-04-15T23:25:09","slug":"bir-garip-cindi-zumruduanka","status":"publish","type":"product","link":"https:\/\/roveyayinevi.com.tr\/index.php\/urun\/bir-garip-cindi-zumruduanka\/","title":{"rendered":"Bir Garip Cindi Z\u00fcmr\u00fcd\u00fcanka"},"content":{"rendered":"<p>&#8220;Bir sorun simdi kendinize. Uyanmak imkansiz oldugunda ruyalarin ne kadar guclu oldugunu tahmin edebilir misiniz? Masum da olsaniz, suclu da olsaniz, sizi kovalayandan kacmak bir omur boyu surebilir kabuslarinizda. O zaman soyleyin bana; omrunuzden kac yil ayirabilirsiniz bu kosturmaca icin? Hele bir de karanlikta, goz kapaklariniza hapsolmusken.Bu, asilmaz bir karanliktir hepiniz icin aslinda. Ben ise o ruyalarda sizi derin bir cukurun dibinde, gunesin hic parlamadigi bir yerde goruyorum. Ama yasadiginiz sefalete dokecek fazla gozyasim yok. Siz o cukurun dibinde yatip, ben toprak yigininin yaninda kuregime yaslanmis sizi seyrederken tek yapabildigim, usulca islik calmak. Son bir melodi icin.&#8221;<\/p>\n","protected":false},"excerpt":{"rendered":"<p>&#8220;Bir sorun simdi kendinize. Uyanmak imkansiz oldugunda ruyalarin ne kadar guclu oldugunu tahmin edebilir misiniz? Masum da olsaniz, suclu da olsaniz, sizi kovalayandan kacmak bir omur<span class=\"excerpt-hellip\"> [\u2026]<\/span><\/p>\n","protected":false},"featured_media":0,"template":"","meta":{"_monsterinsights_skip_tracking":false,"_monsterinsights_sitenote_active":false,"_monsterinsights_sitenote_note":"","_monsterinsights_sitenote_category":0},"product_brand":[],"product_cat":[12291,12292],"product_tag":[],"class_list":{"0":"post-717115","1":"product","2":"type-product","3":"status-publish","5":"product_cat-edebiyat","6":"product_cat-turk-edebiyati","7":"pa_cilt-ciltsiz","8":"pa_tur-kitap","9":"pa_yayinevi-yapi-kredi-yayinlari","10":"pa_yazar-ali-teoman","12":"first","13":"instock","14":"sale","15":"shipping-taxable","16":"purchasable","17":"product-type-simple"},"_links":{"self":[{"href":"https:\/\/roveyayinevi.com.tr\/index.php\/wp-json\/wp\/v2\/product\/717115","targetHints":{"allow":["GET"]}}],"collection":[{"href":"https:\/\/roveyayinevi.com.tr\/index.php\/wp-json\/wp\/v2\/product"}],"about":[{"href":"https:\/\/roveyayinevi.com.tr\/index.php\/wp-json\/wp\/v2\/types\/product"}],"wp:attachment":[{"href":"https:\/\/roveyayinevi.com.tr\/index.php\/wp-json\/wp\/v2\/media?parent=717115"}],"wp:term":[{"taxonomy":"product_brand","embeddable":true,"href":"https:\/\/roveyayinevi.com.tr\/index.php\/wp-json\/wp\/v2\/product_brand?post=717115"},{"taxonomy":"product_cat","embeddable":true,"href":"https:\/\/roveyayinevi.com.tr\/index.php\/wp-json\/wp\/v2\/product_cat?post=717115"},{"taxonomy":"product_tag","embeddable":true,"href":"https:\/\/roveyayinevi.com.tr\/index.php\/wp-json\/wp\/v2\/product_tag?post=717115"}],"curies":[{"name":"wp","href":"https:\/\/api.w.org\/{rel}","templated":true}]}}