{"id":717114,"date":"2025-08-27T17:51:43","date_gmt":"2025-08-27T14:51:43","guid":{"rendered":"https:\/\/roveyayinevi.com.tr\/index.php\/urun\/kardan-adam-2\/"},"modified":"2026-04-16T02:25:09","modified_gmt":"2026-04-15T23:25:09","slug":"kardan-adam-2","status":"publish","type":"product","link":"https:\/\/roveyayinevi.com.tr\/index.php\/urun\/kardan-adam-2\/","title":{"rendered":"Kardan Adam"},"content":{"rendered":"<p>D\u00fcnyaca \u00fcnl\u00fc Danimarkal\u0131 e\u015fsiz masal ustas\u0131 Andersen\u2019den bir masal:Kardan Adam&#8230;\u00c7ocuklar\u0131n b\u00fcy\u00fck bir sevin\u00e7le yapt\u0131\u011f\u0131 Kardan Adam g\u00f6ky\u00fcz\u00fcnde ilk kez g\u00f6rd\u00fc\u011f\u00fc g\u00fcne\u015fi de ay\u0131 da ayn\u0131 \u015fey san\u0131yordu. Ama g\u00fcne\u015f ona dost say\u0131l\u0131r m\u0131yd\u0131?Tahsin Y\u00fccel\u2019in \u00e7evirdi\u011fi, Eren Caner Polat\u2019\u0131n resimledi\u011fi Kardan Adam\u2019\u0131 Filiz \u00d6zdem yay\u0131na haz\u0131rlad\u0131.Tad\u0131ml\u0131kG\u00fcne\u015f batt\u0131ktan az sonra ay do\u011fmu\u015ftu; tam ay \u0131\u015f\u0131\u011f\u0131 g\u00fcnleri de oldu\u011fu i\u00e7in, ay\u0131n \u0131\u015f\u0131kl\u0131 yuvarla\u011f\u0131 karanl\u0131k g\u00f6kte par\u0131l par\u0131l parl\u0131yordu.Kardan Adam, \u201cHah, i\u015fte bizim arkada\u015f gene g\u00f6r\u00fcnd\u00fc!\u201d dedi. El \u00e7\u0131rpacakt\u0131. Ama donmu\u015f kollar\u0131 yerinden kalkmad\u0131. \u201c\u015eu yandan batm\u0131\u015ft\u0131, \u015fimdi ters yandan ortaya \u00e7\u0131kt\u0131. Ama ne olmu\u015ftu ki ona, eskisi gibi ate\u015fli bakm\u0131yor art\u0131k. Y\u00fcz\u00fc solmu\u015f zavall\u0131n\u0131n. Neyse, zarar\u0131 yok, orada dursun, \u00e7evremi ayd\u0131nlats\u0131n, daha fazlas\u0131n\u0131 istemiyorum. En \u00e7ok g\u00fcc\u00fcme giden \u015fey b\u00f6yle k\u00f6t\u00fcr\u00fcmler gibi yerimden k\u0131m\u0131ldayamay\u0131\u015f\u0131m. Ah, bir y\u00fcr\u00fcyebilseydim, \u015fu az \u00f6nceki yaramazlar gibi. Ama ne gezer, yerimden k\u0131m\u0131ldayam\u0131yorum.\u201d<\/p>\n","protected":false},"excerpt":{"rendered":"<p>D\u00fcnyaca \u00fcnl\u00fc Danimarkal\u0131 e\u015fsiz masal ustas\u0131 Andersen\u2019den bir masal:Kardan Adam&#8230;\u00c7ocuklar\u0131n b\u00fcy\u00fck bir sevin\u00e7le yapt\u0131\u011f\u0131 Kardan Adam g\u00f6ky\u00fcz\u00fcnde ilk kez g\u00f6rd\u00fc\u011f\u00fc g\u00fcne\u015fi de ay\u0131 da ayn\u0131 \u015fey<span class=\"excerpt-hellip\"> [\u2026]<\/span><\/p>\n","protected":false},"featured_media":0,"template":"","meta":{"_monsterinsights_skip_tracking":false,"_monsterinsights_sitenote_active":false,"_monsterinsights_sitenote_note":"","_monsterinsights_sitenote_category":0},"product_brand":[],"product_cat":[12274,12467],"product_tag":[],"class_list":{"0":"post-717114","1":"product","2":"type-product","3":"status-publish","5":"product_cat-cocuk-ve-genclik-kitaplari","6":"product_cat-dunya-klasikleri","7":"pa_cilt-ciltsiz","8":"pa_tur-kitap","9":"pa_yayinevi-yapi-kredi-yayinlari","10":"pa_yazar-h-c-andersen","12":"first","13":"instock","14":"sale","15":"shipping-taxable","16":"purchasable","17":"product-type-simple"},"_links":{"self":[{"href":"https:\/\/roveyayinevi.com.tr\/index.php\/wp-json\/wp\/v2\/product\/717114","targetHints":{"allow":["GET"]}}],"collection":[{"href":"https:\/\/roveyayinevi.com.tr\/index.php\/wp-json\/wp\/v2\/product"}],"about":[{"href":"https:\/\/roveyayinevi.com.tr\/index.php\/wp-json\/wp\/v2\/types\/product"}],"wp:attachment":[{"href":"https:\/\/roveyayinevi.com.tr\/index.php\/wp-json\/wp\/v2\/media?parent=717114"}],"wp:term":[{"taxonomy":"product_brand","embeddable":true,"href":"https:\/\/roveyayinevi.com.tr\/index.php\/wp-json\/wp\/v2\/product_brand?post=717114"},{"taxonomy":"product_cat","embeddable":true,"href":"https:\/\/roveyayinevi.com.tr\/index.php\/wp-json\/wp\/v2\/product_cat?post=717114"},{"taxonomy":"product_tag","embeddable":true,"href":"https:\/\/roveyayinevi.com.tr\/index.php\/wp-json\/wp\/v2\/product_tag?post=717114"}],"curies":[{"name":"wp","href":"https:\/\/api.w.org\/{rel}","templated":true}]}}