{"id":717113,"date":"2025-08-27T17:51:42","date_gmt":"2025-08-27T14:51:42","guid":{"rendered":"https:\/\/roveyayinevi.com.tr\/index.php\/urun\/iste-soyledim\/"},"modified":"2026-04-16T02:25:09","modified_gmt":"2026-04-15T23:25:09","slug":"iste-soyledim","status":"publish","type":"product","link":"https:\/\/roveyayinevi.com.tr\/index.php\/urun\/iste-soyledim\/","title":{"rendered":"\u0130\u015fte S\u00f6yledim"},"content":{"rendered":"<p>Safl\u0131\u011f\u0131 bozulmam\u0131\u015f sesleri dinleyerekzengin bir dil \u00f6\u011frenmeye geldim buraya.\u00d6rdeklerle ba\u015flayabilirim \u00f6yleyse.Yan\u0131mda ekmek de getirdi\u011fime g\u00f6re.Benny Andersen, 7 Kas\u0131m 1929\u2019da do\u011fdu&#8230; Orta \u00f6\u011frenimini bitirince reklam ajans\u0131nda \u00e7al\u0131\u015fmaya ba\u015flad\u0131. Kendi kendine piyano \u00e7almay\u0131 \u00f6\u011frenip kul\u00fcplerde \u00e7al\u0131p s\u00f6yledi&#8230; Besteler yapt\u0131&#8230; Senaryolar yazd\u0131&#8230; Filmlerde oynad\u0131&#8230; \u0130ki kere evlendi, be\u015f \u00e7ocuk babas\u0131yd\u0131, 16 A\u011fustos 2018\u2019de \u00f6ld\u00fc.Danimarka\u2019n\u0131n hem yenilik\u00e7i hem en pop\u00fcler \u015fairiydi. Bir yandan yeni kelimeler t\u00fcretmi\u015f, bir yandan s\u00f6yleyece\u011fini s\u00fcslemeden do\u011frudan vermi\u015ftir. Alayc\u0131l\u0131\u011f\u0131, halk\u0131n i\u00e7inden geli\u015finin verdi\u011fi do\u011fruculu\u011fuyla ele\u015ftirmenlerin de okurlar\u0131n da sevgilisiydi&#8230;\u015eimdi T\u00fcrk\u00e7ede!<\/p>\n","protected":false},"excerpt":{"rendered":"<p>Safl\u0131\u011f\u0131 bozulmam\u0131\u015f sesleri dinleyerekzengin bir dil \u00f6\u011frenmeye geldim buraya.\u00d6rdeklerle ba\u015flayabilirim \u00f6yleyse.Yan\u0131mda ekmek de getirdi\u011fime g\u00f6re.Benny Andersen, 7 Kas\u0131m 1929\u2019da do\u011fdu&#8230; Orta \u00f6\u011frenimini bitirince reklam ajans\u0131nda \u00e7al\u0131\u015fmaya<span class=\"excerpt-hellip\"> [\u2026]<\/span><\/p>\n","protected":false},"featured_media":0,"template":"","meta":{"_monsterinsights_skip_tracking":false,"_monsterinsights_sitenote_active":false,"_monsterinsights_sitenote_note":"","_monsterinsights_sitenote_category":0},"product_brand":[],"product_cat":[12291,12509],"product_tag":[],"class_list":{"0":"post-717113","1":"product","2":"type-product","3":"status-publish","5":"product_cat-edebiyat","6":"product_cat-siir","7":"pa_cilt-ciltsiz","8":"pa_tur-kitap","9":"pa_yayinevi-yapi-kredi-yayinlari","10":"pa_yazar-benny-andersen","12":"first","13":"instock","14":"sale","15":"shipping-taxable","16":"purchasable","17":"product-type-simple"},"_links":{"self":[{"href":"https:\/\/roveyayinevi.com.tr\/index.php\/wp-json\/wp\/v2\/product\/717113","targetHints":{"allow":["GET"]}}],"collection":[{"href":"https:\/\/roveyayinevi.com.tr\/index.php\/wp-json\/wp\/v2\/product"}],"about":[{"href":"https:\/\/roveyayinevi.com.tr\/index.php\/wp-json\/wp\/v2\/types\/product"}],"wp:attachment":[{"href":"https:\/\/roveyayinevi.com.tr\/index.php\/wp-json\/wp\/v2\/media?parent=717113"}],"wp:term":[{"taxonomy":"product_brand","embeddable":true,"href":"https:\/\/roveyayinevi.com.tr\/index.php\/wp-json\/wp\/v2\/product_brand?post=717113"},{"taxonomy":"product_cat","embeddable":true,"href":"https:\/\/roveyayinevi.com.tr\/index.php\/wp-json\/wp\/v2\/product_cat?post=717113"},{"taxonomy":"product_tag","embeddable":true,"href":"https:\/\/roveyayinevi.com.tr\/index.php\/wp-json\/wp\/v2\/product_tag?post=717113"}],"curies":[{"name":"wp","href":"https:\/\/api.w.org\/{rel}","templated":true}]}}