{"id":717110,"date":"2025-08-27T17:51:40","date_gmt":"2025-08-27T14:51:40","guid":{"rendered":"https:\/\/roveyayinevi.com.tr\/index.php\/urun\/kizil-ile-kara\/"},"modified":"2026-04-16T02:25:09","modified_gmt":"2026-04-15T23:25:09","slug":"kizil-ile-kara","status":"publish","type":"product","link":"https:\/\/roveyayinevi.com.tr\/index.php\/urun\/kizil-ile-kara\/","title":{"rendered":"K\u0131z\u0131l ile Kara"},"content":{"rendered":"<p>XIX. y\u00fczy\u0131l\u0131n en b\u00fcy\u00fck romanc\u0131lar\u0131ndan Stendhal\u2019in ba\u015fyap\u0131t\u0131 K\u0131z\u0131l ile Kara, yoksul, yak\u0131\u015f\u0131kl\u0131 ve yetenekli bir ta\u015fral\u0131 gencin Paris sosyetesinde y\u00fckseli\u015fi ve d\u00fc\u015f\u00fc\u015f\u00fcn\u00fc anlat\u0131r. Toplumda y\u00fckselmenin arac\u0131 olarak ordu ile kilise aras\u0131nda karars\u0131z kalan Julien Sorel, \u00e7ok ge\u00e7meden ba\u015far\u0131ya ve g\u00fcce ancak Frans\u0131z toplumunu saran ikiy\u00fczl\u00fcl\u00fck ve \u00e7\u0131karc\u0131l\u0131kla ula\u015f\u0131labilece\u011fini g\u00f6r\u00fcr. \u00d6nce evli bir kad\u0131n olan Madam de R\u00eanal\u2019i, sonra da kibirli aristokrat Mathilde\u2019i ba\u015ftan \u00e7\u0131kar\u0131r ve Paris sosyetesinde sayg\u0131n bir yer edinir. Ne var ki s\u0131n\u0131r tan\u0131mayan h\u0131rs\u0131 k\u0131sa zamanda mahv\u0131na yol a\u00e7acakt\u0131r.Stendhal\u2019in K\u0131z\u0131l ile Kara\u2019s\u0131n\u0131n kahraman\u0131 \u00e7eli\u015fkiler ve tutars\u0131zl\u0131klarla dolu Julien Sorel, XIX. y\u00fczy\u0131l roman\u0131n\u0131n en etkileyici karakterlerinden biri olmu\u015ftur. Kitap di\u011fer bir yan\u0131yla da, Napol\u00e9on sonras\u0131 Frans\u0131z toplumundaki yozla\u015fmay\u0131 son derece \u00e7arp\u0131c\u0131 bir dille anlat\u0131r.<\/p>\n","protected":false},"excerpt":{"rendered":"<p>XIX. y\u00fczy\u0131l\u0131n en b\u00fcy\u00fck romanc\u0131lar\u0131ndan Stendhal\u2019in ba\u015fyap\u0131t\u0131 K\u0131z\u0131l ile Kara, yoksul, yak\u0131\u015f\u0131kl\u0131 ve yetenekli bir ta\u015fral\u0131 gencin Paris sosyetesinde y\u00fckseli\u015fi ve d\u00fc\u015f\u00fc\u015f\u00fcn\u00fc anlat\u0131r. Toplumda y\u00fckselmenin arac\u0131<span class=\"excerpt-hellip\"> [\u2026]<\/span><\/p>\n","protected":false},"featured_media":0,"template":"","meta":{"_monsterinsights_skip_tracking":false,"_monsterinsights_sitenote_active":false,"_monsterinsights_sitenote_note":"","_monsterinsights_sitenote_category":0},"product_brand":[],"product_cat":[12291,12711],"product_tag":[],"class_list":{"0":"post-717110","1":"product","2":"type-product","3":"status-publish","5":"product_cat-edebiyat","6":"product_cat-roman-oyku","7":"pa_cilt-ciltsiz","8":"pa_tur-kitap","9":"pa_yayinevi-can-yayinlari","10":"pa_yazar-stendhal","12":"first","13":"instock","14":"sale","15":"shipping-taxable","16":"purchasable","17":"product-type-simple"},"_links":{"self":[{"href":"https:\/\/roveyayinevi.com.tr\/index.php\/wp-json\/wp\/v2\/product\/717110","targetHints":{"allow":["GET"]}}],"collection":[{"href":"https:\/\/roveyayinevi.com.tr\/index.php\/wp-json\/wp\/v2\/product"}],"about":[{"href":"https:\/\/roveyayinevi.com.tr\/index.php\/wp-json\/wp\/v2\/types\/product"}],"wp:attachment":[{"href":"https:\/\/roveyayinevi.com.tr\/index.php\/wp-json\/wp\/v2\/media?parent=717110"}],"wp:term":[{"taxonomy":"product_brand","embeddable":true,"href":"https:\/\/roveyayinevi.com.tr\/index.php\/wp-json\/wp\/v2\/product_brand?post=717110"},{"taxonomy":"product_cat","embeddable":true,"href":"https:\/\/roveyayinevi.com.tr\/index.php\/wp-json\/wp\/v2\/product_cat?post=717110"},{"taxonomy":"product_tag","embeddable":true,"href":"https:\/\/roveyayinevi.com.tr\/index.php\/wp-json\/wp\/v2\/product_tag?post=717110"}],"curies":[{"name":"wp","href":"https:\/\/api.w.org\/{rel}","templated":true}]}}