{"id":717108,"date":"2025-08-27T17:51:38","date_gmt":"2025-08-27T14:51:38","guid":{"rendered":"https:\/\/roveyayinevi.com.tr\/index.php\/urun\/zaman-duraklari\/"},"modified":"2026-04-16T02:25:09","modified_gmt":"2026-04-15T23:25:09","slug":"zaman-duraklari","status":"publish","type":"product","link":"https:\/\/roveyayinevi.com.tr\/index.php\/urun\/zaman-duraklari\/","title":{"rendered":"Zaman Duraklar\u0131"},"content":{"rendered":"<p>K\u00fc\u00e7\u00fck \u015feyleri k\u00fc\u00e7\u00fcmsemek, bireyin kibirli olmas\u0131 ve varolu\u015f s\u00fcrecini tamamlayamamas\u0131yla ilgilidir. Kibir; insani, sa\u011fl\u0131kl\u0131 ve mant\u0131kl\u0131 bir \u015fey de\u011fil. Kibirli insan, k\u00fc\u00e7\u00fck mutluluklar\u0131 k\u00fc\u00e7\u00fcmseyen ve hor g\u00f6rendir. Asl\u0131nda kibrinden dolay\u0131 g\u00fczel ve b\u00fcy\u00fck bir mutlulu\u011fun varl\u0131\u011f\u0131ndan bile habersizdir ya da bunu fark edemiyordur. Fakat zaman ac\u0131mas\u0131z ve bilinmezdir. \u0130nsan ne oldu\u011funu bilmeli; \u00e7\u00fcnk\u00fc yar\u0131n \u00f6b\u00fcr g\u00fcn hayat de\u011fi\u015febilir ve fikirlerimiz de bu do\u011frultuda \u015fekil de\u011fi\u015ftirebilir. \u0130nsan\u0131n kendisine sunulanla yetinmesi, k\u00fc\u00e7\u00fck \u015feyleri k\u00fc\u00e7\u00fcmsememesi mutluluk kayna\u011f\u0131d\u0131r. Bunu g\u00f6rmek i\u00e7in g\u00f6z\u00fcm\u00fczdeki at g\u00f6zl\u00fc\u011f\u00fcn\u00fc \u00e7\u0131karmal\u0131y\u0131z ve kibrimizi yok etmeliyiz. O zaman ya\u015fam; kalbinizin rehberli\u011finde daha keyifli, huzurlu ve ne\u015feyle yol alman\u0131z\u0131 sa\u011flayacakt\u0131r. De\u011ferli ve \u00f6zel oldu\u011funu fark etmelisin, \u00fcz\u00fcnt\u00fc \u00e7emberine girip hayat\u0131 ka\u00e7\u0131rd\u0131\u011f\u0131n\u0131 unutma! \u00c7\u00fcnk\u00fc \u00fcz\u00fcld\u00fck\u00e7e, ac\u0131 \u00e7ektik\u00e7e d\u00fcnya durur, hi\u00e7bir \u015feyin tad\u0131n\u0131 \u00e7\u0131karamazs\u0131n. Hadi, \u00e7emberin d\u0131\u015f\u0131na \u00e7\u0131k; zaman\u0131 yakala ve tad\u0131n\u0131 \u00e7\u0131kar!   Umut, \u015f\u00fcphe, \u015fans, bilgi, deneyim, dostluk\u2026 Ya\u015fam, zaman ak\u0131\u015f\u0131 i\u00e7inde ki\u015fide bir benli\u011fe b\u00fcr\u00fcn\u00fcr. Fakat bazen kolay de\u011fildir ger\u00e7ek benlik ve korkularla y\u00fczle\u015fmek, bunlar\u0131 \u00e7\u00f6z\u00fcmlemek. Elbette cesaret gerektirir; cesaretliysen y\u00fczle\u015fir, iyile\u015firsin. <\/p>\n","protected":false},"excerpt":{"rendered":"<p>K\u00fc\u00e7\u00fck \u015feyleri k\u00fc\u00e7\u00fcmsemek, bireyin kibirli olmas\u0131 ve varolu\u015f s\u00fcrecini tamamlayamamas\u0131yla ilgilidir. Kibir; insani, sa\u011fl\u0131kl\u0131 ve mant\u0131kl\u0131 bir \u015fey de\u011fil. Kibirli insan, k\u00fc\u00e7\u00fck mutluluklar\u0131 k\u00fc\u00e7\u00fcmseyen ve hor<span class=\"excerpt-hellip\"> [\u2026]<\/span><\/p>\n","protected":false},"featured_media":0,"template":"","meta":{"_monsterinsights_skip_tracking":false,"_monsterinsights_sitenote_active":false,"_monsterinsights_sitenote_note":"","_monsterinsights_sitenote_category":0},"product_brand":[],"product_cat":[12777,12291],"product_tag":[],"class_list":{"0":"post-717108","1":"product","2":"type-product","3":"status-publish","5":"product_cat-deneme","6":"product_cat-edebiyat","7":"pa_cilt-ciltsiz","8":"pa_tur-kitap","9":"pa_yayinevi-inkilap-kitabevi","10":"pa_yazar-kalust-salcioglu","12":"first","13":"instock","14":"sale","15":"shipping-taxable","16":"purchasable","17":"product-type-simple"},"_links":{"self":[{"href":"https:\/\/roveyayinevi.com.tr\/index.php\/wp-json\/wp\/v2\/product\/717108","targetHints":{"allow":["GET"]}}],"collection":[{"href":"https:\/\/roveyayinevi.com.tr\/index.php\/wp-json\/wp\/v2\/product"}],"about":[{"href":"https:\/\/roveyayinevi.com.tr\/index.php\/wp-json\/wp\/v2\/types\/product"}],"wp:attachment":[{"href":"https:\/\/roveyayinevi.com.tr\/index.php\/wp-json\/wp\/v2\/media?parent=717108"}],"wp:term":[{"taxonomy":"product_brand","embeddable":true,"href":"https:\/\/roveyayinevi.com.tr\/index.php\/wp-json\/wp\/v2\/product_brand?post=717108"},{"taxonomy":"product_cat","embeddable":true,"href":"https:\/\/roveyayinevi.com.tr\/index.php\/wp-json\/wp\/v2\/product_cat?post=717108"},{"taxonomy":"product_tag","embeddable":true,"href":"https:\/\/roveyayinevi.com.tr\/index.php\/wp-json\/wp\/v2\/product_tag?post=717108"}],"curies":[{"name":"wp","href":"https:\/\/api.w.org\/{rel}","templated":true}]}}