{"id":717107,"date":"2025-08-27T17:51:38","date_gmt":"2025-08-27T14:51:38","guid":{"rendered":"https:\/\/roveyayinevi.com.tr\/index.php\/urun\/devrimlerin-efendisi\/"},"modified":"2026-04-16T02:25:09","modified_gmt":"2026-04-15T23:25:09","slug":"devrimlerin-efendisi","status":"publish","type":"product","link":"https:\/\/roveyayinevi.com.tr\/index.php\/urun\/devrimlerin-efendisi\/","title":{"rendered":"Devrimlerin Efendisi"},"content":{"rendered":"<p>&#8220;\u00c7ocuk ileri bak , ate\u015f \u0131rma\u011f\u0131 gibi ol !Pe\u015fimden Ayr\u0131lma&#8221; Atat\u00fcrk  \u201cHayat\u0131ma fazla de\u011fer vermiyorum, \u00e7\u00fcnk\u00fc onu siperlerde, fazlas\u0131yla tehlikeye att\u0131m. T\u00fcm s\u0131k\u0131nt\u0131lara rahat\u00e7a katlanmam\u0131 sa\u011flayan tek \u015fey, vatan\u0131ma hizmet etmektir.\u201d Mustafa Kemal Atat\u00fcrk   \u201cLider Mustafa Kemal\u2019dir. Eser O\u2019nundur. \u00d6nder O\u2019dur. Biz, O\u2019nun emrinde \u00e7al\u0131\u015ft\u0131k. E\u011fer O olmasayd\u0131 biz, birbirimize d\u00fc\u015ferdik. Vatan par\u00e7alan\u0131rd\u0131. Derebeylik d\u00f6nemi ya\u015far; par\u00e7a par\u00e7a yok olurduk&#8230;\u201d Ali Fuat Cebesoy <\/p>\n","protected":false},"excerpt":{"rendered":"<p>&#8220;\u00c7ocuk ileri bak , ate\u015f \u0131rma\u011f\u0131 gibi ol !Pe\u015fimden Ayr\u0131lma&#8221; Atat\u00fcrk \u201cHayat\u0131ma fazla de\u011fer vermiyorum, \u00e7\u00fcnk\u00fc onu siperlerde, fazlas\u0131yla tehlikeye att\u0131m. T\u00fcm s\u0131k\u0131nt\u0131lara rahat\u00e7a katlanmam\u0131 sa\u011flayan<span class=\"excerpt-hellip\"> [\u2026]<\/span><\/p>\n","protected":false},"featured_media":0,"template":"","meta":{"_monsterinsights_skip_tracking":false,"_monsterinsights_sitenote_active":false,"_monsterinsights_sitenote_note":"","_monsterinsights_sitenote_category":0},"product_brand":[],"product_cat":[12530,12304],"product_tag":[],"class_list":{"0":"post-717107","1":"product","2":"type-product","3":"status-publish","5":"product_cat-mustafa-kemal-ataturk","6":"product_cat-tarih","7":"pa_cilt-ciltsiz","8":"pa_tur-kitap","9":"pa_yayinevi-inkilap-kitabevi","10":"pa_yazar-osman-pamukoglu","12":"first","13":"instock","14":"sale","15":"shipping-taxable","16":"purchasable","17":"product-type-simple"},"_links":{"self":[{"href":"https:\/\/roveyayinevi.com.tr\/index.php\/wp-json\/wp\/v2\/product\/717107","targetHints":{"allow":["GET"]}}],"collection":[{"href":"https:\/\/roveyayinevi.com.tr\/index.php\/wp-json\/wp\/v2\/product"}],"about":[{"href":"https:\/\/roveyayinevi.com.tr\/index.php\/wp-json\/wp\/v2\/types\/product"}],"wp:attachment":[{"href":"https:\/\/roveyayinevi.com.tr\/index.php\/wp-json\/wp\/v2\/media?parent=717107"}],"wp:term":[{"taxonomy":"product_brand","embeddable":true,"href":"https:\/\/roveyayinevi.com.tr\/index.php\/wp-json\/wp\/v2\/product_brand?post=717107"},{"taxonomy":"product_cat","embeddable":true,"href":"https:\/\/roveyayinevi.com.tr\/index.php\/wp-json\/wp\/v2\/product_cat?post=717107"},{"taxonomy":"product_tag","embeddable":true,"href":"https:\/\/roveyayinevi.com.tr\/index.php\/wp-json\/wp\/v2\/product_tag?post=717107"}],"curies":[{"name":"wp","href":"https:\/\/api.w.org\/{rel}","templated":true}]}}