{"id":717105,"date":"2025-08-27T17:51:37","date_gmt":"2025-08-27T14:51:37","guid":{"rendered":"https:\/\/roveyayinevi.com.tr\/index.php\/urun\/ergenekondan-cikis\/"},"modified":"2026-04-16T02:25:09","modified_gmt":"2026-04-15T23:25:09","slug":"ergenekondan-cikis","status":"publish","type":"product","link":"https:\/\/roveyayinevi.com.tr\/index.php\/urun\/ergenekondan-cikis\/","title":{"rendered":"Ergenekon&#8217;dan \u00c7\u0131k\u0131\u015f"},"content":{"rendered":"<p>Bu kitap sizin tarihe \u015fahitlik yapman\u0131za ve TSK\u2019ya kar\u015f\u0131 y\u00fcr\u00fct\u00fclen komplolara ili\u015fkin kafan\u0131za tak\u0131lan b\u00fct\u00fcn sorulara cevap bulman\u0131za yard\u0131mc\u0131 olabilir.T\u00fcrk Silahl\u0131 Kuvvetleri neden hedef al\u0131nd\u0131?FE*T\u00d6 olu\u015fumuna, i\u00e7erden ve d\u0131\u015fardan sa\u011flanan destekler nelerdir?26. Genelkurmay Ba\u015fkan\u0131 neden hedef oldu?2010 YA\u015e toplant\u0131s\u0131nda kimler ne istedi?Kozmik Oda olay\u0131 nedir? Ne de\u011fildir?26 ay Silivri&#8217;de kalman\u0131n bir yarar\u0131 oldu mu?TSK, FE*T\u00d6\u2019c\u00fclerin TSK\u2019dan temizlenmesinde neden ba\u015far\u0131l\u0131 olamad\u0131?Siyasi iktidar TSK\u2019ya kar\u015f\u0131 y\u00fcr\u00fct\u00fclen komplolar kar\u015f\u0131s\u0131nda ne yapt\u0131?Ergenekon komplosu neden bitirilmiyor?<\/p>\n","protected":false},"excerpt":{"rendered":"<p>Bu kitap sizin tarihe \u015fahitlik yapman\u0131za ve TSK\u2019ya kar\u015f\u0131 y\u00fcr\u00fct\u00fclen komplolara ili\u015fkin kafan\u0131za tak\u0131lan b\u00fct\u00fcn sorulara cevap bulman\u0131za yard\u0131mc\u0131 olabilir.T\u00fcrk Silahl\u0131 Kuvvetleri neden hedef al\u0131nd\u0131?FE*T\u00d6 olu\u015fumuna,<span class=\"excerpt-hellip\"> [\u2026]<\/span><\/p>\n","protected":false},"featured_media":0,"template":"","meta":{"_monsterinsights_skip_tracking":false,"_monsterinsights_sitenote_active":false,"_monsterinsights_sitenote_note":"","_monsterinsights_sitenote_category":0},"product_brand":[],"product_cat":[12337,14543],"product_tag":[],"class_list":{"0":"post-717105","1":"product","2":"type-product","3":"status-publish","5":"product_cat-politika-siyaset","6":"product_cat-turkiye-siyaseti-ve-politikasi","7":"pa_cilt-ciltsiz","8":"pa_tur-kitap","9":"pa_yayinevi-kirmizi-kedi-yayinevi","10":"pa_yazar-ilker-basbug","12":"first","13":"instock","14":"sale","15":"shipping-taxable","16":"purchasable","17":"product-type-simple"},"_links":{"self":[{"href":"https:\/\/roveyayinevi.com.tr\/index.php\/wp-json\/wp\/v2\/product\/717105","targetHints":{"allow":["GET"]}}],"collection":[{"href":"https:\/\/roveyayinevi.com.tr\/index.php\/wp-json\/wp\/v2\/product"}],"about":[{"href":"https:\/\/roveyayinevi.com.tr\/index.php\/wp-json\/wp\/v2\/types\/product"}],"wp:attachment":[{"href":"https:\/\/roveyayinevi.com.tr\/index.php\/wp-json\/wp\/v2\/media?parent=717105"}],"wp:term":[{"taxonomy":"product_brand","embeddable":true,"href":"https:\/\/roveyayinevi.com.tr\/index.php\/wp-json\/wp\/v2\/product_brand?post=717105"},{"taxonomy":"product_cat","embeddable":true,"href":"https:\/\/roveyayinevi.com.tr\/index.php\/wp-json\/wp\/v2\/product_cat?post=717105"},{"taxonomy":"product_tag","embeddable":true,"href":"https:\/\/roveyayinevi.com.tr\/index.php\/wp-json\/wp\/v2\/product_tag?post=717105"}],"curies":[{"name":"wp","href":"https:\/\/api.w.org\/{rel}","templated":true}]}}