{"id":717103,"date":"2025-08-27T17:51:36","date_gmt":"2025-08-27T14:51:36","guid":{"rendered":"https:\/\/roveyayinevi.com.tr\/index.php\/urun\/saglik-kurumlarinda-yonetim\/"},"modified":"2026-04-16T02:25:09","modified_gmt":"2026-04-15T23:25:09","slug":"saglik-kurumlarinda-yonetim","status":"publish","type":"product","link":"https:\/\/roveyayinevi.com.tr\/index.php\/urun\/saglik-kurumlarinda-yonetim\/","title":{"rendered":"Sa\u011fl\u0131k Kurumlar\u0131nda Y\u00f6netim"},"content":{"rendered":"<p>G\u00fcn\u00fcm\u00fczde k\u00fcresel olarak geli\u015fen ekonomik, teknolojik, sosyal ve siyasal olaylar insanlar\u0131n ya\u015famlar\u0131n\u0131 ve beklentilerini b\u00fcy\u00fck oranda etkilemi\u015f ve de\u011fi\u015ftirmi\u015ftir. \u0130nsanlar, alacaklar\u0131 mal ve hizmetlerin kaliteli ve ayn\u0131 zamanda ucuz olmas\u0131n\u0131, zaman\u0131nda ve h\u0131zl\u0131 bir \u015fekilde sa\u011flamak istemektedirler.\u00dcretilen mal ve hizmetlerin piyasaya ve m\u00fc\u015fteriye sunum \u015fekli ve h\u0131z\u0131 sekt\u00f6rlere g\u00f6re farkl\u0131l\u0131k g\u00f6stermekte ise de sa\u011fl\u0131k sekt\u00f6r\u00fcnde daha do\u011fru, zaman\u0131nda ve h\u0131zl\u0131 ger\u00e7ekle\u015ftirilmesi gerekmektedir.Sa\u011fl\u0131k sekt\u00f6r\u00fcn\u00fcn \u00f6zelli\u011fi gere\u011fi ertelenemeyen hizmetlerin do\u011fru, zaman\u0131nda ve do\u011fru te\u015fhis ve tedavi ile ger\u00e7ekle\u015ftirilmesi sa\u011fl\u0131k hizmeti veren kurumu rakiplerine g\u00f6re daha \u00f6n plana \u00e7\u0131karacak, piyasadaki pazar pay\u0131n\u0131 art\u0131racak ve ortalaman\u0131n \u00fczerinde bir getiri elde ederek s\u00fcrd\u00fcr\u00fclebilir rekabete kavu\u015fturacakt\u0131r.Bu kitap, g\u00fcn ge\u00e7tik\u00e7e daha profesyonel y\u00f6netilen bir yap\u0131ya b\u00fcr\u00fcnen sa\u011fl\u0131k kurumlar\u0131 ve hastane y\u00f6neticilerinin sahip olmas\u0131 gereken bir\u00e7ok strateji, y\u00f6ntem, taktik ve sa\u011fl\u0131k politikas\u0131 bilgilerinin yan\u0131 s\u0131ra y\u00f6netim ve i\u015fletme fonksiyonlar\u0131 da i\u00e7eren bilgilerle donat\u0131lm\u0131\u015ft\u0131r.Sa\u011fl\u0131k politikalar\u0131n\u0131 belirleyicileri g\u00f6re, sa\u011fl\u0131k i\u015fletmeleri y\u00f6neticilerine ve sa\u011fl\u0131k y\u00f6netimi akademisyenleri ve \u00f6\u011frencilerine katk\u0131 sunaca\u011f\u0131 d\u00fc\u015f\u00fcncesi ile haz\u0131rlanm\u0131\u015f olan kitab\u0131m\u0131z\u0131n yararl\u0131 olmas\u0131 dile\u011fiyle\u2026<\/p>\n","protected":false},"excerpt":{"rendered":"<p>G\u00fcn\u00fcm\u00fczde k\u00fcresel olarak geli\u015fen ekonomik, teknolojik, sosyal ve siyasal olaylar insanlar\u0131n ya\u015famlar\u0131n\u0131 ve beklentilerini b\u00fcy\u00fck oranda etkilemi\u015f ve de\u011fi\u015ftirmi\u015ftir. \u0130nsanlar, alacaklar\u0131 mal ve hizmetlerin kaliteli ve<span class=\"excerpt-hellip\"> [\u2026]<\/span><\/p>\n","protected":false},"featured_media":0,"template":"","meta":{"_monsterinsights_skip_tracking":false,"_monsterinsights_sitenote_active":false,"_monsterinsights_sitenote_note":"","_monsterinsights_sitenote_category":0},"product_brand":[],"product_cat":[13043,19008],"product_tag":[],"class_list":{"0":"post-717103","1":"product","2":"type-product","3":"status-publish","5":"product_cat-ekonomi","6":"product_cat-yonetim","7":"pa_cilt-ciltsiz","8":"pa_tur-kitap","9":"pa_yayinevi-siyasal-kitabevi-akademik-kitaplar","10":"pa_yazar-zekai-ozturk","12":"first","13":"instock","14":"sale","15":"shipping-taxable","16":"purchasable","17":"product-type-simple"},"_links":{"self":[{"href":"https:\/\/roveyayinevi.com.tr\/index.php\/wp-json\/wp\/v2\/product\/717103","targetHints":{"allow":["GET"]}}],"collection":[{"href":"https:\/\/roveyayinevi.com.tr\/index.php\/wp-json\/wp\/v2\/product"}],"about":[{"href":"https:\/\/roveyayinevi.com.tr\/index.php\/wp-json\/wp\/v2\/types\/product"}],"wp:attachment":[{"href":"https:\/\/roveyayinevi.com.tr\/index.php\/wp-json\/wp\/v2\/media?parent=717103"}],"wp:term":[{"taxonomy":"product_brand","embeddable":true,"href":"https:\/\/roveyayinevi.com.tr\/index.php\/wp-json\/wp\/v2\/product_brand?post=717103"},{"taxonomy":"product_cat","embeddable":true,"href":"https:\/\/roveyayinevi.com.tr\/index.php\/wp-json\/wp\/v2\/product_cat?post=717103"},{"taxonomy":"product_tag","embeddable":true,"href":"https:\/\/roveyayinevi.com.tr\/index.php\/wp-json\/wp\/v2\/product_tag?post=717103"}],"curies":[{"name":"wp","href":"https:\/\/api.w.org\/{rel}","templated":true}]}}