{"id":717101,"date":"2025-08-27T17:51:34","date_gmt":"2025-08-27T14:51:34","guid":{"rendered":"https:\/\/roveyayinevi.com.tr\/index.php\/urun\/icimizdeki-seytan-6\/"},"modified":"2026-04-16T02:25:09","modified_gmt":"2026-04-15T23:25:09","slug":"icimizdeki-seytan-6","status":"publish","type":"product","link":"https:\/\/roveyayinevi.com.tr\/index.php\/urun\/icimizdeki-seytan-6\/","title":{"rendered":"\u0130\u00e7imizdeki \u015eeytan"},"content":{"rendered":"<p>Sabahattin Ali\u2019nin, topluma ve insana bak\u0131\u015f\u0131n\u0131 en berrak bi\u00e7imde ortaya koydu\u011fu yap\u0131tlardan biridir \u0130\u00e7imizdeki \u015eeytan.Romanda iradesiz ve zay\u0131f bir ki\u015filik g\u00f6r\u00fcn\u00fcm\u00fc \u00e7izen \u00d6mer ile yapmac\u0131ks\u0131z, y\u00fcrekli ve g\u00fc\u00e7l\u00fc bir gen\u00e7 kad\u0131n olan Macide\u2019nin a\u015fk ser\u00fcveni etraf\u0131nda, d\u00f6nemin bir k\u0131s\u0131m ayd\u0131n\u0131n\u0131n ya da yar\u0131 ayd\u0131n\u0131n\u0131n ele\u015ftirisini yapar Sabahattin Ali. Kendini toplumsal adalet talebinin d\u0131\u015f\u0131nda var eden, g\u00fc\u00e7 arzusuyla \u015fekillenmi\u015f, korkak, bireyci ve \u00e7\u0131karc\u0131 s\u00f6zde ayd\u0131nlarla hesapla\u015f\u0131r.\u0130\u00e7imizdeki \u015eeytan, As\u0131m Bezirci\u2019nin s\u00f6zleriyle \u201c\u00e7a\u011f\u0131na ve \u00e7evresine d\u00fcr\u00fcst\u00e7e, yi\u011fit\u00e7e, ustaca tan\u0131kl\u0131k eden\u201d b\u00fcy\u00fck bir yazar\u0131n, insan do\u011fas\u0131na ve toplumsal yap\u0131ya dair derinlikli g\u00f6zlemlerini ustal\u0131kl\u0131 bir dille betimledi\u011fi bir ba\u015fyap\u0131tt\u0131r.\u201c\u0130\u00e7imizdeki \u015eeytan, edebiyat\u0131m\u0131z\u0131n an\u0131t yap\u0131tlar\u0131ndan biridir. Gerek insana do\u011fru bak\u0131\u015f\u0131yla, gerek esteti\u011fin zorunlu ilkesi gibi duran tutumlu anlat\u0131ma \u00f6nem vermi\u015f olmas\u0131yla, gerek ki\u015filikleri \u00e7izerken onlar\u0131n ruh derinliklerine inmekte g\u00f6sterdi\u011fi yetkinlikle bu roman edebiyat\u0131m\u0131zda tuttu\u011fu se\u00e7kin yerini her zaman koruyacakt\u0131r.\u201d<\/p>\n","protected":false},"excerpt":{"rendered":"<p>Sabahattin Ali\u2019nin, topluma ve insana bak\u0131\u015f\u0131n\u0131 en berrak bi\u00e7imde ortaya koydu\u011fu yap\u0131tlardan biridir \u0130\u00e7imizdeki \u015eeytan.Romanda iradesiz ve zay\u0131f bir ki\u015filik g\u00f6r\u00fcn\u00fcm\u00fc \u00e7izen \u00d6mer ile yapmac\u0131ks\u0131z, y\u00fcrekli<span class=\"excerpt-hellip\"> [\u2026]<\/span><\/p>\n","protected":false},"featured_media":0,"template":"","meta":{"_monsterinsights_skip_tracking":false,"_monsterinsights_sitenote_active":false,"_monsterinsights_sitenote_note":"","_monsterinsights_sitenote_category":0},"product_brand":[],"product_cat":[12291,12711],"product_tag":[],"class_list":{"0":"post-717101","1":"product","2":"type-product","3":"status-publish","5":"product_cat-edebiyat","6":"product_cat-roman-oyku","7":"pa_cilt-ciltsiz","8":"pa_tur-kitap","9":"pa_yayinevi-altin-kitaplar","10":"pa_yazar-sabahattin-ali","12":"first","13":"instock","14":"sale","15":"shipping-taxable","16":"purchasable","17":"product-type-simple"},"_links":{"self":[{"href":"https:\/\/roveyayinevi.com.tr\/index.php\/wp-json\/wp\/v2\/product\/717101","targetHints":{"allow":["GET"]}}],"collection":[{"href":"https:\/\/roveyayinevi.com.tr\/index.php\/wp-json\/wp\/v2\/product"}],"about":[{"href":"https:\/\/roveyayinevi.com.tr\/index.php\/wp-json\/wp\/v2\/types\/product"}],"wp:attachment":[{"href":"https:\/\/roveyayinevi.com.tr\/index.php\/wp-json\/wp\/v2\/media?parent=717101"}],"wp:term":[{"taxonomy":"product_brand","embeddable":true,"href":"https:\/\/roveyayinevi.com.tr\/index.php\/wp-json\/wp\/v2\/product_brand?post=717101"},{"taxonomy":"product_cat","embeddable":true,"href":"https:\/\/roveyayinevi.com.tr\/index.php\/wp-json\/wp\/v2\/product_cat?post=717101"},{"taxonomy":"product_tag","embeddable":true,"href":"https:\/\/roveyayinevi.com.tr\/index.php\/wp-json\/wp\/v2\/product_tag?post=717101"}],"curies":[{"name":"wp","href":"https:\/\/api.w.org\/{rel}","templated":true}]}}