{"id":717099,"date":"2025-08-27T17:51:33","date_gmt":"2025-08-27T14:51:33","guid":{"rendered":"https:\/\/roveyayinevi.com.tr\/index.php\/urun\/uygulamali-bobi-finansal-raporlama-standardi\/"},"modified":"2025-10-12T04:59:34","modified_gmt":"2025-10-12T01:59:34","slug":"uygulamali-bobi-finansal-raporlama-standardi","status":"publish","type":"product","link":"https:\/\/roveyayinevi.com.tr\/index.php\/urun\/uygulamali-bobi-finansal-raporlama-standardi\/","title":{"rendered":"Uygulamal\u0131 Bobi Finansal Raporlama Standard\u0131"},"content":{"rendered":"<p>\u0130\u00e7indekiler1.Finansal Tablolara \u0130li\u015fkin Genel \u0130lkeler2.Finansal Tablolar3.Yabanc\u0131 Para \u00c7evrim \u0130\u015flemleri4.Konsolide Finansal Tablolar5.Y\u00fcksek Enflasyonlu Ekonomilerde Finansal Raporlama6.Ara D\u00f6nem Finansal Raporlama7.Dipnotlar8.Ge\u00e7i\u015f H\u00fck\u00fcmleri<\/p>\n","protected":false},"excerpt":{"rendered":"<p>\u0130\u00e7indekiler1.Finansal Tablolara \u0130li\u015fkin Genel \u0130lkeler2.Finansal Tablolar3.Yabanc\u0131 Para \u00c7evrim \u0130\u015flemleri4.Konsolide Finansal Tablolar5.Y\u00fcksek Enflasyonlu Ekonomilerde Finansal Raporlama6.Ara D\u00f6nem Finansal Raporlama7.Dipnotlar8.Ge\u00e7i\u015f H\u00fck\u00fcmleri<\/p>\n","protected":false},"featured_media":0,"template":"","meta":{"_monsterinsights_skip_tracking":false,"_monsterinsights_sitenote_active":false,"_monsterinsights_sitenote_note":"","_monsterinsights_sitenote_category":0},"product_brand":[],"product_cat":[17249,13043],"product_tag":[],"class_list":{"0":"post-717099","1":"product","2":"type-product","3":"status-publish","5":"product_cat-borsa-finans","6":"product_cat-ekonomi","7":"pa_cilt-ciltsiz","8":"pa_tur-kitap","9":"pa_yayinevi-gazi-kitabevi","10":"pa_yazar-yildiz-ozerhan-banu-sultanoglu","12":"first","13":"instock","14":"sale","15":"shipping-taxable","16":"purchasable","17":"product-type-simple"},"_links":{"self":[{"href":"https:\/\/roveyayinevi.com.tr\/index.php\/wp-json\/wp\/v2\/product\/717099","targetHints":{"allow":["GET"]}}],"collection":[{"href":"https:\/\/roveyayinevi.com.tr\/index.php\/wp-json\/wp\/v2\/product"}],"about":[{"href":"https:\/\/roveyayinevi.com.tr\/index.php\/wp-json\/wp\/v2\/types\/product"}],"wp:attachment":[{"href":"https:\/\/roveyayinevi.com.tr\/index.php\/wp-json\/wp\/v2\/media?parent=717099"}],"wp:term":[{"taxonomy":"product_brand","embeddable":true,"href":"https:\/\/roveyayinevi.com.tr\/index.php\/wp-json\/wp\/v2\/product_brand?post=717099"},{"taxonomy":"product_cat","embeddable":true,"href":"https:\/\/roveyayinevi.com.tr\/index.php\/wp-json\/wp\/v2\/product_cat?post=717099"},{"taxonomy":"product_tag","embeddable":true,"href":"https:\/\/roveyayinevi.com.tr\/index.php\/wp-json\/wp\/v2\/product_tag?post=717099"}],"curies":[{"name":"wp","href":"https:\/\/api.w.org\/{rel}","templated":true}]}}