{"id":717097,"date":"2025-08-27T17:51:32","date_gmt":"2025-08-27T14:51:32","guid":{"rendered":"https:\/\/roveyayinevi.com.tr\/index.php\/urun\/mars-akademisi-2033\/"},"modified":"2026-04-16T02:25:09","modified_gmt":"2026-04-15T23:25:09","slug":"mars-akademisi-2033","status":"publish","type":"product","link":"https:\/\/roveyayinevi.com.tr\/index.php\/urun\/mars-akademisi-2033\/","title":{"rendered":"Mars Akademisi 2033"},"content":{"rendered":"<p>Bu \u00f6nemli g\u00f6rev i\u00e7in T\u00fcrkiye\u2019den aday olan sekiz g\u00f6n\u00fcll\u00fc \u00e7ocuk. Ve onlar\u0131 yolculu\u011fa haz\u0131rlayacak olan Mars Akademisi&#8230; Profes\u00f6r George Almud ba\u015fkanl\u0131\u011f\u0131nda y\u00fcr\u00fct\u00fclen Mars\u2019ta Yeni Ya\u015fam Projesi t\u00fcm h\u0131z\u0131yla ilerlemektedir. Almud ve ekibi, insanl\u0131\u011f\u0131n yeni bir ev aray\u0131\u015f\u0131n\u0131 sonu\u00e7land\u0131racak bu \u00f6nemli g\u00f6rev i\u00e7in d\u00fcnyan\u0131n bir ev aray\u0131\u015f\u0131n\u0131 sonu\u00e7land\u0131racak bu \u00f6nemli g\u00f6rev i\u00e7in d\u00fcnyan\u0131n elli \u00fclkesinden birer \u00e7ocuk se\u00e7meye karar verir. On yedi y\u0131l sonra, 2033 y\u0131l\u0131nda ger\u00e7ekle\u015ftirilecek u\u00e7u\u015f i\u00e7in se\u00e7ilecek elli \u00e7ocuk, Mars Akademisi\u2019nde y\u0131llar s\u00fcrecek s\u0131k\u0131 bir e\u011fitimden ge\u00e7irilecektir. Bu zorlu yolculuk i\u00e7in T\u00fcrkiye\u2019den sekiz \u00e7ocuk aday olur. \u0130\u00e7lerinden biri, Mars\u2019a ilk ayak basan insanlar aras\u0131nda yer alacakt\u0131r. Ancak beklediklerinden \u00e7ok daha zorlay\u0131c\u0131 bir s\u0131navla kar\u015f\u0131 kar\u015f\u0131ya kalacaklard\u0131r: Bir taraftan Mars Akademisi Haz\u0131rl\u0131k Merkezi\u2019nin zorlu testleri di\u011fer taraftan aralar\u0131nda ya\u015fad\u0131klar\u0131 gerilimler&#8230; Ama hi\u00e7bir \u015fey, Akademi\u2019deki b\u00fcy\u00fck gizem kadar \u015fa\u015f\u0131rt\u0131c\u0131 olmayacakt\u0131r.&#8221;Bilim tarihine ge\u00e7mi\u015f t\u00fcm b\u00fcy\u00fck insanlar, bir zamanlar hayal kuran k\u00fc\u00e7\u00fck \u00e7ocuklard\u0131.&#8221; <\/p>\n","protected":false},"excerpt":{"rendered":"<p>Bu \u00f6nemli g\u00f6rev i\u00e7in T\u00fcrkiye\u2019den aday olan sekiz g\u00f6n\u00fcll\u00fc \u00e7ocuk. Ve onlar\u0131 yolculu\u011fa haz\u0131rlayacak olan Mars Akademisi&#8230; Profes\u00f6r George Almud ba\u015fkanl\u0131\u011f\u0131nda y\u00fcr\u00fct\u00fclen Mars\u2019ta Yeni Ya\u015fam Projesi<span class=\"excerpt-hellip\"> [\u2026]<\/span><\/p>\n","protected":false},"featured_media":0,"template":"","meta":{"_monsterinsights_skip_tracking":false,"_monsterinsights_sitenote_active":false,"_monsterinsights_sitenote_note":"","_monsterinsights_sitenote_category":0},"product_brand":[],"product_cat":[12275,12274],"product_tag":[],"class_list":{"0":"post-717097","1":"product","2":"type-product","3":"status-publish","5":"product_cat-6-12-yas-kitaplari","6":"product_cat-cocuk-ve-genclik-kitaplari","7":"pa_cilt-ciltsiz","8":"pa_tur-kitap","9":"pa_yayinevi-dogan-egmont-yayincilik","10":"pa_yazar-hurihan-yildirim-kurtaran","12":"first","13":"instock","14":"sale","15":"shipping-taxable","16":"purchasable","17":"product-type-simple"},"_links":{"self":[{"href":"https:\/\/roveyayinevi.com.tr\/index.php\/wp-json\/wp\/v2\/product\/717097","targetHints":{"allow":["GET"]}}],"collection":[{"href":"https:\/\/roveyayinevi.com.tr\/index.php\/wp-json\/wp\/v2\/product"}],"about":[{"href":"https:\/\/roveyayinevi.com.tr\/index.php\/wp-json\/wp\/v2\/types\/product"}],"wp:attachment":[{"href":"https:\/\/roveyayinevi.com.tr\/index.php\/wp-json\/wp\/v2\/media?parent=717097"}],"wp:term":[{"taxonomy":"product_brand","embeddable":true,"href":"https:\/\/roveyayinevi.com.tr\/index.php\/wp-json\/wp\/v2\/product_brand?post=717097"},{"taxonomy":"product_cat","embeddable":true,"href":"https:\/\/roveyayinevi.com.tr\/index.php\/wp-json\/wp\/v2\/product_cat?post=717097"},{"taxonomy":"product_tag","embeddable":true,"href":"https:\/\/roveyayinevi.com.tr\/index.php\/wp-json\/wp\/v2\/product_tag?post=717097"}],"curies":[{"name":"wp","href":"https:\/\/api.w.org\/{rel}","templated":true}]}}