{"id":717096,"date":"2025-08-27T17:51:31","date_gmt":"2025-08-27T14:51:31","guid":{"rendered":"https:\/\/roveyayinevi.com.tr\/index.php\/urun\/igne-oyasi-bir-12-eylul-romani\/"},"modified":"2026-04-16T02:25:09","modified_gmt":"2026-04-15T23:25:09","slug":"igne-oyasi-bir-12-eylul-romani","status":"publish","type":"product","link":"https:\/\/roveyayinevi.com.tr\/index.php\/urun\/igne-oyasi-bir-12-eylul-romani\/","title":{"rendered":"\u0130\u011fne Oyas\u0131 Bir 12 Eyl\u00fcl Roman\u0131"},"content":{"rendered":"<p>Serra Menekay; \u201c\u0130\u011fne Oyas\u0131, Bir 12 Eyl\u00fcl Roman\u0131\u201dn\u0131n ikinci bask\u0131s\u0131 ile tekrar okuyucular\u0131yla bulu\u015fuyor\u2026 Serra Menekay roman\u0131n\u0131 \u015f\u00f6yle tan\u0131t\u0131yor okuyucular\u0131na;  \u201c\u202612 Eyl\u00fcl\u2019e giden o s\u00fcre\u00e7te \u00fclkemiz tam bir i\u011fne oyas\u0131 titizli\u011fiyle i\u015flendi. Ayn\u0131 i\u011fne oyas\u0131 gibi d\u00fc\u011f\u00fcmler ata ata, tek tek, ince ince i\u015flediler bizi. At\u0131lan her birim d\u00fc\u011f\u00fcm \u00fclkenin gelece\u011fe \u00e7\u0131kan yollar\u0131n\u0131 t\u0131kamay\u0131, kendi kaderini belirleyecek ayd\u0131n nesillerin \u00f6n\u00fcn\u00fc kapamay\u0131 ve gelece\u011fi geriye d\u00f6n\u00fc\u015fs\u00fcz bi\u00e7imde de\u011fi\u015ftirmeyi ama\u00e7l\u0131yordu. Biz de izin verdik oram\u0131za buram\u0131za i\u011fnelerin batmas\u0131na. Ne kald\u0131 geriye? Ne u\u011fruna sava\u015ft\u0131\u011f\u0131n\u0131 bilmeden harcanm\u0131\u015f gencecik hayatlar, bitmeyen bir yas, temellerinden sallanm\u0131\u015f bir \u00fclke ve bu \u00fclkenin tarihinden s\u00f6k\u00fclemeyen, \u00fczerinden bir t\u00fcrl\u00fc temizlenemeyen 12 Eyl\u00fcl ad\u0131nda kara bir leke\u2026\u201d \u0130\u011fne Oyas\u0131, cahil bir k\u00f6yl\u00fc kad\u0131n\u0131 olan D\u00fcrdane ile 12 Eyl\u00fcl\u2019e giden s\u00fcreci \u201c\u00e7ekirdekten solcu\u201d olarak ya\u015fayan \u00fcniversite \u00f6\u011frencisi Mehmet\u2019in s\u0131ra d\u0131\u015f\u0131 \u015fekilde birle\u015fen hayatlar\u0131n\u0131n s\u00fcr\u00fckleyici \u00f6yk\u00fcs\u00fc\u2026 Serra Menekay, yine ustal\u0131kl\u0131 kurgusu ve ak\u0131c\u0131 diliyle D\u00fcrdane ve Mehmet\u2019in dertlerinin penceresinden \u00fclkemizin karanl\u0131k bir d\u00f6nemine \u0131\u015f\u0131k tutuyor. \u0130yi okumalar diliyoruz\u2026   <\/p>\n","protected":false},"excerpt":{"rendered":"<p>Serra Menekay; \u201c\u0130\u011fne Oyas\u0131, Bir 12 Eyl\u00fcl Roman\u0131\u201dn\u0131n ikinci bask\u0131s\u0131 ile tekrar okuyucular\u0131yla bulu\u015fuyor\u2026 Serra Menekay roman\u0131n\u0131 \u015f\u00f6yle tan\u0131t\u0131yor okuyucular\u0131na; \u201c\u202612 Eyl\u00fcl\u2019e giden o s\u00fcre\u00e7te \u00fclkemiz<span class=\"excerpt-hellip\"> [\u2026]<\/span><\/p>\n","protected":false},"featured_media":0,"template":"","meta":{"_monsterinsights_skip_tracking":false,"_monsterinsights_sitenote_active":false,"_monsterinsights_sitenote_note":"","_monsterinsights_sitenote_category":0},"product_brand":[],"product_cat":[12291,12711],"product_tag":[],"class_list":{"0":"post-717096","1":"product","2":"type-product","3":"status-publish","5":"product_cat-edebiyat","6":"product_cat-roman-oyku","7":"pa_cilt-ciltsiz","8":"pa_tur-kitap","9":"pa_yayinevi-galeati-yayincilik","10":"pa_yazar-serra-menekay","12":"first","13":"instock","14":"sale","15":"shipping-taxable","16":"purchasable","17":"product-type-simple"},"_links":{"self":[{"href":"https:\/\/roveyayinevi.com.tr\/index.php\/wp-json\/wp\/v2\/product\/717096","targetHints":{"allow":["GET"]}}],"collection":[{"href":"https:\/\/roveyayinevi.com.tr\/index.php\/wp-json\/wp\/v2\/product"}],"about":[{"href":"https:\/\/roveyayinevi.com.tr\/index.php\/wp-json\/wp\/v2\/types\/product"}],"wp:attachment":[{"href":"https:\/\/roveyayinevi.com.tr\/index.php\/wp-json\/wp\/v2\/media?parent=717096"}],"wp:term":[{"taxonomy":"product_brand","embeddable":true,"href":"https:\/\/roveyayinevi.com.tr\/index.php\/wp-json\/wp\/v2\/product_brand?post=717096"},{"taxonomy":"product_cat","embeddable":true,"href":"https:\/\/roveyayinevi.com.tr\/index.php\/wp-json\/wp\/v2\/product_cat?post=717096"},{"taxonomy":"product_tag","embeddable":true,"href":"https:\/\/roveyayinevi.com.tr\/index.php\/wp-json\/wp\/v2\/product_tag?post=717096"}],"curies":[{"name":"wp","href":"https:\/\/api.w.org\/{rel}","templated":true}]}}