{"id":717088,"date":"2025-08-27T17:51:25","date_gmt":"2025-08-27T14:51:25","guid":{"rendered":"https:\/\/roveyayinevi.com.tr\/index.php\/urun\/askin-guzelligi\/"},"modified":"2026-04-16T02:25:09","modified_gmt":"2026-04-15T23:25:09","slug":"askin-guzelligi","status":"publish","type":"product","link":"https:\/\/roveyayinevi.com.tr\/index.php\/urun\/askin-guzelligi\/","title":{"rendered":"A\u015fk\u0131n G\u00fczelli\u011fi"},"content":{"rendered":"<p>&#8220;Kalbimin ritmini en \u00e7ok sevgiler, a\u015fklar y\u00fckseltti. Ben de herkes gibi ge\u00e7ici hevesler, u\u00e7ucu  mutluluklar, k\u0131r\u0131lma ve y\u0131k\u0131m anlar\u0131 ya\u015fad\u0131m. En g\u00fczel y\u0131llar\u0131m\u0131, mektuplar yazarak ge\u00e7irdim. S\u00f6zc\u00fcklerin bin bir anlam ta\u015f\u0131yan yank\u0131s\u0131n\u0131n, co\u015fku ve \u00f6zlemlerin yak\u0131c\u0131  gelgitlerinin, ku\u015fkular, su\u00e7lama  ve \u00e7aresizliklerin sab\u0131rla sat\u0131rlara d\u00f6k\u00fcld\u00fc\u011f\u00fc uzun geceler ya\u015fad\u0131m.    Sonralar\u0131,  a\u015fk \u00fczerine \u00e7ok \u015fey s\u00f6yledim, a\u015fk\u0131n t\u00fcrl\u00fc g\u00f6r\u00fcn\u00fcmlerini, ya\u015fanma bi\u00e7imlerini anlatan romanlar, \u00f6yk\u00fcler yazd\u0131m.  Hayal etti\u011fim ya da yeniden kurgulad\u0131\u011f\u0131m  her a\u015fk s\u00f6zc\u00fcklere d\u00f6n\u00fc\u015f\u00fcrken ger\u00e7e\u011fi a\u015ft\u0131 ve yeni bir ger\u00e7eklik  kazand\u0131.   A\u015fk, kendi imgemizi yeni ba\u015ftan yaratt\u0131\u011f\u0131m\u0131z, kendimize yeni ve anlaml\u0131  bir varolu\u015f  arad\u0131\u011f\u0131m\u0131z  bir s\u00fcre\u00e7. Benzersiz  g\u00fczellik ve zenginlikte bir olgu.  Ba\u015fka biriyle b\u00fct\u00fcnle\u015fmeye y\u00f6nelik  derin, evrensel  bir arzu. Bir ba\u015fkald\u0131r\u0131 ve \u00f6zg\u00fcrl\u00fck eylemi oldu\u011fu kadar  imk\u00e2ns\u0131z bir sonsuzluk  r\u00fcyas\u0131.  Bu kitap benim  a\u015fk \u00fczerine d\u00fc\u015f\u00fcnme ve yazma deneyimlerimden do\u011fdu. Yazd\u0131klar\u0131mdan \u00f6rneklerle ilerlerken a\u015fka dair  bildi\u011fim  ne varsa  i\u00e7ine ald\u0131. Dilerim, ya\u015fanmakta  olan, ya\u015fan\u0131p bitmi\u015f ya da ya\u015fanacak  t\u00fcm a\u015fklara bir ayna ve arma\u011fan olur. &#8220;<\/p>\n","protected":false},"excerpt":{"rendered":"<p>&#8220;Kalbimin ritmini en \u00e7ok sevgiler, a\u015fklar y\u00fckseltti. Ben de herkes gibi ge\u00e7ici hevesler, u\u00e7ucu mutluluklar, k\u0131r\u0131lma ve y\u0131k\u0131m anlar\u0131 ya\u015fad\u0131m. En g\u00fczel y\u0131llar\u0131m\u0131, mektuplar yazarak ge\u00e7irdim.<span class=\"excerpt-hellip\"> [\u2026]<\/span><\/p>\n","protected":false},"featured_media":0,"template":"","meta":{"_monsterinsights_skip_tracking":false,"_monsterinsights_sitenote_active":false,"_monsterinsights_sitenote_note":"","_monsterinsights_sitenote_category":0},"product_brand":[],"product_cat":[12291,12292],"product_tag":[],"class_list":{"0":"post-717088","1":"product","2":"type-product","3":"status-publish","5":"product_cat-edebiyat","6":"product_cat-turk-edebiyati","7":"pa_cilt-ciltsiz","8":"pa_tur-kitap","9":"pa_yayinevi-kirmizi-kedi-yayinevi","10":"pa_yazar-inci-aral","12":"first","13":"instock","14":"sale","15":"shipping-taxable","16":"purchasable","17":"product-type-simple"},"_links":{"self":[{"href":"https:\/\/roveyayinevi.com.tr\/index.php\/wp-json\/wp\/v2\/product\/717088","targetHints":{"allow":["GET"]}}],"collection":[{"href":"https:\/\/roveyayinevi.com.tr\/index.php\/wp-json\/wp\/v2\/product"}],"about":[{"href":"https:\/\/roveyayinevi.com.tr\/index.php\/wp-json\/wp\/v2\/types\/product"}],"wp:attachment":[{"href":"https:\/\/roveyayinevi.com.tr\/index.php\/wp-json\/wp\/v2\/media?parent=717088"}],"wp:term":[{"taxonomy":"product_brand","embeddable":true,"href":"https:\/\/roveyayinevi.com.tr\/index.php\/wp-json\/wp\/v2\/product_brand?post=717088"},{"taxonomy":"product_cat","embeddable":true,"href":"https:\/\/roveyayinevi.com.tr\/index.php\/wp-json\/wp\/v2\/product_cat?post=717088"},{"taxonomy":"product_tag","embeddable":true,"href":"https:\/\/roveyayinevi.com.tr\/index.php\/wp-json\/wp\/v2\/product_tag?post=717088"}],"curies":[{"name":"wp","href":"https:\/\/api.w.org\/{rel}","templated":true}]}}