{"id":717084,"date":"2025-08-27T17:51:22","date_gmt":"2025-08-27T14:51:22","guid":{"rendered":"https:\/\/roveyayinevi.com.tr\/index.php\/urun\/hayvan-hikayeleri\/"},"modified":"2026-04-16T02:25:09","modified_gmt":"2026-04-15T23:25:09","slug":"hayvan-hikayeleri","status":"publish","type":"product","link":"https:\/\/roveyayinevi.com.tr\/index.php\/urun\/hayvan-hikayeleri\/","title":{"rendered":"Hayvan Hikayeleri"},"content":{"rendered":"<p>Evlerinde yaln\u0131z olmad\u0131klar\u0131n\u0131 fark eden iki karde\u015f. \u015eiddetli ve tuhaf bir hastal\u0131k n\u00f6betiyle aksayan bir mektup. \u00d6l\u00fcmden bir anl\u0131\u011f\u0131na d\u00f6nen sevgili. Bir evin bah\u00e7esini i\u015fgal etmi\u015f bir kaplan\u2026 Hayvan Hik\u00e2yeleri\u2019nde Julio Cort\u00e1zar bizi hayallerin ve k\u00e2buslar\u0131n musallat oldu\u011fu apayr\u0131 bir ger\u00e7ekli\u011fe g\u00f6t\u00fcr\u00fcyor. Evlerinde yaln\u0131z olmad\u0131klar\u0131n\u0131 fark eden iki karde\u015f. \u015eiddetli ve tuhaf bir hastal\u0131k n\u00f6betiyle aksayan bir mektup. \u00d6l\u00fcmden bir anl\u0131\u011f\u0131na d\u00f6nen sevgili. Bir evin bah\u00e7esini i\u015fgal etmi\u015f bir kaplan\u2026 Hayvan Hik\u00e2yeleri\u2019nde Julio Cort\u00e1zar bizi hayallerin ve k\u00e2buslar\u0131n musallat oldu\u011fu apayr\u0131 bir ger\u00e7ekli\u011fe g\u00f6t\u00fcr\u00fcyor. <\/p>\n","protected":false},"excerpt":{"rendered":"<p>Evlerinde yaln\u0131z olmad\u0131klar\u0131n\u0131 fark eden iki karde\u015f. \u015eiddetli ve tuhaf bir hastal\u0131k n\u00f6betiyle aksayan bir mektup. \u00d6l\u00fcmden bir anl\u0131\u011f\u0131na d\u00f6nen sevgili. Bir evin bah\u00e7esini i\u015fgal etmi\u015f<span class=\"excerpt-hellip\"> [\u2026]<\/span><\/p>\n","protected":false},"featured_media":0,"template":"","meta":{"_monsterinsights_skip_tracking":false,"_monsterinsights_sitenote_active":false,"_monsterinsights_sitenote_note":"","_monsterinsights_sitenote_category":0},"product_brand":[],"product_cat":[12291,12711],"product_tag":[],"class_list":{"0":"post-717084","1":"product","2":"type-product","3":"status-publish","5":"product_cat-edebiyat","6":"product_cat-roman-oyku","7":"pa_cilt-ciltsiz","8":"pa_tur-kitap","9":"pa_yayinevi-can-yayinlari","10":"pa_yazar-julio-cortazar","12":"first","13":"instock","14":"sale","15":"shipping-taxable","16":"purchasable","17":"product-type-simple"},"_links":{"self":[{"href":"https:\/\/roveyayinevi.com.tr\/index.php\/wp-json\/wp\/v2\/product\/717084","targetHints":{"allow":["GET"]}}],"collection":[{"href":"https:\/\/roveyayinevi.com.tr\/index.php\/wp-json\/wp\/v2\/product"}],"about":[{"href":"https:\/\/roveyayinevi.com.tr\/index.php\/wp-json\/wp\/v2\/types\/product"}],"wp:attachment":[{"href":"https:\/\/roveyayinevi.com.tr\/index.php\/wp-json\/wp\/v2\/media?parent=717084"}],"wp:term":[{"taxonomy":"product_brand","embeddable":true,"href":"https:\/\/roveyayinevi.com.tr\/index.php\/wp-json\/wp\/v2\/product_brand?post=717084"},{"taxonomy":"product_cat","embeddable":true,"href":"https:\/\/roveyayinevi.com.tr\/index.php\/wp-json\/wp\/v2\/product_cat?post=717084"},{"taxonomy":"product_tag","embeddable":true,"href":"https:\/\/roveyayinevi.com.tr\/index.php\/wp-json\/wp\/v2\/product_tag?post=717084"}],"curies":[{"name":"wp","href":"https:\/\/api.w.org\/{rel}","templated":true}]}}