{"id":717082,"date":"2025-08-27T17:51:21","date_gmt":"2025-08-27T14:51:21","guid":{"rendered":"https:\/\/roveyayinevi.com.tr\/index.php\/urun\/dikkat-virus-tehlikesi-siradan-cocuklar-birligi-2-ciltli\/"},"modified":"2026-04-16T02:25:09","modified_gmt":"2026-04-15T23:25:09","slug":"dikkat-virus-tehlikesi-siradan-cocuklar-birligi-2-ciltli","status":"publish","type":"product","link":"https:\/\/roveyayinevi.com.tr\/index.php\/urun\/dikkat-virus-tehlikesi-siradan-cocuklar-birligi-2-ciltli\/","title":{"rendered":"Dikkat! Vir\u00fcs Tehlikesi! &#8211; S\u0131radan \u00c7ocuklar Birli\u011fi 2 (Ciltli)"},"content":{"rendered":"<p>Dikkat! Vir\u00fcs Tehlikesi!\u0130nsanlar\u0131n zekas\u0131 azal\u0131yor!Amerikan tarihinde ya\u015fanan en b\u00fcy\u00fck g\u00fcvenlik ihlali sonras\u0131nda on iki ya\u015f\u0131ndaki Jonathan Murray ve Shelley Brown, \u00fclkenin en s\u0131radan ve en normal \u00e7ocuklar\u0131n\u0131n ajan olarak g\u00f6revlendirildi\u011fi gizli bir a\u011fa, yani S\u0131radan \u00c7ocuklar Birli\u011fi\u2019ne al\u0131nd\u0131lar. B\u00fct\u00fcn engellere ra\u011fmen Jonathan ve Shelley d\u00fcnyay\u0131 kurtard\u0131. (Muhtemelen tesad\u00fcfen.) \u015eimdi \u0130ngiltere\u2019nin ba\u015fbakan\u0131, insanlar\u0131n zek\u00e2s\u0131n\u0131 azaltan bir vir\u00fcs\u00fc serbest b\u0131rakacak su\u00e7luyu durdurmalar\u0131 i\u00e7in onlarla \u00e7al\u0131\u015fmak istiyor. Acaba Jonathan ve Shelley yeteneklerini(!) bir kez daha birle\u015ftirebilecek ve insanl\u0131\u011f\u0131 kurtarabilecekler mi?Bol macera ve komediye haz\u0131r olun!\u201cDaneshvari, e\u011flenceli at\u0131\u015fmalarla dolu anlar sunuyor&#8230; Bu harika kitap, Daneshvari hayranlar\u0131n\u0131n ve komedi severlerin kesinlikle ho\u015funa gidecek.\u201dKirkus Reviews<\/p>\n","protected":false},"excerpt":{"rendered":"<p>Dikkat! Vir\u00fcs Tehlikesi!\u0130nsanlar\u0131n zekas\u0131 azal\u0131yor!Amerikan tarihinde ya\u015fanan en b\u00fcy\u00fck g\u00fcvenlik ihlali sonras\u0131nda on iki ya\u015f\u0131ndaki Jonathan Murray ve Shelley Brown, \u00fclkenin en s\u0131radan ve en normal<span class=\"excerpt-hellip\"> [\u2026]<\/span><\/p>\n","protected":false},"featured_media":0,"template":"","meta":{"_monsterinsights_skip_tracking":false,"_monsterinsights_sitenote_active":false,"_monsterinsights_sitenote_note":"","_monsterinsights_sitenote_category":0},"product_brand":[],"product_cat":[12274,12284],"product_tag":[],"class_list":{"0":"post-717082","1":"product","2":"type-product","3":"status-publish","5":"product_cat-cocuk-ve-genclik-kitaplari","6":"product_cat-hikayeler","7":"pa_cilt-ciltli","8":"pa_tur-kitap","9":"pa_yayinevi-epsilon-yayinlari","10":"pa_yazar-gitty-daneshvari","12":"first","13":"instock","14":"sale","15":"shipping-taxable","16":"purchasable","17":"product-type-simple"},"_links":{"self":[{"href":"https:\/\/roveyayinevi.com.tr\/index.php\/wp-json\/wp\/v2\/product\/717082","targetHints":{"allow":["GET"]}}],"collection":[{"href":"https:\/\/roveyayinevi.com.tr\/index.php\/wp-json\/wp\/v2\/product"}],"about":[{"href":"https:\/\/roveyayinevi.com.tr\/index.php\/wp-json\/wp\/v2\/types\/product"}],"wp:attachment":[{"href":"https:\/\/roveyayinevi.com.tr\/index.php\/wp-json\/wp\/v2\/media?parent=717082"}],"wp:term":[{"taxonomy":"product_brand","embeddable":true,"href":"https:\/\/roveyayinevi.com.tr\/index.php\/wp-json\/wp\/v2\/product_brand?post=717082"},{"taxonomy":"product_cat","embeddable":true,"href":"https:\/\/roveyayinevi.com.tr\/index.php\/wp-json\/wp\/v2\/product_cat?post=717082"},{"taxonomy":"product_tag","embeddable":true,"href":"https:\/\/roveyayinevi.com.tr\/index.php\/wp-json\/wp\/v2\/product_tag?post=717082"}],"curies":[{"name":"wp","href":"https:\/\/api.w.org\/{rel}","templated":true}]}}