{"id":717080,"date":"2025-08-27T17:51:20","date_gmt":"2025-08-27T14:51:20","guid":{"rendered":"https:\/\/roveyayinevi.com.tr\/index.php\/urun\/heidi-12\/"},"modified":"2026-04-16T02:25:09","modified_gmt":"2026-04-15T23:25:09","slug":"heidi-12","status":"publish","type":"product","link":"https:\/\/roveyayinevi.com.tr\/index.php\/urun\/heidi-12\/","title":{"rendered":"Heidi"},"content":{"rendered":"<p>\u00c7ocuk edebiyat\u0131n\u0131n en bilinen ve sevilen kahramanlar\u0131ndan Heidi\u2019nin maceralar\u0131 \u201c\u00e7ocuklar i\u00e7in oldu\u011fu kadar \u00e7ocuklar\u0131 sevenler i\u00e7in de\u201d e\u015fsiz bir yolculuk vaat ediyor. Heidi, anne ve babas\u0131n\u0131 kaybetmesinin ard\u0131ndan kimsenin sevmedi\u011fi, huysuzluklar\u0131yla bilinen b\u00fcy\u00fckbabas\u0131 Alm-\u00d6hi\u2019nin yan\u0131na b\u0131rak\u0131l\u0131r. \u0130yi niyetiyle \u00e7evresindeki herkesi, Peter\u2019i ve b\u00fcy\u00fckbabas\u0131n\u0131, Klara\u2019y\u0131 ve b\u00fcy\u00fckanneyi b\u00fcy\u00fcler. Alpler\u2019in tertemiz havas\u0131, u\u011fuldayan \u00e7am a\u011fa\u00e7lar\u0131, yemye\u015fil otlaklardaki ke\u00e7iler Heidi\u2019nin akl\u0131n\u0131 ba\u015f\u0131ndan al\u0131r. Bir g\u00fcn Frankfurt\u2019a, karanl\u0131k ve so\u011fuk bu \u015fehre gitmek zorunda kald\u0131\u011f\u0131nda hi\u00e7bir \u015fey eskisi gibi olmaz. Bakal\u0131m Heidi o g\u00fczel g\u00fcnlere, \u00e7ok sevdi\u011fi do\u011faya d\u00f6nebilecek midir? Kar\u015f\u0131la\u015ft\u0131\u011f\u0131 zorluklar\u0131 bir bir a\u015fan, hayat\u0131 ne\u015fe i\u00e7inde ya\u015famay\u0131 ba\u015faran Heidi\u2019nin etraf\u0131na yayd\u0131\u011f\u0131 s\u0131cac\u0131k sevgi sizi de sarmalayacak. <\/p>\n","protected":false},"excerpt":{"rendered":"<p>\u00c7ocuk edebiyat\u0131n\u0131n en bilinen ve sevilen kahramanlar\u0131ndan Heidi\u2019nin maceralar\u0131 \u201c\u00e7ocuklar i\u00e7in oldu\u011fu kadar \u00e7ocuklar\u0131 sevenler i\u00e7in de\u201d e\u015fsiz bir yolculuk vaat ediyor. Heidi, anne ve babas\u0131n\u0131<span class=\"excerpt-hellip\"> [\u2026]<\/span><\/p>\n","protected":false},"featured_media":0,"template":"","meta":{"_monsterinsights_skip_tracking":false,"_monsterinsights_sitenote_active":false,"_monsterinsights_sitenote_note":"","_monsterinsights_sitenote_category":0},"product_brand":[],"product_cat":[12274,12467],"product_tag":[],"class_list":{"0":"post-717080","1":"product","2":"type-product","3":"status-publish","5":"product_cat-cocuk-ve-genclik-kitaplari","6":"product_cat-dunya-klasikleri","7":"pa_cilt-ciltsiz","8":"pa_tur-kitap","9":"pa_yayinevi-iletisim-yayinlari","10":"pa_yazar-johanna-spyri","12":"first","13":"instock","14":"sale","15":"shipping-taxable","16":"purchasable","17":"product-type-simple"},"_links":{"self":[{"href":"https:\/\/roveyayinevi.com.tr\/index.php\/wp-json\/wp\/v2\/product\/717080","targetHints":{"allow":["GET"]}}],"collection":[{"href":"https:\/\/roveyayinevi.com.tr\/index.php\/wp-json\/wp\/v2\/product"}],"about":[{"href":"https:\/\/roveyayinevi.com.tr\/index.php\/wp-json\/wp\/v2\/types\/product"}],"wp:attachment":[{"href":"https:\/\/roveyayinevi.com.tr\/index.php\/wp-json\/wp\/v2\/media?parent=717080"}],"wp:term":[{"taxonomy":"product_brand","embeddable":true,"href":"https:\/\/roveyayinevi.com.tr\/index.php\/wp-json\/wp\/v2\/product_brand?post=717080"},{"taxonomy":"product_cat","embeddable":true,"href":"https:\/\/roveyayinevi.com.tr\/index.php\/wp-json\/wp\/v2\/product_cat?post=717080"},{"taxonomy":"product_tag","embeddable":true,"href":"https:\/\/roveyayinevi.com.tr\/index.php\/wp-json\/wp\/v2\/product_tag?post=717080"}],"curies":[{"name":"wp","href":"https:\/\/api.w.org\/{rel}","templated":true}]}}