{"id":717078,"date":"2025-08-27T17:51:18","date_gmt":"2025-08-27T14:51:18","guid":{"rendered":"https:\/\/roveyayinevi.com.tr\/index.php\/urun\/yeni-baslayanlar-icin-yunan-mitolojisi\/"},"modified":"2026-04-16T02:25:08","modified_gmt":"2026-04-15T23:25:08","slug":"yeni-baslayanlar-icin-yunan-mitolojisi","status":"publish","type":"product","link":"https:\/\/roveyayinevi.com.tr\/index.php\/urun\/yeni-baslayanlar-icin-yunan-mitolojisi\/","title":{"rendered":"Yeni Ba\u015flayanlar \u0130\u00e7in Yunan Mitolojisi"},"content":{"rendered":"<p>\u00c7izgi romanlardan NASA\u2019ya kadar bir\u00e7oklar\u0131 bu hik\u00e2yelerden \u00f6\u011frendi ve ilham ald\u0131.Yeni Ba\u015flayanlar i\u00e7in Yunan Mitolojisi, \u00f6l\u00fcms\u00fczl\u00fck havuzundaki haydutlar\u0131n, zorbalar\u0131n ve kahramanlar\u0131n \u00f6l\u00fcml\u00fclerle olan hik\u00e2yelerini anlat\u0131r. Eser, bu \u00f6l\u00fcms\u00fczl\u00fck kavram\u0131n\u0131n global k\u00fclt\u00fcre ve d\u00fc\u015f\u00fcnce sistemine olan etkisini Roma\u2019dan Shakespeare\u2019e, Nietzsche\u2019den kendi zaman\u0131m\u0131za her \u00e7a\u011f i\u00e7in kar\u015f\u0131la\u015ft\u0131rmal\u0131 olarak incelemektedir.Hermes\u2019in kanatl\u0131 sandaletlerine tutunarak, Pegasus\u2019a eyer vurarak yahut en yak\u0131ndaki yar\u0131 kad\u0131n yar\u0131 ku\u015f canavarlar\u0131 yakalayarak (g\u00f6zlerinizi kapal\u0131 tutmay\u0131 unutmay\u0131n) hayat\u0131n\u0131z\u0131n en e\u011flenceli yolculu\u011fu sizi bekliyor.Haydi o zaman!D\u00fcnyan\u0131n kadim ve \u00e7arp\u0131c\u0131 hik\u00e2yelerine kanat a\u00e7al\u0131m.<\/p>\n","protected":false},"excerpt":{"rendered":"<p>\u00c7izgi romanlardan NASA\u2019ya kadar bir\u00e7oklar\u0131 bu hik\u00e2yelerden \u00f6\u011frendi ve ilham ald\u0131.Yeni Ba\u015flayanlar i\u00e7in Yunan Mitolojisi, \u00f6l\u00fcms\u00fczl\u00fck havuzundaki haydutlar\u0131n, zorbalar\u0131n ve kahramanlar\u0131n \u00f6l\u00fcml\u00fclerle olan hik\u00e2yelerini anlat\u0131r. Eser,<span class=\"excerpt-hellip\"> [\u2026]<\/span><\/p>\n","protected":false},"featured_media":0,"template":"","meta":{"_monsterinsights_skip_tracking":false,"_monsterinsights_sitenote_active":false,"_monsterinsights_sitenote_note":"","_monsterinsights_sitenote_category":0},"product_brand":[],"product_cat":[13005,18664],"product_tag":[],"class_list":{"0":"post-717078","1":"product","2":"type-product","3":"status-publish","5":"product_cat-bilim-muhendislik","6":"product_cat-muhendislik","7":"pa_cilt-ciltsiz","8":"pa_tur-kitap","9":"pa_yayinevi-tuti-kitap","10":"pa_yazar-joe-lee","12":"first","13":"instock","14":"sale","15":"shipping-taxable","16":"purchasable","17":"product-type-simple"},"_links":{"self":[{"href":"https:\/\/roveyayinevi.com.tr\/index.php\/wp-json\/wp\/v2\/product\/717078","targetHints":{"allow":["GET"]}}],"collection":[{"href":"https:\/\/roveyayinevi.com.tr\/index.php\/wp-json\/wp\/v2\/product"}],"about":[{"href":"https:\/\/roveyayinevi.com.tr\/index.php\/wp-json\/wp\/v2\/types\/product"}],"wp:attachment":[{"href":"https:\/\/roveyayinevi.com.tr\/index.php\/wp-json\/wp\/v2\/media?parent=717078"}],"wp:term":[{"taxonomy":"product_brand","embeddable":true,"href":"https:\/\/roveyayinevi.com.tr\/index.php\/wp-json\/wp\/v2\/product_brand?post=717078"},{"taxonomy":"product_cat","embeddable":true,"href":"https:\/\/roveyayinevi.com.tr\/index.php\/wp-json\/wp\/v2\/product_cat?post=717078"},{"taxonomy":"product_tag","embeddable":true,"href":"https:\/\/roveyayinevi.com.tr\/index.php\/wp-json\/wp\/v2\/product_tag?post=717078"}],"curies":[{"name":"wp","href":"https:\/\/api.w.org\/{rel}","templated":true}]}}