{"id":717077,"date":"2025-08-27T17:51:18","date_gmt":"2025-08-27T14:51:18","guid":{"rendered":"https:\/\/roveyayinevi.com.tr\/index.php\/urun\/ensest-yasagi-ve-kokenleri\/"},"modified":"2026-04-16T02:25:08","modified_gmt":"2026-04-15T23:25:08","slug":"ensest-yasagi-ve-kokenleri","status":"publish","type":"product","link":"https:\/\/roveyayinevi.com.tr\/index.php\/urun\/ensest-yasagi-ve-kokenleri\/","title":{"rendered":"Ensest Yasa\u011f\u0131 ve K\u00f6kenleri"},"content":{"rendered":"<p>Ensest yasa\u011f\u0131\u2026 Belki de k\u00f6kenleri insanl\u0131k tarihinin ilk devirlerine kadar giden bir yasak. Yasa\u011f\u0131n ihlalinin cezas\u0131, bazen k\u0131rba\u00e7lanma bazen de \u00f6l\u00fcm olmu\u015f. Peki ensest neden yasaklanm\u0131\u015f? \u0130lkel bir hukuk d\u00fczenlemesine bile sahip olmayan kabilelerin esas tabular\u0131ndan biri olan ensest, geli\u015fmi\u015f bir hukuk sistemine sahip modern toplumlar\u0131m\u0131z\u0131 h\u00e2l\u00e2 nas\u0131l \u015fekillendirebiliyor? Din, etik, psikoloji ve antropoloji gibi ana disiplinlerin temel konular\u0131ndan biri olan ensesti ve yasaklanmas\u0131n\u0131 kurucu sosyologlardan \u00c9mile Durkheim inceliyor.<\/p>\n","protected":false},"excerpt":{"rendered":"<p>Ensest yasa\u011f\u0131\u2026 Belki de k\u00f6kenleri insanl\u0131k tarihinin ilk devirlerine kadar giden bir yasak. Yasa\u011f\u0131n ihlalinin cezas\u0131, bazen k\u0131rba\u00e7lanma bazen de \u00f6l\u00fcm olmu\u015f. Peki ensest neden yasaklanm\u0131\u015f?<span class=\"excerpt-hellip\"> [\u2026]<\/span><\/p>\n","protected":false},"featured_media":0,"template":"","meta":{"_monsterinsights_skip_tracking":false,"_monsterinsights_sitenote_active":false,"_monsterinsights_sitenote_note":"","_monsterinsights_sitenote_category":0},"product_brand":[],"product_cat":[15499,13488],"product_tag":[],"class_list":{"0":"post-717077","1":"product","2":"type-product","3":"status-publish","5":"product_cat-antropoloji","6":"product_cat-toplum-ve-insan","7":"pa_cilt-ciltsiz","8":"pa_tur-kitap","9":"pa_yayinevi-pinhan-yayincilik","10":"pa_yazar-emile-durkheim","12":"first","13":"instock","14":"sale","15":"shipping-taxable","16":"purchasable","17":"product-type-simple"},"_links":{"self":[{"href":"https:\/\/roveyayinevi.com.tr\/index.php\/wp-json\/wp\/v2\/product\/717077","targetHints":{"allow":["GET"]}}],"collection":[{"href":"https:\/\/roveyayinevi.com.tr\/index.php\/wp-json\/wp\/v2\/product"}],"about":[{"href":"https:\/\/roveyayinevi.com.tr\/index.php\/wp-json\/wp\/v2\/types\/product"}],"wp:attachment":[{"href":"https:\/\/roveyayinevi.com.tr\/index.php\/wp-json\/wp\/v2\/media?parent=717077"}],"wp:term":[{"taxonomy":"product_brand","embeddable":true,"href":"https:\/\/roveyayinevi.com.tr\/index.php\/wp-json\/wp\/v2\/product_brand?post=717077"},{"taxonomy":"product_cat","embeddable":true,"href":"https:\/\/roveyayinevi.com.tr\/index.php\/wp-json\/wp\/v2\/product_cat?post=717077"},{"taxonomy":"product_tag","embeddable":true,"href":"https:\/\/roveyayinevi.com.tr\/index.php\/wp-json\/wp\/v2\/product_tag?post=717077"}],"curies":[{"name":"wp","href":"https:\/\/api.w.org\/{rel}","templated":true}]}}