{"id":717075,"date":"2025-08-27T17:51:17","date_gmt":"2025-08-27T14:51:17","guid":{"rendered":"https:\/\/roveyayinevi.com.tr\/index.php\/urun\/ruhun-tehlikeleri-ve-tabu\/"},"modified":"2026-04-16T02:25:08","modified_gmt":"2026-04-15T23:25:08","slug":"ruhun-tehlikeleri-ve-tabu","status":"publish","type":"product","link":"https:\/\/roveyayinevi.com.tr\/index.php\/urun\/ruhun-tehlikeleri-ve-tabu\/","title":{"rendered":"Ruhun Tehlikeleri ve Tabu"},"content":{"rendered":"<p>Tabu kavram\u0131 dilimize ilkel insanlar\u0131n s\u00f6zl\u00fc dilinden ge\u00e7mi\u015ftir. Bu s\u00f6zc\u00fc\u011f\u00fc ald\u0131\u011f\u0131m\u0131z Polinezya dilinde, soylular\u0131n ki\u015filiklerine ve \u00f6zel m\u00fclkiyet haklar\u0131na kar\u015f\u0131 bat\u0131l inan\u00e7 kaynakl\u0131 bir sayg\u0131 telkin eder ve dini, toplumsal ve siyasi ya\u015fam\u0131 derinden etkileyen \u015fa\u015f\u0131rt\u0131c\u0131 bir sistemi tan\u0131mlar. Bu cilt, tabu ilkelerini kitab\u0131n as\u0131l temas\u0131 olan krallar ve rahipler gibi kutsal ki\u015filikler \u00fczerinden ele al\u0131r.Tabu ve benzer sistemlerin din, ahlak, y\u00f6netim ve m\u00fclkiyetin geli\u015fimindeki \u00f6nemi o g\u00fcnden sonra genel hatlar\u0131yla kabul g\u00f6rd\u00fc\u011f\u00fc gibi antropolojinin s\u0131radan bir unsuru haline gelmi\u015ftir.<\/p>\n","protected":false},"excerpt":{"rendered":"<p>Tabu kavram\u0131 dilimize ilkel insanlar\u0131n s\u00f6zl\u00fc dilinden ge\u00e7mi\u015ftir. Bu s\u00f6zc\u00fc\u011f\u00fc ald\u0131\u011f\u0131m\u0131z Polinezya dilinde, soylular\u0131n ki\u015filiklerine ve \u00f6zel m\u00fclkiyet haklar\u0131na kar\u015f\u0131 bat\u0131l inan\u00e7 kaynakl\u0131 bir sayg\u0131 telkin<span class=\"excerpt-hellip\"> [\u2026]<\/span><\/p>\n","protected":false},"featured_media":0,"template":"","meta":{"_monsterinsights_skip_tracking":false,"_monsterinsights_sitenote_active":false,"_monsterinsights_sitenote_note":"","_monsterinsights_sitenote_category":0},"product_brand":[],"product_cat":[15499,13488],"product_tag":[],"class_list":{"0":"post-717075","1":"product","2":"type-product","3":"status-publish","5":"product_cat-antropoloji","6":"product_cat-toplum-ve-insan","7":"pa_cilt-ciltsiz","8":"pa_tur-kitap","9":"pa_yayinevi-pinhan-yayincilik","10":"pa_yazar-james-george-frazer","12":"first","13":"instock","14":"sale","15":"shipping-taxable","16":"purchasable","17":"product-type-simple"},"_links":{"self":[{"href":"https:\/\/roveyayinevi.com.tr\/index.php\/wp-json\/wp\/v2\/product\/717075","targetHints":{"allow":["GET"]}}],"collection":[{"href":"https:\/\/roveyayinevi.com.tr\/index.php\/wp-json\/wp\/v2\/product"}],"about":[{"href":"https:\/\/roveyayinevi.com.tr\/index.php\/wp-json\/wp\/v2\/types\/product"}],"wp:attachment":[{"href":"https:\/\/roveyayinevi.com.tr\/index.php\/wp-json\/wp\/v2\/media?parent=717075"}],"wp:term":[{"taxonomy":"product_brand","embeddable":true,"href":"https:\/\/roveyayinevi.com.tr\/index.php\/wp-json\/wp\/v2\/product_brand?post=717075"},{"taxonomy":"product_cat","embeddable":true,"href":"https:\/\/roveyayinevi.com.tr\/index.php\/wp-json\/wp\/v2\/product_cat?post=717075"},{"taxonomy":"product_tag","embeddable":true,"href":"https:\/\/roveyayinevi.com.tr\/index.php\/wp-json\/wp\/v2\/product_tag?post=717075"}],"curies":[{"name":"wp","href":"https:\/\/api.w.org\/{rel}","templated":true}]}}