{"id":717074,"date":"2025-08-27T17:51:16","date_gmt":"2025-08-27T14:51:16","guid":{"rendered":"https:\/\/roveyayinevi.com.tr\/index.php\/urun\/yonsuzlesmis-savaslar\/"},"modified":"2026-04-16T02:25:08","modified_gmt":"2026-04-15T23:25:08","slug":"yonsuzlesmis-savaslar","status":"publish","type":"product","link":"https:\/\/roveyayinevi.com.tr\/index.php\/urun\/yonsuzlesmis-savaslar\/","title":{"rendered":"Y\u00f6ns\u00fczle\u015fmi\u015f Sava\u015flar"},"content":{"rendered":"<p>Y\u00f6ns\u00fczle\u015fmi\u015f Sava\u015flar kitab\u0131, g\u00fcn\u00fcm\u00fcz\u00fcn y\u0131k\u0131c\u0131 ve hukuk kurmayan sava\u015flar\u0131n\u0131 konu edinmektedir. Ya\u015fad\u0131\u011f\u0131m\u0131z \u00e7a\u011f ne ta\u015f \u00e7a\u011f\u0131d\u0131r ne bronz ne de demir\u2026Ya\u015fad\u0131\u011f\u0131m\u0131z \u00e7a\u011f plastik \u00e7a\u011fd\u0131r. Her \u015fey h\u0131zl\u0131ca \u015fekil de\u011fi\u015ftirebilir ve topra\u011fa yabanc\u0131d\u0131r. B\u00f6yle bir \u00e7a\u011fda sava\u015flar da y\u00f6ns\u00fczle\u015fmi\u015ftir. M. Ertan Karde\u015f, \u201cpolitik felsefenin bir s\u0131n\u0131r meselesi olarak\u201d g\u00fcn\u00fcm\u00fcz\u00fcn y\u00f6ns\u00fczle\u015fmi\u015f sava\u015flar\u0131n\u0131 tart\u0131\u015fmaya a\u00e7arak kavramaya \u00e7al\u0131\u015fmaktad\u0131r.\u00c7al\u0131\u015fma, \u00e7a\u011fda\u015f politik felsefenin tan\u0131nma, kriz, \u00e7at\u0131\u015fma gibi konular\u0131n\u0131 sava\u015f kavray\u0131\u015f\u0131ndan hareketle d\u00fc\u015f\u00fcnmeye davet ediyor. \u201cFelsefe ya da politik felsefe\u201d a\u00e7\u0131s\u0131ndan sava\u015flar\u0131 tarihselli\u011fi ba\u011flam\u0131nda tan\u0131mak ve sava\u015f\u0131n kendisini \u015fiddet olarak yeniden \u00fcretme bi\u00e7imlerini d\u00fc\u015f\u00fcnmek ka\u00e7\u0131n\u0131lmaz durmaktad\u0131r. Kitap \u00e7a\u011f\u0131n semptomlar\u0131n\u0131 Hobbes, Rousseau, Clausewitz, Hegel, Schmitt ve Aron etraf\u0131ndaki \u00e7apraz okumalarla de\u015fmekte ve y\u00f6ns\u00fczle\u015fmi\u015f sava\u015flar\u0131n d\u00fcnyas\u0131nda t\u00fcm toplumsal tasar\u0131mlar\u0131m\u0131z\u0131n yeniden d\u00fc\u015f\u00fcn\u00fclmesinin zorunlu oldu\u011funun alt\u0131n\u0131 \u00e7izmektedir.<\/p>\n","protected":false},"excerpt":{"rendered":"<p>Y\u00f6ns\u00fczle\u015fmi\u015f Sava\u015flar kitab\u0131, g\u00fcn\u00fcm\u00fcz\u00fcn y\u0131k\u0131c\u0131 ve hukuk kurmayan sava\u015flar\u0131n\u0131 konu edinmektedir. Ya\u015fad\u0131\u011f\u0131m\u0131z \u00e7a\u011f ne ta\u015f \u00e7a\u011f\u0131d\u0131r ne bronz ne de demir\u2026Ya\u015fad\u0131\u011f\u0131m\u0131z \u00e7a\u011f plastik \u00e7a\u011fd\u0131r. Her \u015fey<span class=\"excerpt-hellip\"> [\u2026]<\/span><\/p>\n","protected":false},"featured_media":0,"template":"","meta":{"_monsterinsights_skip_tracking":false,"_monsterinsights_sitenote_active":false,"_monsterinsights_sitenote_note":"","_monsterinsights_sitenote_category":0},"product_brand":[],"product_cat":[13590,12337],"product_tag":[],"class_list":{"0":"post-717074","1":"product","2":"type-product","3":"status-publish","5":"product_cat-arastirma-inceleme-politika-siyaset","6":"product_cat-politika-siyaset","7":"pa_cilt-ciltsiz","8":"pa_tur-kitap","9":"pa_yayinevi-pinhan-yayincilik","10":"pa_yazar-m-ertan-kardes","12":"first","13":"instock","14":"sale","15":"shipping-taxable","16":"purchasable","17":"product-type-simple"},"_links":{"self":[{"href":"https:\/\/roveyayinevi.com.tr\/index.php\/wp-json\/wp\/v2\/product\/717074","targetHints":{"allow":["GET"]}}],"collection":[{"href":"https:\/\/roveyayinevi.com.tr\/index.php\/wp-json\/wp\/v2\/product"}],"about":[{"href":"https:\/\/roveyayinevi.com.tr\/index.php\/wp-json\/wp\/v2\/types\/product"}],"wp:attachment":[{"href":"https:\/\/roveyayinevi.com.tr\/index.php\/wp-json\/wp\/v2\/media?parent=717074"}],"wp:term":[{"taxonomy":"product_brand","embeddable":true,"href":"https:\/\/roveyayinevi.com.tr\/index.php\/wp-json\/wp\/v2\/product_brand?post=717074"},{"taxonomy":"product_cat","embeddable":true,"href":"https:\/\/roveyayinevi.com.tr\/index.php\/wp-json\/wp\/v2\/product_cat?post=717074"},{"taxonomy":"product_tag","embeddable":true,"href":"https:\/\/roveyayinevi.com.tr\/index.php\/wp-json\/wp\/v2\/product_tag?post=717074"}],"curies":[{"name":"wp","href":"https:\/\/api.w.org\/{rel}","templated":true}]}}