{"id":717071,"date":"2025-08-27T17:51:15","date_gmt":"2025-08-27T14:51:15","guid":{"rendered":"https:\/\/roveyayinevi.com.tr\/index.php\/urun\/gocmen-entegrasyonu-ve-taninma-teorisi-adil-entegrasyon\/"},"modified":"2026-04-16T02:25:08","modified_gmt":"2026-04-15T23:25:08","slug":"gocmen-entegrasyonu-ve-taninma-teorisi-adil-entegrasyon","status":"publish","type":"product","link":"https:\/\/roveyayinevi.com.tr\/index.php\/urun\/gocmen-entegrasyonu-ve-taninma-teorisi-adil-entegrasyon\/","title":{"rendered":"G\u00f6\u00e7men Entegrasyonu ve Tan\u0131nma Teorisi  &#8211; Adil Entegrasyon"},"content":{"rendered":"<p>Bu kitap, g\u00f6\u00e7men entegrasyonu meselesini bir demokratik adalet sorunu olarak tan\u0131mlamaktad\u0131r. Bu ba\u011flamda, \u201centegrasyon\u201d teriminin yorumunun ev sahibi toplumun o andaki endi\u015felerine dayanarak, g\u00f6\u00e7men \u00e7e\u015fitlili\u011finin sosyal uyum ve g\u00fcvenlik \u00fczerindeki etkileri bak\u0131m\u0131ndan tarih boyunca yeniden in\u015fa edildi\u011fini \u00f6ne s\u00fcrer ve Parekh, Tully ve Honneth\u2019in tan\u0131nma teorilerinin bir \u00e7\u00f6z\u00fcmleme ve uygulamas\u0131yla, dahil edilme ve bireyselle\u015fmenin normatif de\u011ferlerine dayal\u0131, yeni bir \u201cadil entegrasyon\u201d tan\u0131m\u0131 ortaya koyar. \u201cAdil Entegrasyon\u201d idealine sadece belirli g\u00f6\u00e7 politikalar\u0131n\u0131n uygulanmas\u0131yla ula\u015f\u0131labilecek g\u00fcvenlik ya da liberal de\u011ferlerin korunmas\u0131 amac\u0131 olarak de\u011fil, ki\u015filerin toplumun e\u015fit \u00fcyeleri olarak bir araya gelerek, yanl\u0131\u015f ve ideolojik tan\u0131nma kar\u015f\u0131s\u0131nda toplumsal de\u011ferleri de\u011fi\u015ftirdikleri, somut ve d\u00f6n\u00fc\u015ft\u00fcr\u00fcc\u00fc bir s\u00fcre\u00e7 olarak yakla\u015f\u0131r. Tan\u0131nma teorileri itibar ve e\u015fit sayg\u0131n\u0131n kar\u015f\u0131l\u0131kl\u0131 tan\u0131nmas\u0131n\u0131n insano\u011flunun temel bir iste\u011fi oldu\u011funu, kanun \u00f6n\u00fcnde bizimle ayn\u0131 haklara sahip kimselere kar\u015f\u0131 da ahlaki sorumluluklar\u0131m\u0131z bulundu\u011funu \u00f6ne s\u00fcrer. Tan\u0131nma taleplerini de bask\u0131 ve \u00fcst\u00fcnl\u00fck ele\u015ftirisi \u00fczerinden adalet talepleri olarak de\u011ferlendirir. G\u00f6\u00e7men ve m\u00fclteci entegrasyonu kar\u015f\u0131s\u0131ndaki sosyo-ekonomik engelleri de\u011ferlendirmek amac\u0131yla tan\u0131nma teorisini Kanada ve T\u00fcrkiye \u00f6rneklerine uygular ve g\u00f6\u00e7menlerin ev sahibi toplumla ve kurumlar\u0131yla kar\u015f\u0131l\u0131kl\u0131 daha iyi uyum sa\u011flayabilmeleri i\u00e7in \u00e7e\u015fitli y\u00f6nlendirici ilkeleri de\u011ferlendirmeye sunar.<\/p>\n","protected":false},"excerpt":{"rendered":"<p>Bu kitap, g\u00f6\u00e7men entegrasyonu meselesini bir demokratik adalet sorunu olarak tan\u0131mlamaktad\u0131r. Bu ba\u011flamda, \u201centegrasyon\u201d teriminin yorumunun ev sahibi toplumun o andaki endi\u015felerine dayanarak, g\u00f6\u00e7men \u00e7e\u015fitlili\u011finin sosyal<span class=\"excerpt-hellip\"> [\u2026]<\/span><\/p>\n","protected":false},"featured_media":0,"template":"","meta":{"_monsterinsights_skip_tracking":false,"_monsterinsights_sitenote_active":false,"_monsterinsights_sitenote_note":"","_monsterinsights_sitenote_category":0},"product_brand":[],"product_cat":[12835,12324],"product_tag":[],"class_list":{"0":"post-717071","1":"product","2":"type-product","3":"status-publish","5":"product_cat-genel-sosyoloji","6":"product_cat-sosyoloji","7":"pa_cilt-ciltsiz","8":"pa_tur-kitap","9":"pa_yayinevi-pinhan-yayincilik","10":"pa_yazar-gulay-ugur-goksel","12":"first","13":"instock","14":"sale","15":"shipping-taxable","16":"purchasable","17":"product-type-simple"},"_links":{"self":[{"href":"https:\/\/roveyayinevi.com.tr\/index.php\/wp-json\/wp\/v2\/product\/717071","targetHints":{"allow":["GET"]}}],"collection":[{"href":"https:\/\/roveyayinevi.com.tr\/index.php\/wp-json\/wp\/v2\/product"}],"about":[{"href":"https:\/\/roveyayinevi.com.tr\/index.php\/wp-json\/wp\/v2\/types\/product"}],"wp:attachment":[{"href":"https:\/\/roveyayinevi.com.tr\/index.php\/wp-json\/wp\/v2\/media?parent=717071"}],"wp:term":[{"taxonomy":"product_brand","embeddable":true,"href":"https:\/\/roveyayinevi.com.tr\/index.php\/wp-json\/wp\/v2\/product_brand?post=717071"},{"taxonomy":"product_cat","embeddable":true,"href":"https:\/\/roveyayinevi.com.tr\/index.php\/wp-json\/wp\/v2\/product_cat?post=717071"},{"taxonomy":"product_tag","embeddable":true,"href":"https:\/\/roveyayinevi.com.tr\/index.php\/wp-json\/wp\/v2\/product_tag?post=717071"}],"curies":[{"name":"wp","href":"https:\/\/api.w.org\/{rel}","templated":true}]}}