{"id":717069,"date":"2025-08-27T17:51:13","date_gmt":"2025-08-27T14:51:13","guid":{"rendered":"https:\/\/roveyayinevi.com.tr\/index.php\/urun\/karabibik-5\/"},"modified":"2026-04-16T02:25:08","modified_gmt":"2026-04-15T23:25:08","slug":"karabibik-5","status":"publish","type":"product","link":"https:\/\/roveyayinevi.com.tr\/index.php\/urun\/karabibik-5\/","title":{"rendered":"Karabibik"},"content":{"rendered":"<p>Realistlerin yolunda yaz\u0131lm\u0131\u015f roman okumam\u0131\u015fsan\u0131z, i\u015fte size bir tane ben takdim edeyim. &#8230; Bu gibi romanc\u0131lar\u0131n maksatlar\u0131 insani olaylar\u0131 s\u0131rf insan noktas\u0131ndan incelemek ve hik\u00e2ye etmektir. Bunlar, bir insan ne gibi duygulara ve hareketlere kabiliyetli ise, ona o duygular\u0131 ve hareketleri isnat edip i\u015fi do\u011fal s\u0131n\u0131r\u0131ndan \u00e7\u0131karmamak, yani istidatl\u0131 olmad\u0131\u011f\u0131 \u00f6zellikleri insana isnat etmemek ister. &#8230; Bilemem benim bu Karabibik\u2019im de ne dereceye kadar ger\u00e7ek, yani makul bir roman olabildi? O h\u00fckm\u00fc siz vereceksiniz. Fakat san\u0131r\u0131m, onu bu haliyle beraber ruhsuz bulmayacaks\u0131n\u0131z. Nabizade Naz\u0131m <\/p>\n","protected":false},"excerpt":{"rendered":"<p>Realistlerin yolunda yaz\u0131lm\u0131\u015f roman okumam\u0131\u015fsan\u0131z, i\u015fte size bir tane ben takdim edeyim. &#8230; Bu gibi romanc\u0131lar\u0131n maksatlar\u0131 insani olaylar\u0131 s\u0131rf insan noktas\u0131ndan incelemek ve hik\u00e2ye etmektir.<span class=\"excerpt-hellip\"> [\u2026]<\/span><\/p>\n","protected":false},"featured_media":0,"template":"","meta":{"_monsterinsights_skip_tracking":false,"_monsterinsights_sitenote_active":false,"_monsterinsights_sitenote_note":"","_monsterinsights_sitenote_category":0},"product_brand":[],"product_cat":[12291,12711],"product_tag":[],"class_list":{"0":"post-717069","1":"product","2":"type-product","3":"status-publish","5":"product_cat-edebiyat","6":"product_cat-roman-oyku","7":"pa_cilt-ciltsiz","8":"pa_tur-kitap","9":"pa_yayinevi-say-yayinlari","10":"pa_yazar-nabizade-nazim","12":"first","13":"instock","14":"sale","15":"shipping-taxable","16":"purchasable","17":"product-type-simple"},"_links":{"self":[{"href":"https:\/\/roveyayinevi.com.tr\/index.php\/wp-json\/wp\/v2\/product\/717069","targetHints":{"allow":["GET"]}}],"collection":[{"href":"https:\/\/roveyayinevi.com.tr\/index.php\/wp-json\/wp\/v2\/product"}],"about":[{"href":"https:\/\/roveyayinevi.com.tr\/index.php\/wp-json\/wp\/v2\/types\/product"}],"wp:attachment":[{"href":"https:\/\/roveyayinevi.com.tr\/index.php\/wp-json\/wp\/v2\/media?parent=717069"}],"wp:term":[{"taxonomy":"product_brand","embeddable":true,"href":"https:\/\/roveyayinevi.com.tr\/index.php\/wp-json\/wp\/v2\/product_brand?post=717069"},{"taxonomy":"product_cat","embeddable":true,"href":"https:\/\/roveyayinevi.com.tr\/index.php\/wp-json\/wp\/v2\/product_cat?post=717069"},{"taxonomy":"product_tag","embeddable":true,"href":"https:\/\/roveyayinevi.com.tr\/index.php\/wp-json\/wp\/v2\/product_tag?post=717069"}],"curies":[{"name":"wp","href":"https:\/\/api.w.org\/{rel}","templated":true}]}}