{"id":717068,"date":"2025-08-27T17:51:13","date_gmt":"2025-08-27T14:51:13","guid":{"rendered":"https:\/\/roveyayinevi.com.tr\/index.php\/urun\/ari-cocuk-zombi-arilarin-saldirisi-ciltli\/"},"modified":"2026-04-16T02:25:08","modified_gmt":"2026-04-15T23:25:08","slug":"ari-cocuk-zombi-arilarin-saldirisi-ciltli","status":"publish","type":"product","link":"https:\/\/roveyayinevi.com.tr\/index.php\/urun\/ari-cocuk-zombi-arilarin-saldirisi-ciltli\/","title":{"rendered":"Ar\u0131 \u00c7ocuk &#8211; Zombi Ar\u0131lar\u0131n Sald\u0131r\u0131s\u0131 (Ciltli)"},"content":{"rendered":"<p>Yar\u0131 ar\u0131, yar\u0131 insan.Melvin Meadly bir, ar\u0131 \u00e7ocuk.Okulda garip bir hastal\u0131k ortaya \u00e7\u0131k\u0131nca, Mel endi\u015felenmeye ba\u015fl\u0131yor. Bunun sebebi, yeni \u00e7ocuk Berty Crump olabilir mi? Mel ve ar\u0131lar\u0131 ormanda dev \u00e7i\u00e7eklerin, kimyasal s\u0131v\u0131lar p\u00fcsk\u00fcrten robotlar\u0131n, metal k\u0131yafetler i\u00e7inde ar\u0131c\u0131lar\u0131n ve Zombi Ar\u0131lar\u0131n oldu\u011fu bir fabrika g\u00f6r\u00fcnce gizem daha da b\u00fcy\u00fcyor.<\/p>\n","protected":false},"excerpt":{"rendered":"<p>Yar\u0131 ar\u0131, yar\u0131 insan.Melvin Meadly bir, ar\u0131 \u00e7ocuk.Okulda garip bir hastal\u0131k ortaya \u00e7\u0131k\u0131nca, Mel endi\u015felenmeye ba\u015fl\u0131yor. Bunun sebebi, yeni \u00e7ocuk Berty Crump olabilir mi? Mel ve<span class=\"excerpt-hellip\"> [\u2026]<\/span><\/p>\n","protected":false},"featured_media":0,"template":"","meta":{"_monsterinsights_skip_tracking":false,"_monsterinsights_sitenote_active":false,"_monsterinsights_sitenote_note":"","_monsterinsights_sitenote_category":0},"product_brand":[],"product_cat":[12274,12284],"product_tag":[],"class_list":{"0":"post-717068","1":"product","2":"type-product","3":"status-publish","5":"product_cat-cocuk-ve-genclik-kitaplari","6":"product_cat-hikayeler","7":"pa_cilt-ciltli","8":"pa_tur-kitap","9":"pa_yayinevi-timas-cocuk","10":"pa_yazar-tony-de-saulles","12":"first","13":"instock","14":"sale","15":"shipping-taxable","16":"purchasable","17":"product-type-simple"},"_links":{"self":[{"href":"https:\/\/roveyayinevi.com.tr\/index.php\/wp-json\/wp\/v2\/product\/717068","targetHints":{"allow":["GET"]}}],"collection":[{"href":"https:\/\/roveyayinevi.com.tr\/index.php\/wp-json\/wp\/v2\/product"}],"about":[{"href":"https:\/\/roveyayinevi.com.tr\/index.php\/wp-json\/wp\/v2\/types\/product"}],"wp:attachment":[{"href":"https:\/\/roveyayinevi.com.tr\/index.php\/wp-json\/wp\/v2\/media?parent=717068"}],"wp:term":[{"taxonomy":"product_brand","embeddable":true,"href":"https:\/\/roveyayinevi.com.tr\/index.php\/wp-json\/wp\/v2\/product_brand?post=717068"},{"taxonomy":"product_cat","embeddable":true,"href":"https:\/\/roveyayinevi.com.tr\/index.php\/wp-json\/wp\/v2\/product_cat?post=717068"},{"taxonomy":"product_tag","embeddable":true,"href":"https:\/\/roveyayinevi.com.tr\/index.php\/wp-json\/wp\/v2\/product_tag?post=717068"}],"curies":[{"name":"wp","href":"https:\/\/api.w.org\/{rel}","templated":true}]}}