{"id":717065,"date":"2025-08-27T17:51:11","date_gmt":"2025-08-27T14:51:11","guid":{"rendered":"https:\/\/roveyayinevi.com.tr\/index.php\/urun\/satanizmle-mucadele\/"},"modified":"2026-04-16T02:25:08","modified_gmt":"2026-04-15T23:25:08","slug":"satanizmle-mucadele","status":"publish","type":"product","link":"https:\/\/roveyayinevi.com.tr\/index.php\/urun\/satanizmle-mucadele\/","title":{"rendered":"Satanizmle M\u00fccadele"},"content":{"rendered":"<p>9 B\u00fcy\u00fck G\u00fcnah  4 Ana Y\u00f6n 13 Satanist Aile Satanist M\u00fczik Frekans\u0131 Rock Gruplar\u0131 Baphomet Boynuzu Aleister Crowley Kurukafa ve Kemik Cad\u0131lar Bayram\u0131 Sinemada Satanist Semboller Pentagon ve Oktagon Zihin Kontrol\u00fc Gematria Yeni Mekke Projesi Bu konular ve satanizmle ilgili sizleri \u00e7ok \u015fa\u015f\u0131rtacak daha niceleri bu kitab\u0131n sayfalar\u0131nda. Satanizm, g\u00fcn\u00fcm\u00fczde \u00f6zelde bireyleri genelde de \u00fclkeleri a\u00e7\u0131k ve sinsi tuzaklarla tehdit ediyor. T\u00fcm bu \u015feytani yap\u0131lar aras\u0131nda asl\u0131nda \u015feffaf ama \u00e7ok az ki\u015finin bildi\u011fi, fark etti\u011fi organize a\u011flar var. Bu a\u011f\u0131n kurban\u0131 olmamak i\u00e7in okuyun! Ellerinde bilgisayarlar\u0131 ve ak\u0131ll\u0131 telefonlar\u0131 ile duygu ve d\u00fc\u015f\u00fcnceden uzak sanal \u00e2lemin film ve m\u00fczik idolleri ile b\u00fcy\u00fcyen, her g\u00fcn sosyal payla\u015f\u0131m siteleri ile yetinen, d\u00f6rt duvar aras\u0131na kapanarak ger\u00e7ek hayattan kopan, bilin\u00e7alt\u0131 satanist ayinlerle beslenen &#8216;hipnoz edilmi\u015f&#8217; bir nesil istemiyorsan\u0131z okuyun! <\/p>\n","protected":false},"excerpt":{"rendered":"<p>9 B\u00fcy\u00fck G\u00fcnah 4 Ana Y\u00f6n 13 Satanist Aile Satanist M\u00fczik Frekans\u0131 Rock Gruplar\u0131 Baphomet Boynuzu Aleister Crowley Kurukafa ve Kemik Cad\u0131lar Bayram\u0131 Sinemada Satanist Semboller<span class=\"excerpt-hellip\"> [\u2026]<\/span><\/p>\n","protected":false},"featured_media":0,"template":"","meta":{"_monsterinsights_skip_tracking":false,"_monsterinsights_sitenote_active":false,"_monsterinsights_sitenote_note":"","_monsterinsights_sitenote_category":0},"product_brand":[],"product_cat":[12718,12858],"product_tag":[],"class_list":{"0":"post-717065","1":"product","2":"type-product","3":"status-publish","5":"product_cat-din","6":"product_cat-mitolojiler","7":"pa_cilt-ciltsiz","8":"pa_tur-kitap","9":"pa_yayinevi-hayykitap","10":"pa_yazar-hakan-yilmaz-cebi-onder-demir","12":"first","13":"instock","14":"sale","15":"shipping-taxable","16":"purchasable","17":"product-type-simple"},"_links":{"self":[{"href":"https:\/\/roveyayinevi.com.tr\/index.php\/wp-json\/wp\/v2\/product\/717065","targetHints":{"allow":["GET"]}}],"collection":[{"href":"https:\/\/roveyayinevi.com.tr\/index.php\/wp-json\/wp\/v2\/product"}],"about":[{"href":"https:\/\/roveyayinevi.com.tr\/index.php\/wp-json\/wp\/v2\/types\/product"}],"wp:attachment":[{"href":"https:\/\/roveyayinevi.com.tr\/index.php\/wp-json\/wp\/v2\/media?parent=717065"}],"wp:term":[{"taxonomy":"product_brand","embeddable":true,"href":"https:\/\/roveyayinevi.com.tr\/index.php\/wp-json\/wp\/v2\/product_brand?post=717065"},{"taxonomy":"product_cat","embeddable":true,"href":"https:\/\/roveyayinevi.com.tr\/index.php\/wp-json\/wp\/v2\/product_cat?post=717065"},{"taxonomy":"product_tag","embeddable":true,"href":"https:\/\/roveyayinevi.com.tr\/index.php\/wp-json\/wp\/v2\/product_tag?post=717065"}],"curies":[{"name":"wp","href":"https:\/\/api.w.org\/{rel}","templated":true}]}}