{"id":717064,"date":"2025-08-27T17:51:10","date_gmt":"2025-08-27T14:51:10","guid":{"rendered":"https:\/\/roveyayinevi.com.tr\/index.php\/urun\/canavar-pesinde-56-atesin-ofkesi\/"},"modified":"2026-04-13T02:31:23","modified_gmt":"2026-04-12T23:31:23","slug":"canavar-pesinde-56-atesin-ofkesi","status":"publish","type":"product","link":"https:\/\/roveyayinevi.com.tr\/index.php\/urun\/canavar-pesinde-56-atesin-ofkesi\/","title":{"rendered":"Canavar Pe\u015finde 56-Ate\u015fin \u00d6fkesi"},"content":{"rendered":"<p>Malvel, Tom\u2019dan intikam almak i\u00e7in \u00fc\u00e7 y\u00fczy\u0131l \u00f6nce Avantia\u2019n\u0131n koruyuculu\u011funu yapan kahramanlar\u0131, ebedi uykular\u0131ndan uyand\u0131rd\u0131. Ve onlar\u0131, kana susam\u0131\u015f Canavarlara d\u00f6n\u00fc\u015ft\u00fcrd\u00fc. Ate\u015fin \u00d6fkesi \u015eamani, o Canavarlardan biriydi ve her yeri yak\u0131p y\u0131k\u0131yordu. Tom, \u00f6fkeden g\u00f6z\u00fc d\u00f6nm\u00fc\u015f, alev sa\u00e7an \u015eamani\u2019yi durdurabilecek mi?<\/p>\n","protected":false},"excerpt":{"rendered":"<p>Malvel, Tom\u2019dan intikam almak i\u00e7in \u00fc\u00e7 y\u00fczy\u0131l \u00f6nce Avantia\u2019n\u0131n koruyuculu\u011funu yapan kahramanlar\u0131, ebedi uykular\u0131ndan uyand\u0131rd\u0131. Ve onlar\u0131, kana susam\u0131\u015f Canavarlara d\u00f6n\u00fc\u015ft\u00fcrd\u00fc. Ate\u015fin \u00d6fkesi \u015eamani, o Canavarlardan<span class=\"excerpt-hellip\"> [\u2026]<\/span><\/p>\n","protected":false},"featured_media":0,"template":"","meta":{"_monsterinsights_skip_tracking":false,"_monsterinsights_sitenote_active":false,"_monsterinsights_sitenote_note":"","_monsterinsights_sitenote_category":0},"product_brand":[],"product_cat":[12274,12284],"product_tag":[],"class_list":{"0":"post-717064","1":"product","2":"type-product","3":"status-publish","5":"product_cat-cocuk-ve-genclik-kitaplari","6":"product_cat-hikayeler","7":"pa_cilt-ciltsiz","8":"pa_tur-kitap","9":"pa_yayinevi-beyaz-balina-yayinlari","10":"pa_yazar-adam-blade","12":"first","13":"instock","14":"sale","15":"shipping-taxable","16":"purchasable","17":"product-type-simple"},"_links":{"self":[{"href":"https:\/\/roveyayinevi.com.tr\/index.php\/wp-json\/wp\/v2\/product\/717064","targetHints":{"allow":["GET"]}}],"collection":[{"href":"https:\/\/roveyayinevi.com.tr\/index.php\/wp-json\/wp\/v2\/product"}],"about":[{"href":"https:\/\/roveyayinevi.com.tr\/index.php\/wp-json\/wp\/v2\/types\/product"}],"wp:attachment":[{"href":"https:\/\/roveyayinevi.com.tr\/index.php\/wp-json\/wp\/v2\/media?parent=717064"}],"wp:term":[{"taxonomy":"product_brand","embeddable":true,"href":"https:\/\/roveyayinevi.com.tr\/index.php\/wp-json\/wp\/v2\/product_brand?post=717064"},{"taxonomy":"product_cat","embeddable":true,"href":"https:\/\/roveyayinevi.com.tr\/index.php\/wp-json\/wp\/v2\/product_cat?post=717064"},{"taxonomy":"product_tag","embeddable":true,"href":"https:\/\/roveyayinevi.com.tr\/index.php\/wp-json\/wp\/v2\/product_tag?post=717064"}],"curies":[{"name":"wp","href":"https:\/\/api.w.org\/{rel}","templated":true}]}}