{"id":717063,"date":"2025-08-27T17:51:10","date_gmt":"2025-08-27T14:51:10","guid":{"rendered":"https:\/\/roveyayinevi.com.tr\/index.php\/urun\/benim-adim-lukaku\/"},"modified":"2026-04-16T02:25:08","modified_gmt":"2026-04-15T23:25:08","slug":"benim-adim-lukaku","status":"publish","type":"product","link":"https:\/\/roveyayinevi.com.tr\/index.php\/urun\/benim-adim-lukaku\/","title":{"rendered":"Benim Ad\u0131m Lukaku"},"content":{"rendered":"<p>Lukaku\u2019nun futbol kahraman\u0131 olma yolculu\u011funun hikayesi.Romelu Lukaku, Manchester United\u2019ta oynamak gibi b\u00fcy\u00fck hayalleri olan, Bel\u00e7ikal\u0131, iri yar\u0131 bir \u00e7ocuktu. K\u00fc\u00e7\u00fck ya\u015fta, Bel\u00e7ika\u2019n\u0131n Brussels tak\u0131m\u0131nda futbola ba\u015flayan Lukaku, k\u0131sa s\u00fcrede yetenek avc\u0131lar\u0131n\u0131n dikkatini \u00e7ekti.\u00c7ok \u00e7al\u0131\u015farak tekni\u011fini geli\u015ftiren Lukaku, Anderlecht, Chelsea, West Bromwich, Everton gibi b\u00fcy\u00fck tak\u0131mlarda oynad\u0131ktan sonra rekor bir transferle Manchester United hayaline kavu\u015ftu.<\/p>\n","protected":false},"excerpt":{"rendered":"<p>Lukaku\u2019nun futbol kahraman\u0131 olma yolculu\u011funun hikayesi.Romelu Lukaku, Manchester United\u2019ta oynamak gibi b\u00fcy\u00fck hayalleri olan, Bel\u00e7ikal\u0131, iri yar\u0131 bir \u00e7ocuktu. K\u00fc\u00e7\u00fck ya\u015fta, Bel\u00e7ika\u2019n\u0131n Brussels tak\u0131m\u0131nda futbola ba\u015flayan<span class=\"excerpt-hellip\"> [\u2026]<\/span><\/p>\n","protected":false},"featured_media":0,"template":"","meta":{"_monsterinsights_skip_tracking":false,"_monsterinsights_sitenote_active":false,"_monsterinsights_sitenote_note":"","_monsterinsights_sitenote_category":0},"product_brand":[],"product_cat":[15563,15564],"product_tag":[],"class_list":{"0":"post-717063","1":"product","2":"type-product","3":"status-publish","5":"product_cat-hobi","6":"product_cat-spor","7":"pa_cilt-ciltsiz","8":"pa_tur-kitap","9":"pa_yayinevi-beyaz-balina-yayinlari","10":"pa_yazar-matt-oldfield-tom-oldfield","12":"first","13":"instock","14":"sale","15":"shipping-taxable","16":"purchasable","17":"product-type-simple"},"_links":{"self":[{"href":"https:\/\/roveyayinevi.com.tr\/index.php\/wp-json\/wp\/v2\/product\/717063","targetHints":{"allow":["GET"]}}],"collection":[{"href":"https:\/\/roveyayinevi.com.tr\/index.php\/wp-json\/wp\/v2\/product"}],"about":[{"href":"https:\/\/roveyayinevi.com.tr\/index.php\/wp-json\/wp\/v2\/types\/product"}],"wp:attachment":[{"href":"https:\/\/roveyayinevi.com.tr\/index.php\/wp-json\/wp\/v2\/media?parent=717063"}],"wp:term":[{"taxonomy":"product_brand","embeddable":true,"href":"https:\/\/roveyayinevi.com.tr\/index.php\/wp-json\/wp\/v2\/product_brand?post=717063"},{"taxonomy":"product_cat","embeddable":true,"href":"https:\/\/roveyayinevi.com.tr\/index.php\/wp-json\/wp\/v2\/product_cat?post=717063"},{"taxonomy":"product_tag","embeddable":true,"href":"https:\/\/roveyayinevi.com.tr\/index.php\/wp-json\/wp\/v2\/product_tag?post=717063"}],"curies":[{"name":"wp","href":"https:\/\/api.w.org\/{rel}","templated":true}]}}