{"id":717061,"date":"2025-08-27T17:51:09","date_gmt":"2025-08-27T14:51:09","guid":{"rendered":"https:\/\/roveyayinevi.com.tr\/index.php\/urun\/kendinle-savasma-sanati\/"},"modified":"2026-04-12T02:30:32","modified_gmt":"2026-04-11T23:30:32","slug":"kendinle-savasma-sanati","status":"publish","type":"product","link":"https:\/\/roveyayinevi.com.tr\/index.php\/urun\/kendinle-savasma-sanati\/","title":{"rendered":"Kendinle Sava\u015fma Sanat\u0131"},"content":{"rendered":"<p>Bir filozof ve gen\u00e7 bir adam\u0131n, Freud ve Jung\u2019la birlikte on dokuzuncu y\u00fczy\u0131l\u0131n en \u00f6nemli isimlerinden Avusturyal\u0131 psikoterapist Alfred Adler\u2019in \u00f6n\u00fcn\u00fc a\u00e7t\u0131\u011f\u0131 yolda deneyimledikleri beyin f\u0131rt\u0131nas\u0131, Japonya\u2019da milyonlarca insan\u0131n hayat\u0131n\u0131 de\u011fi\u015ftiren bir fenomene d\u00f6n\u00fc\u015ft\u00fc ve \u015fimdi de size duygular\u0131n\u0131zdan korkmadan ya\u015faman\u0131z, ge\u00e7mi\u015fin zincirlerini k\u0131rarak \u00f6zg\u00fcrle\u015fmeniz ve kendiniz olman\u0131n \u00f6n\u00fcndeki en b\u00fcy\u00fck engele yani kendinize kar\u015f\u0131 sava\u015ftan galip \u00e7\u0131kman\u0131z i\u00e7in gerekli strateji ve felsefeyi sunuyor.\u0130kili aras\u0131nda ge\u00e7en diyaloglarda, kendi i\u00e7inize d\u00f6n\u00fcp cevaplamak isteyece\u011finiz ve her cevapta ger\u00e7ek \u2018siz\u2019 olmaya yakla\u015faca\u011f\u0131n\u0131z sorular\u0131n oldu\u011fu bu kitapla, art\u0131k r\u00fczgar\u0131n \u00f6n\u00fcne katt\u0131\u011f\u0131 ba\u015f\u0131bo\u015f savrulan bir yaprak gibi hissetmeyecek, kendini tan\u0131man\u0131n sonsuz okyanusundaki de\u011ferli s\u0131rra eri\u015ferek ya\u015fam bilgeli\u011fini kavrayacaks\u0131n\u0131z.<\/p>\n","protected":false},"excerpt":{"rendered":"<p>Bir filozof ve gen\u00e7 bir adam\u0131n, Freud ve Jung\u2019la birlikte on dokuzuncu y\u00fczy\u0131l\u0131n en \u00f6nemli isimlerinden Avusturyal\u0131 psikoterapist Alfred Adler\u2019in \u00f6n\u00fcn\u00fc a\u00e7t\u0131\u011f\u0131 yolda deneyimledikleri beyin f\u0131rt\u0131nas\u0131,<span class=\"excerpt-hellip\"> [\u2026]<\/span><\/p>\n","protected":false},"featured_media":0,"template":"","meta":{"_monsterinsights_skip_tracking":false,"_monsterinsights_sitenote_active":false,"_monsterinsights_sitenote_note":"","_monsterinsights_sitenote_category":0},"product_brand":[],"product_cat":[12364,12376],"product_tag":[],"class_list":{"0":"post-717061","1":"product","2":"type-product","3":"status-publish","5":"product_cat-genel-konular","6":"product_cat-kisisel-gelisim","7":"pa_cilt-ciltsiz","8":"pa_tur-kitap","9":"pa_yayinevi-koridor-yayincilik","10":"pa_yazar-ichiro-kishimi-fumitake-koga","12":"first","13":"instock","14":"sale","15":"shipping-taxable","16":"purchasable","17":"product-type-simple"},"_links":{"self":[{"href":"https:\/\/roveyayinevi.com.tr\/index.php\/wp-json\/wp\/v2\/product\/717061","targetHints":{"allow":["GET"]}}],"collection":[{"href":"https:\/\/roveyayinevi.com.tr\/index.php\/wp-json\/wp\/v2\/product"}],"about":[{"href":"https:\/\/roveyayinevi.com.tr\/index.php\/wp-json\/wp\/v2\/types\/product"}],"wp:attachment":[{"href":"https:\/\/roveyayinevi.com.tr\/index.php\/wp-json\/wp\/v2\/media?parent=717061"}],"wp:term":[{"taxonomy":"product_brand","embeddable":true,"href":"https:\/\/roveyayinevi.com.tr\/index.php\/wp-json\/wp\/v2\/product_brand?post=717061"},{"taxonomy":"product_cat","embeddable":true,"href":"https:\/\/roveyayinevi.com.tr\/index.php\/wp-json\/wp\/v2\/product_cat?post=717061"},{"taxonomy":"product_tag","embeddable":true,"href":"https:\/\/roveyayinevi.com.tr\/index.php\/wp-json\/wp\/v2\/product_tag?post=717061"}],"curies":[{"name":"wp","href":"https:\/\/api.w.org\/{rel}","templated":true}]}}