{"id":717059,"date":"2025-08-27T17:51:07","date_gmt":"2025-08-27T14:51:07","guid":{"rendered":"https:\/\/roveyayinevi.com.tr\/index.php\/urun\/dunyanin-halleri\/"},"modified":"2026-04-16T02:25:08","modified_gmt":"2026-04-15T23:25:08","slug":"dunyanin-halleri","status":"publish","type":"product","link":"https:\/\/roveyayinevi.com.tr\/index.php\/urun\/dunyanin-halleri\/","title":{"rendered":"D\u00fcnyan\u0131n Halleri"},"content":{"rendered":"<p>\u00c7a\u011f\u0131m\u0131z\u0131n en \u00f6nemli Marksist d\u00fc\u015f\u00fcn\u00fcrlerinden David Harvey\u2019nin elli y\u0131la yay\u0131lan entelekt\u00fcel yolculu\u011funun bir d\u00f6k\u00fcm\u00fc niteli\u011findeki D\u00fcnyan\u0131n Halleri\u2019nde siyaset, k\u00fclt\u00fcr, iktisat ve sosyal adalet gibi konularda kaleme ald\u0131\u011f\u0131 en etkili makaleleri bir araya getiriliyor. D\u00fcnyan\u0131n Halleri, k\u00fcresel \u00e7evresel y\u0131k\u0131mdan postmodernizm \u00e7a\u011f\u0131na, kent ve do\u011fa aras\u0131ndaki ili\u015fkiden finans piyasalar\u0131n\u0131n krizine, emperyalizmin yeni mekanizmalar\u0131ndan toplumsal d\u00f6n\u00fc\u015f\u00fcme pek \u00e7ok konuda ufuk a\u00e7\u0131c\u0131 perspektifler sunuyor. Paris barikatlar\u0131ndan Baltimore gettolar\u0131na ve Oxford grevcilerine, saf\u0131n\u0131 kapitalizme ve e\u015fitsizli\u011fe direnenlerin yan\u0131nda belirleyen Harvey\u2019nin sat\u0131rlar\u0131ndan, Marksist y\u00f6ntemle co\u011frafi kavray\u0131\u015f\u0131n e\u015fsiz bir sentezi yans\u0131yor. <\/p>\n","protected":false},"excerpt":{"rendered":"<p>\u00c7a\u011f\u0131m\u0131z\u0131n en \u00f6nemli Marksist d\u00fc\u015f\u00fcn\u00fcrlerinden David Harvey\u2019nin elli y\u0131la yay\u0131lan entelekt\u00fcel yolculu\u011funun bir d\u00f6k\u00fcm\u00fc niteli\u011findeki D\u00fcnyan\u0131n Halleri\u2019nde siyaset, k\u00fclt\u00fcr, iktisat ve sosyal adalet gibi konularda kaleme<span class=\"excerpt-hellip\"> [\u2026]<\/span><\/p>\n","protected":false},"featured_media":0,"template":"","meta":{"_monsterinsights_skip_tracking":false,"_monsterinsights_sitenote_active":false,"_monsterinsights_sitenote_note":"","_monsterinsights_sitenote_category":0},"product_brand":[],"product_cat":[12324],"product_tag":[],"class_list":{"0":"post-717059","1":"product","2":"type-product","3":"status-publish","5":"product_cat-sosyoloji","6":"pa_cilt-ciltsiz","7":"pa_tur-kitap","8":"pa_yayinevi-sel-yayincilik","9":"pa_yazar-david-harvey","11":"first","12":"instock","13":"sale","14":"shipping-taxable","15":"purchasable","16":"product-type-simple"},"_links":{"self":[{"href":"https:\/\/roveyayinevi.com.tr\/index.php\/wp-json\/wp\/v2\/product\/717059","targetHints":{"allow":["GET"]}}],"collection":[{"href":"https:\/\/roveyayinevi.com.tr\/index.php\/wp-json\/wp\/v2\/product"}],"about":[{"href":"https:\/\/roveyayinevi.com.tr\/index.php\/wp-json\/wp\/v2\/types\/product"}],"wp:attachment":[{"href":"https:\/\/roveyayinevi.com.tr\/index.php\/wp-json\/wp\/v2\/media?parent=717059"}],"wp:term":[{"taxonomy":"product_brand","embeddable":true,"href":"https:\/\/roveyayinevi.com.tr\/index.php\/wp-json\/wp\/v2\/product_brand?post=717059"},{"taxonomy":"product_cat","embeddable":true,"href":"https:\/\/roveyayinevi.com.tr\/index.php\/wp-json\/wp\/v2\/product_cat?post=717059"},{"taxonomy":"product_tag","embeddable":true,"href":"https:\/\/roveyayinevi.com.tr\/index.php\/wp-json\/wp\/v2\/product_tag?post=717059"}],"curies":[{"name":"wp","href":"https:\/\/api.w.org\/{rel}","templated":true}]}}