{"id":717058,"date":"2025-08-27T17:51:07","date_gmt":"2025-08-27T14:51:07","guid":{"rendered":"https:\/\/roveyayinevi.com.tr\/index.php\/urun\/bitmedi-daha\/"},"modified":"2026-04-16T02:25:08","modified_gmt":"2026-04-15T23:25:08","slug":"bitmedi-daha","status":"publish","type":"product","link":"https:\/\/roveyayinevi.com.tr\/index.php\/urun\/bitmedi-daha\/","title":{"rendered":"Bitmedi Daha"},"content":{"rendered":"<p>T\u00fcrkiye  Devrimci  Hareketi  tarihi  bask\u0131n\u0131n  ve  zorun  oldu\u011fu  kadar  direni\u015fin, dayan\u0131\u015fman\u0131n ve m\u00fccadelenin de tarihidir. Bu tarihin yap\u0131c\u0131lar\u0131 \u00f6zellikle \u201880 \u00f6ncesi d\u00f6nemde ba\u015fta b\u00fcy\u00fck kentler olmak \u00fczere \u00fclkenin d\u00f6rt bir yan\u0131ndan her kesimden insan\u0131 devrim ve sosyalizm fikriyle harekete ge\u00e7irebilmi\u015f, ba\u015fka bir d\u00fcnyan\u0131n m\u00fcmk\u00fcn  oldu\u011funa  inand\u0131rm\u0131\u015ft\u0131.  12  Eyl\u00fcl  yenilgisiyle  birlikte  ise  co\u015fku  yerini  bezginli\u011fe,  kararl\u0131l\u0131ksa pi\u015fmanl\u0131\u011fa b\u0131rakarak, bu g\u00fc\u00e7l\u00fc inan\u00e7 ac\u0131 bir tecr\u00fcbe misali tarihin tozlu sayfalar\u0131na g\u00f6m\u00fclmeye \u00e7al\u0131\u015f\u0131ld\u0131. Bu d\u00f6nemi yazanlar ise \u00e7o\u011funlukla ya kahramanl\u0131klar\u0131  ya da kendi hakl\u0131l\u0131klar\u0131n\u0131 \u00f6ne \u00e7\u0131kararak, tarihi kendileriyle ba\u015flat\u0131p bitirerek anlatt\u0131lar  olup bitenleri. Dolay\u0131s\u0131yla yolu h\u00e2l\u00e2 y\u00fcr\u00fcyenleri de yok saymay\u0131 tercih ettiler.  H. Selim A\u00e7an ise bu tarihe 1968\u2019den beri s\u00fcrd\u00fcrmekte \u0131srar etti\u011fi \u00f6rg\u00fctl\u00fc devrimcili\u011fin  gerektirdi\u011fi \u015fekilde; ba\u015far\u0131lanlar kadar ba\u015far\u0131lamayanlar, \u00f6v\u00fcn\u00e7ler kadar eksiklik ve  yetersizlikleri de s\u00f6ylemekten ka\u00e7\u0131nmayarak yakla\u015f\u0131yor. Yenilgi edebiyat\u0131na ve tarihin  tahrif edilmesine kar\u015f\u0131 kat\u0131ks\u0131z bir ger\u00e7ek\u00e7ilikle anlat\u0131yor olup bitenleri: M\u00fccadelenin  sa\u011falt\u0131c\u0131 g\u00fcc\u00fcn\u00fc g\u00fcn\u00fcm\u00fcze ta\u015f\u0131yan \u00fcslubuyla, insani s\u0131cakl\u0131klar\u0131, b\u00fcy\u00fck d\u00f6neme\u00e7lerin  ard\u0131ndaki fark yaratan o k\u00fc\u00e7\u00fck anlar\u0131 da \u0131skalamadan. Kavgada sebat\u0131n devrimci ruhuyla: \u201cBitmedi daha\u2026\u201d <\/p>\n","protected":false},"excerpt":{"rendered":"<p>T\u00fcrkiye Devrimci Hareketi tarihi bask\u0131n\u0131n ve zorun oldu\u011fu kadar direni\u015fin, dayan\u0131\u015fman\u0131n ve m\u00fccadelenin de tarihidir. Bu tarihin yap\u0131c\u0131lar\u0131 \u00f6zellikle \u201880 \u00f6ncesi d\u00f6nemde ba\u015fta b\u00fcy\u00fck kentler olmak<span class=\"excerpt-hellip\"> [\u2026]<\/span><\/p>\n","protected":false},"featured_media":0,"template":"","meta":{"_monsterinsights_skip_tracking":false,"_monsterinsights_sitenote_active":false,"_monsterinsights_sitenote_note":"","_monsterinsights_sitenote_category":0},"product_brand":[],"product_cat":[13059,12337],"product_tag":[],"class_list":{"0":"post-717058","1":"product","2":"type-product","3":"status-publish","5":"product_cat-diger-politika-siyaset","6":"product_cat-politika-siyaset","7":"pa_cilt-ciltsiz","8":"pa_tur-kitap","9":"pa_yayinevi-sel-yayincilik","10":"pa_yazar-h-selim-acan","12":"first","13":"instock","14":"sale","15":"shipping-taxable","16":"purchasable","17":"product-type-simple"},"_links":{"self":[{"href":"https:\/\/roveyayinevi.com.tr\/index.php\/wp-json\/wp\/v2\/product\/717058","targetHints":{"allow":["GET"]}}],"collection":[{"href":"https:\/\/roveyayinevi.com.tr\/index.php\/wp-json\/wp\/v2\/product"}],"about":[{"href":"https:\/\/roveyayinevi.com.tr\/index.php\/wp-json\/wp\/v2\/types\/product"}],"wp:attachment":[{"href":"https:\/\/roveyayinevi.com.tr\/index.php\/wp-json\/wp\/v2\/media?parent=717058"}],"wp:term":[{"taxonomy":"product_brand","embeddable":true,"href":"https:\/\/roveyayinevi.com.tr\/index.php\/wp-json\/wp\/v2\/product_brand?post=717058"},{"taxonomy":"product_cat","embeddable":true,"href":"https:\/\/roveyayinevi.com.tr\/index.php\/wp-json\/wp\/v2\/product_cat?post=717058"},{"taxonomy":"product_tag","embeddable":true,"href":"https:\/\/roveyayinevi.com.tr\/index.php\/wp-json\/wp\/v2\/product_tag?post=717058"}],"curies":[{"name":"wp","href":"https:\/\/api.w.org\/{rel}","templated":true}]}}