{"id":717057,"date":"2025-08-27T17:51:06","date_gmt":"2025-08-27T14:51:06","guid":{"rendered":"https:\/\/roveyayinevi.com.tr\/index.php\/urun\/vasatlar-icin-peri-masallari\/"},"modified":"2026-04-16T02:25:08","modified_gmt":"2026-04-15T23:25:08","slug":"vasatlar-icin-peri-masallari","status":"publish","type":"product","link":"https:\/\/roveyayinevi.com.tr\/index.php\/urun\/vasatlar-icin-peri-masallari\/","title":{"rendered":"Vasatlar \u0130\u00e7in Peri Masallar\u0131"},"content":{"rendered":"<p>Boris Vian\u2019\u0131n nekahet d\u00f6nemindeki e\u015fi Michelle\u2019i oyalamak i\u00e7in yirmi \u00fc\u00e7 ya\u015f\u0131nda kaleme ald\u0131\u011f\u0131 bu k\u00fc\u00e7\u00fck anlat\u0131, iyimserli\u011fi ve e\u011flencesiyle bu edebi  dehan\u0131n gelecekteki metinlerinin habercisi say\u0131l\u0131r. Abs\u00fcrd ve tuhaf kahramanlarla dolu bir peri masal\u0131 anlat\u0131yor Boris Vian. Bir yandan ger\u00e7ek ile ger\u00e7ekd\u0131\u015f\u0131 aras\u0131ndaki \u00e7izgilerin bulan\u0131kla\u015ft\u0131\u011f\u0131 fantastik bir d\u00fcnya kurarken, \u00f6te yandan da hatas\u0131n\u0131n hazz\u0131na kap\u0131lm\u0131\u015f vasatlar\u0131 ironinin  k\u0131l\u0131c\u0131ndan ge\u00e7iriyor.Vian ve arkada\u015f\u0131 Bimbo\u2019 nun \u00e7izimleriyle masal sever b\u00fcy\u00fcklere, Vian seven  Vian ve arkada\u015f\u0131 Bimbo\u2019 nun \u00e7izimleriyle masal sever b\u00fcy\u00fcklere, Vian seven herkese&#8230;  <\/p>\n","protected":false},"excerpt":{"rendered":"<p>Boris Vian\u2019\u0131n nekahet d\u00f6nemindeki e\u015fi Michelle\u2019i oyalamak i\u00e7in yirmi \u00fc\u00e7 ya\u015f\u0131nda kaleme ald\u0131\u011f\u0131 bu k\u00fc\u00e7\u00fck anlat\u0131, iyimserli\u011fi ve e\u011flencesiyle bu edebi dehan\u0131n gelecekteki metinlerinin habercisi say\u0131l\u0131r.<span class=\"excerpt-hellip\"> [\u2026]<\/span><\/p>\n","protected":false},"featured_media":0,"template":"","meta":{"_monsterinsights_skip_tracking":false,"_monsterinsights_sitenote_active":false,"_monsterinsights_sitenote_note":"","_monsterinsights_sitenote_category":0},"product_brand":[],"product_cat":[12777,12291],"product_tag":[],"class_list":{"0":"post-717057","1":"product","2":"type-product","3":"status-publish","5":"product_cat-deneme","6":"product_cat-edebiyat","7":"pa_cilt-ciltsiz","8":"pa_tur-kitap","9":"pa_yayinevi-sel-yayincilik","10":"pa_yazar-boris-vian","12":"first","13":"instock","14":"sale","15":"shipping-taxable","16":"purchasable","17":"product-type-simple"},"_links":{"self":[{"href":"https:\/\/roveyayinevi.com.tr\/index.php\/wp-json\/wp\/v2\/product\/717057","targetHints":{"allow":["GET"]}}],"collection":[{"href":"https:\/\/roveyayinevi.com.tr\/index.php\/wp-json\/wp\/v2\/product"}],"about":[{"href":"https:\/\/roveyayinevi.com.tr\/index.php\/wp-json\/wp\/v2\/types\/product"}],"wp:attachment":[{"href":"https:\/\/roveyayinevi.com.tr\/index.php\/wp-json\/wp\/v2\/media?parent=717057"}],"wp:term":[{"taxonomy":"product_brand","embeddable":true,"href":"https:\/\/roveyayinevi.com.tr\/index.php\/wp-json\/wp\/v2\/product_brand?post=717057"},{"taxonomy":"product_cat","embeddable":true,"href":"https:\/\/roveyayinevi.com.tr\/index.php\/wp-json\/wp\/v2\/product_cat?post=717057"},{"taxonomy":"product_tag","embeddable":true,"href":"https:\/\/roveyayinevi.com.tr\/index.php\/wp-json\/wp\/v2\/product_tag?post=717057"}],"curies":[{"name":"wp","href":"https:\/\/api.w.org\/{rel}","templated":true}]}}