{"id":717056,"date":"2025-08-27T17:51:05","date_gmt":"2025-08-27T14:51:05","guid":{"rendered":"https:\/\/roveyayinevi.com.tr\/index.php\/urun\/yaslilik-gunlugu\/"},"modified":"2026-04-16T02:25:08","modified_gmt":"2026-04-15T23:25:08","slug":"yaslilik-gunlugu","status":"publish","type":"product","link":"https:\/\/roveyayinevi.com.tr\/index.php\/urun\/yaslilik-gunlugu\/","title":{"rendered":"Ya\u015fl\u0131l\u0131k G\u00fcnl\u00fc\u011f\u00fc"},"content":{"rendered":"<p>T\u00fcrk\u00e7enin b\u00fcy\u00fck ustas\u0131 Sal\u00e2h Birsel, 1980-85 aras\u0131 kaleme ald\u0131\u011f\u0131 g\u00fcnl\u00fcklerinde ya\u015fl\u0131l\u0131k g\u00fcnlerinin titiz bir kayd\u0131n\u0131 tutuyor. Ya\u015fl\u0131l\u0131k G\u00fcnl\u00fc\u011f\u00fc m\u00fc\u015fk\u00fclpesent oldu\u011fu kadar babacan, muzip oldu\u011fu kadar da ciddi bir dil \u00e2\u015f\u0131\u011f\u0131n\u0131n, Sal\u00e2h Birsel\u2019in benzersiz \u00fcslubuna ve g\u00fcndelik hayata, edebiyata, ya\u015fl\u0131l\u0131\u011fa ve belle\u011fe dair g\u00f6zlemlerine tan\u0131kl\u0131\u011fa davet ediyor okurunu. Hacivat G\u00fcnl\u00fc\u011f\u00fc\u2019n\u00fcn devam\u0131 niteli\u011findeki bu eser, yazman\u0131n \u015fehvetini ve ya\u015flanman\u0131n kederini derinden hisseden bir yazar\u0131n i\u00e7 d\u00fcnyas\u0131n\u0131 ve eserlerini b\u00fct\u00fcnl\u00fckl\u00fc bir bi\u00e7imde kavramak i\u00e7in de anahtar i\u015flevi g\u00f6r\u00fcyor.   Ya\u015fl\u0131l\u0131k G\u00fcnl\u00fc\u011f\u00fc\u2019nde t\u00fcm renkleriyle insan, t\u00fcm zorlu\u011fu ve g\u00fczelli\u011fiyle ya\u015fam var.   \u201cKitaplar ay\u0131\u015f\u0131\u011f\u0131d\u0131r, fanuslu a\u011f\u0131r lambad\u0131r. \u2018Yand\u0131m \u015eeker\u2019 oyun havas\u0131d\u0131r. S\u0131k\u0131l\u0131p suyu i\u00e7ilmemi\u015fse bile, yar\u0131lm\u0131\u015f, bir yerlerinin tad\u0131na bak\u0131lm\u0131\u015ft\u0131r. Sonra da yemeye k\u0131y\u0131lamay\u0131p rafa kald\u0131r\u0131lm\u0131\u015ft\u0131r. Ama bilirsiniz ki o kafas\u0131 ayarl\u0131 sizindir, sizin sevgilinizdir. Onu istedi\u011finiz vakit \u00e7ekip okuyabilirsiniz. <\/p>\n","protected":false},"excerpt":{"rendered":"<p>T\u00fcrk\u00e7enin b\u00fcy\u00fck ustas\u0131 Sal\u00e2h Birsel, 1980-85 aras\u0131 kaleme ald\u0131\u011f\u0131 g\u00fcnl\u00fcklerinde ya\u015fl\u0131l\u0131k g\u00fcnlerinin titiz bir kayd\u0131n\u0131 tutuyor. Ya\u015fl\u0131l\u0131k G\u00fcnl\u00fc\u011f\u00fc m\u00fc\u015fk\u00fclpesent oldu\u011fu kadar babacan, muzip oldu\u011fu kadar da<span class=\"excerpt-hellip\"> [\u2026]<\/span><\/p>\n","protected":false},"featured_media":0,"template":"","meta":{"_monsterinsights_skip_tracking":false,"_monsterinsights_sitenote_active":false,"_monsterinsights_sitenote_note":"","_monsterinsights_sitenote_category":0},"product_brand":[],"product_cat":[12777,12291],"product_tag":[],"class_list":{"0":"post-717056","1":"product","2":"type-product","3":"status-publish","5":"product_cat-deneme","6":"product_cat-edebiyat","7":"pa_cilt-ciltsiz","8":"pa_tur-kitap","9":"pa_yayinevi-sel-yayincilik","10":"pa_yazar-salah-birsel","12":"first","13":"instock","14":"sale","15":"shipping-taxable","16":"purchasable","17":"product-type-simple"},"_links":{"self":[{"href":"https:\/\/roveyayinevi.com.tr\/index.php\/wp-json\/wp\/v2\/product\/717056","targetHints":{"allow":["GET"]}}],"collection":[{"href":"https:\/\/roveyayinevi.com.tr\/index.php\/wp-json\/wp\/v2\/product"}],"about":[{"href":"https:\/\/roveyayinevi.com.tr\/index.php\/wp-json\/wp\/v2\/types\/product"}],"wp:attachment":[{"href":"https:\/\/roveyayinevi.com.tr\/index.php\/wp-json\/wp\/v2\/media?parent=717056"}],"wp:term":[{"taxonomy":"product_brand","embeddable":true,"href":"https:\/\/roveyayinevi.com.tr\/index.php\/wp-json\/wp\/v2\/product_brand?post=717056"},{"taxonomy":"product_cat","embeddable":true,"href":"https:\/\/roveyayinevi.com.tr\/index.php\/wp-json\/wp\/v2\/product_cat?post=717056"},{"taxonomy":"product_tag","embeddable":true,"href":"https:\/\/roveyayinevi.com.tr\/index.php\/wp-json\/wp\/v2\/product_tag?post=717056"}],"curies":[{"name":"wp","href":"https:\/\/api.w.org\/{rel}","templated":true}]}}