{"id":717055,"date":"2025-08-27T17:51:05","date_gmt":"2025-08-27T14:51:05","guid":{"rendered":"https:\/\/roveyayinevi.com.tr\/index.php\/urun\/her-persembe-saat-4te\/"},"modified":"2026-04-03T02:31:32","modified_gmt":"2026-04-02T23:31:32","slug":"her-persembe-saat-4te","status":"publish","type":"product","link":"https:\/\/roveyayinevi.com.tr\/index.php\/urun\/her-persembe-saat-4te\/","title":{"rendered":"Her Per\u015fembe Saat 4&#8217;te"},"content":{"rendered":"<p>16 Kas\u0131m 1968\u2019de \u0130stanbul\u2019da do\u011fdu. F. M. V. \u00d6zel I\u015f\u0131k Lisesi ve Bo\u011fazi\u00e7i \u00dcniversitesi Psikolojik Dan\u0131\u015fmanl\u0131k b\u00f6l\u00fcm\u00fcnden mezun oldu. New York \u00dcniversitesi\u2019nde \u0130\u015fletme diploma program\u0131n\u0131 bitirdi. 1994 y\u0131l\u0131nda Cosmopolitan\u2019da yazmaya ba\u015flad\u0131. Bu arada Akt\u00fcel dergisi, Yeni Y\u00fczy\u0131l ve Sabah gazeteleri i\u00e7in izlenim ve gezi yaz\u0131lar\u0131 yazd\u0131, r\u00f6portajlar yapt\u0131. Ayn\u0131 zamanda iki sene boyunca Radyo 2019\u2019da \u201cK\u00f6\u015feba\u015f\u0131\u201d program\u0131n\u0131 haz\u0131rlay\u0131p sundu. 1996\u2019da kurulu\u015fuyla birlikte, haber muhabiri olarak NTV\u2019ye ge\u00e7ti. \u201cSesler ve Renkler\u201d, \u201cYolcu\u201d, \u201cHer Mevsim Bahar\u201d programlar\u0131n\u0131 haz\u0131rlad\u0131 ve sundu. 2001 y\u0131l\u0131nda CNN T\u00fcrk\u2019e ge\u00e7ti. 2014 y\u0131l\u0131na kadar, T\u00fcrkiye\u2019nin ve d\u00fcnyan\u0131n bir\u00e7ok k\u00f6\u015fesinden 1000\u2019den fazla gezi program\u0131 haz\u0131rlad\u0131 ve sundu. (\u201cHayat Gezince G\u00fczel\u201d, \u201cSahil G\u00fcnl\u00fc\u011f\u00fc\u201d, \u201cG\u00f6rmeniz Gereken 50 Yer\u201d). Bir sene g\u00fcnl\u00fck k\u00fclt\u00fcr sanat program\u0131 \u201cAfi\u015f\u201di sundu. Ayr\u0131ca \u00e7ok say\u0131da bayram \u00f6zel program\u0131, y\u0131lba\u015f\u0131 \u00f6zel program\u0131 sundu. Ayn\u0131 zamanda bir s\u00fcre CNN International\u2019\u0131n T\u00fcrkiye prod\u00fckt\u00f6rl\u00fc\u011f\u00fc ve muhabirli\u011fi g\u00f6revini y\u00fcr\u00fctt\u00fc. Atlanta\u2019daki CNN\u2019de defalarca e\u011fitim programlar\u0131na kat\u0131ld\u0131. University of Michigan\u2019\u0131n Knight-Wallace bursuyla bir y\u0131l AnnArbor\u2019da ya\u015fad\u0131. T\u00fcrkiye hakk\u0131nda \u00e7ok say\u0131da konferans verdi, Ortado\u011fu politikas\u0131 ve Frans\u0131z edebiyat\u0131 dersleri ald\u0131. Milliyet gazetesinde uzun y\u0131llar gezi yaz\u0131lar\u0131 ve r\u00f6portajlar\u0131 yay\u0131mland\u0131.    2015 y\u0131l\u0131nda \u0130z TV\u2019de bir sohbet program\u0131 haz\u0131rlay\u0131p sundu. Ayn\u0131 sene Chicago Northwestern \u00dcniversitesi\u2019ne konuk akademisyen olarak kabul edildi. \u015eu anda Amerika ve T\u00fcrkiye\u2019de ya\u015f\u0131yor. Medya ile ili\u015fkiler ve pozitif psikoloji seminerleri veriyor, konu\u015fmalar yap\u0131yor. \u00d6zel gecelerde, \u00f6d\u00fcl t\u00f6renlerinde, \u015firket kutlamalar\u0131nda sunuculuk yap\u0131yor. Dergilere zaman zaman yaz\u0131lar yaz\u0131yor.   Bas\u0131l\u0131 kitaplar\u0131: \u00dc\u00e7 Kuru\u015f Fazla Olsun, K\u0131rm\u0131z\u0131 Olsun (an\u0131-hik\u00e2ye, Epsilon Yay\u0131nevi, 2002), Amerikan R\u00fcyas\u0131 Tabirleri (an\u0131-hik\u00e2ye, Epsilon Yay\u0131nevi, 2005), T\u00fcrkiye\u2019de G\u00f6r\u00fclmesi Gereken 101 Yer (gezi, Saffet Emre Tongu\u00e7 ile birlikte, Boyut Yay\u0131nc\u0131l\u0131k, 2007), 101 MustSeePlaces in Turkey (gezi, Saffet Emre Tongu\u00e7 ile birlikte, Boyut Yay\u0131nc\u0131l\u0131k 2008), Hayat Gezince G\u00fczel Sahilde (gezi, \u0130nk\u0131l\u00e2p Kitabevi, 2013). <\/p>\n","protected":false},"excerpt":{"rendered":"<p>16 Kas\u0131m 1968\u2019de \u0130stanbul\u2019da do\u011fdu. F. M. V. \u00d6zel I\u015f\u0131k Lisesi ve Bo\u011fazi\u00e7i \u00dcniversitesi Psikolojik Dan\u0131\u015fmanl\u0131k b\u00f6l\u00fcm\u00fcnden mezun oldu. New York \u00dcniversitesi\u2019nde \u0130\u015fletme diploma program\u0131n\u0131 bitirdi.<span class=\"excerpt-hellip\"> [\u2026]<\/span><\/p>\n","protected":false},"featured_media":0,"template":"","meta":{"_monsterinsights_skip_tracking":false,"_monsterinsights_sitenote_active":false,"_monsterinsights_sitenote_note":"","_monsterinsights_sitenote_category":0},"product_brand":[],"product_cat":[12291,12711],"product_tag":[],"class_list":{"0":"post-717055","1":"product","2":"type-product","3":"status-publish","5":"product_cat-edebiyat","6":"product_cat-roman-oyku","7":"pa_cilt-ciltsiz","8":"pa_tur-kitap","9":"pa_yayinevi-inkilap-kitabevi","10":"pa_yazar-fatih-turkmenoglu","12":"first","13":"instock","14":"sale","15":"shipping-taxable","16":"purchasable","17":"product-type-simple"},"_links":{"self":[{"href":"https:\/\/roveyayinevi.com.tr\/index.php\/wp-json\/wp\/v2\/product\/717055","targetHints":{"allow":["GET"]}}],"collection":[{"href":"https:\/\/roveyayinevi.com.tr\/index.php\/wp-json\/wp\/v2\/product"}],"about":[{"href":"https:\/\/roveyayinevi.com.tr\/index.php\/wp-json\/wp\/v2\/types\/product"}],"wp:attachment":[{"href":"https:\/\/roveyayinevi.com.tr\/index.php\/wp-json\/wp\/v2\/media?parent=717055"}],"wp:term":[{"taxonomy":"product_brand","embeddable":true,"href":"https:\/\/roveyayinevi.com.tr\/index.php\/wp-json\/wp\/v2\/product_brand?post=717055"},{"taxonomy":"product_cat","embeddable":true,"href":"https:\/\/roveyayinevi.com.tr\/index.php\/wp-json\/wp\/v2\/product_cat?post=717055"},{"taxonomy":"product_tag","embeddable":true,"href":"https:\/\/roveyayinevi.com.tr\/index.php\/wp-json\/wp\/v2\/product_tag?post=717055"}],"curies":[{"name":"wp","href":"https:\/\/api.w.org\/{rel}","templated":true}]}}