{"id":717054,"date":"2025-08-27T17:51:04","date_gmt":"2025-08-27T14:51:04","guid":{"rendered":"https:\/\/roveyayinevi.com.tr\/index.php\/urun\/kuller\/"},"modified":"2026-04-16T02:25:08","modified_gmt":"2026-04-15T23:25:08","slug":"kuller","status":"publish","type":"product","link":"https:\/\/roveyayinevi.com.tr\/index.php\/urun\/kuller\/","title":{"rendered":"K\u00fcller"},"content":{"rendered":"<p>\u201cGen\u00e7lik d\u00f6neminde yazd\u0131\u011f\u0131 kitaplar\u0131 o y\u0131llarda yaz\u0131lm\u0131\u015f di\u011fer kitaplarla k\u0131yaslayacak olursak, Halide Nusret hem \u00fcslup a\u00e7\u0131s\u0131ndan hem de i\u00e7erik a\u00e7\u0131s\u0131ndan \u00e7ok \u00f6nde gelmesi gereken bir yazar.\u201d Selim \u0130leri \u201cEserin son sat\u0131r\u0131na vas\u0131l olmadan ka\u00e7 kere ve ka\u00e7 kere i\u00e7imden, Ya Rabbi, bu K\u00fcller\u2019de ne kadar ruh ate\u015fi ve ne kadar k\u0131z\u0131l his alevi var, dedim. Zira,K\u00fcller\u2019in mevzuu bir a\u015fk ve \u00e7\u0131lg\u0131n bir gayret-i \u00e2\u015fik\u00e2nedir.\u201d Cenap \u015eahabettin Halide Nusret Zorlutuna\u2019n\u0131n ilk roman\u0131 olan K\u00fcller, 1920\u2019li y\u0131llarda Beyrut &#8211; Roma aras\u0131nda gidip gelen mektuplarda itiraf edilmi\u015f k\u0131skan\u00e7l\u0131kla \u00f6r\u00fclm\u00fc\u015f hazin bir a\u015fk hik\u00e2yesini anlat\u0131r. Mutluluk i\u00e7in d\u00f6k\u00fclen g\u00f6zya\u015flar\u0131, k\u0131skan\u00e7l\u0131klar, ayr\u0131l\u0131klar derken y\u0131llar sonra an\u0131lardan geriye kalan k\u00fcller&#8230; <\/p>\n","protected":false},"excerpt":{"rendered":"<p>\u201cGen\u00e7lik d\u00f6neminde yazd\u0131\u011f\u0131 kitaplar\u0131 o y\u0131llarda yaz\u0131lm\u0131\u015f di\u011fer kitaplarla k\u0131yaslayacak olursak, Halide Nusret hem \u00fcslup a\u00e7\u0131s\u0131ndan hem de i\u00e7erik a\u00e7\u0131s\u0131ndan \u00e7ok \u00f6nde gelmesi gereken bir yazar.\u201d<span class=\"excerpt-hellip\"> [\u2026]<\/span><\/p>\n","protected":false},"featured_media":0,"template":"","meta":{"_monsterinsights_skip_tracking":false,"_monsterinsights_sitenote_active":false,"_monsterinsights_sitenote_note":"","_monsterinsights_sitenote_category":0},"product_brand":[],"product_cat":[12291,12711],"product_tag":[],"class_list":{"0":"post-717054","1":"product","2":"type-product","3":"status-publish","5":"product_cat-edebiyat","6":"product_cat-roman-oyku","7":"pa_cilt-ciltsiz","8":"pa_tur-kitap","9":"pa_yayinevi-panama-yayincilik","10":"pa_yazar-halide-nusret-zorlutuna","12":"first","13":"instock","14":"sale","15":"shipping-taxable","16":"purchasable","17":"product-type-simple"},"_links":{"self":[{"href":"https:\/\/roveyayinevi.com.tr\/index.php\/wp-json\/wp\/v2\/product\/717054","targetHints":{"allow":["GET"]}}],"collection":[{"href":"https:\/\/roveyayinevi.com.tr\/index.php\/wp-json\/wp\/v2\/product"}],"about":[{"href":"https:\/\/roveyayinevi.com.tr\/index.php\/wp-json\/wp\/v2\/types\/product"}],"wp:attachment":[{"href":"https:\/\/roveyayinevi.com.tr\/index.php\/wp-json\/wp\/v2\/media?parent=717054"}],"wp:term":[{"taxonomy":"product_brand","embeddable":true,"href":"https:\/\/roveyayinevi.com.tr\/index.php\/wp-json\/wp\/v2\/product_brand?post=717054"},{"taxonomy":"product_cat","embeddable":true,"href":"https:\/\/roveyayinevi.com.tr\/index.php\/wp-json\/wp\/v2\/product_cat?post=717054"},{"taxonomy":"product_tag","embeddable":true,"href":"https:\/\/roveyayinevi.com.tr\/index.php\/wp-json\/wp\/v2\/product_tag?post=717054"}],"curies":[{"name":"wp","href":"https:\/\/api.w.org\/{rel}","templated":true}]}}