{"id":717052,"date":"2025-08-27T17:51:03","date_gmt":"2025-08-27T14:51:03","guid":{"rendered":"https:\/\/roveyayinevi.com.tr\/index.php\/urun\/azizler-ve-alimler\/"},"modified":"2026-04-16T02:25:08","modified_gmt":"2026-04-15T23:25:08","slug":"azizler-ve-alimler","status":"publish","type":"product","link":"https:\/\/roveyayinevi.com.tr\/index.php\/urun\/azizler-ve-alimler\/","title":{"rendered":"Azizler ve Alimler"},"content":{"rendered":"<p>Kuramsal eserleriyle tan\u0131d\u0131\u011f\u0131m\u0131z Terry Eagleton bu kez azizler ve \u00e2limler, \u015fehitler ve deliler \u00fclkesi \u0130rlanda\u2019n\u0131n ba\u011fr\u0131nda, bilme iste\u011finin yaratt\u0131\u011f\u0131 metafizik ka\u015f\u0131nt\u0131n\u0131n \u0130ngiltere\u2019nin grisi ile \u0130rlanda\u2019n\u0131n ye\u015filine buland\u0131\u011f\u0131 bir romanla kar\u015f\u0131m\u0131zda. \u00dcstelik de kurgunun hayata galebe \u00e7ald\u0131\u011f\u0131, soru i\u015faretinin kur\u015fundan daha yak\u0131c\u0131 oldu\u011fu s\u0131ra d\u0131\u015f\u0131 bir kar\u015f\u0131la\u015fmay\u0131 anlat\u0131yor.  D\u00fcnyan\u0131n en \u00f6zg\u00fcn filozoflar\u0131ndan Ludwig Wittgenstein ve \u00fcnl\u00fc dilbilimci Nikolay Bahtin akademinin so\u011fuk koridorlar\u0131ndan bir k\u0131r evine ka\u00e7t\u0131\u011f\u0131nda, \u0130rlanda ba\u011f\u0131ms\u0131zl\u0131k hareketinin \u00f6nderlerinden James Connolly\u2019nin bir \u00e7at\u0131\u015fmadan yaral\u0131 halde kurtulup yanlar\u0131na s\u0131\u011f\u0131nabilece\u011fi ak\u0131llar\u0131n\u0131n ucundan ge\u00e7er miydi? Peki, Leopold Bloom\u2019un bir gece vakti Ulysses\u2019ten f\u0131rlay\u0131p aralar\u0131na kat\u0131laca\u011f\u0131? Bu muhte\u015fem d\u00f6rtl\u00fc, k\u0131sa s\u00fcre i\u00e7inde hayat, devrim, \u015fiddet, ak\u0131l, din, ulus ve kimlik \u00fczerine hararetli bir tart\u0131\u015fmaya tutu\u015fur ve herkes ete\u011findeki ta\u015flar\u0131 d\u00f6kmeye ba\u015flar. Kalemle k\u0131l\u0131c\u0131n d\u00fcellosunu kahkahan\u0131n imbi\u011finden aktaran modern bir klasik&#8230; <\/p>\n","protected":false},"excerpt":{"rendered":"<p>Kuramsal eserleriyle tan\u0131d\u0131\u011f\u0131m\u0131z Terry Eagleton bu kez azizler ve \u00e2limler, \u015fehitler ve deliler \u00fclkesi \u0130rlanda\u2019n\u0131n ba\u011fr\u0131nda, bilme iste\u011finin yaratt\u0131\u011f\u0131 metafizik ka\u015f\u0131nt\u0131n\u0131n \u0130ngiltere\u2019nin grisi ile \u0130rlanda\u2019n\u0131n ye\u015filine<span class=\"excerpt-hellip\"> [\u2026]<\/span><\/p>\n","protected":false},"featured_media":0,"template":"","meta":{"_monsterinsights_skip_tracking":false,"_monsterinsights_sitenote_active":false,"_monsterinsights_sitenote_note":"","_monsterinsights_sitenote_category":0},"product_brand":[],"product_cat":[12291,12711],"product_tag":[],"class_list":{"0":"post-717052","1":"product","2":"type-product","3":"status-publish","5":"product_cat-edebiyat","6":"product_cat-roman-oyku","7":"pa_cilt-ciltsiz","8":"pa_tur-kitap","9":"pa_yayinevi-sel-yayincilik","10":"pa_yazar-terry-eagleton","12":"first","13":"instock","14":"sale","15":"shipping-taxable","16":"purchasable","17":"product-type-simple"},"_links":{"self":[{"href":"https:\/\/roveyayinevi.com.tr\/index.php\/wp-json\/wp\/v2\/product\/717052","targetHints":{"allow":["GET"]}}],"collection":[{"href":"https:\/\/roveyayinevi.com.tr\/index.php\/wp-json\/wp\/v2\/product"}],"about":[{"href":"https:\/\/roveyayinevi.com.tr\/index.php\/wp-json\/wp\/v2\/types\/product"}],"wp:attachment":[{"href":"https:\/\/roveyayinevi.com.tr\/index.php\/wp-json\/wp\/v2\/media?parent=717052"}],"wp:term":[{"taxonomy":"product_brand","embeddable":true,"href":"https:\/\/roveyayinevi.com.tr\/index.php\/wp-json\/wp\/v2\/product_brand?post=717052"},{"taxonomy":"product_cat","embeddable":true,"href":"https:\/\/roveyayinevi.com.tr\/index.php\/wp-json\/wp\/v2\/product_cat?post=717052"},{"taxonomy":"product_tag","embeddable":true,"href":"https:\/\/roveyayinevi.com.tr\/index.php\/wp-json\/wp\/v2\/product_tag?post=717052"}],"curies":[{"name":"wp","href":"https:\/\/api.w.org\/{rel}","templated":true}]}}